{"id":6971,"date":"2024-01-08T11:09:22","date_gmt":"2024-01-08T11:09:22","guid":{"rendered":"https:\/\/excellentcork.com\/?page_id=6971"},"modified":"2024-05-03T10:52:26","modified_gmt":"2024-05-03T10:52:26","slug":"legal-warning","status":"publish","type":"page","link":"https:\/\/www.excellentcork.com\/en\/legal-warning\/","title":{"rendered":"LEGAL WARNING:"},"content":{"rendered":"\t\t<div data-elementor-type=\"wp-page\" data-elementor-id=\"6971\" class=\"elementor elementor-6971 elementor-2854\" data-elementor-post-type=\"page\">\n\t\t\t\t\t\t<section class=\"elementor-section elementor-top-section elementor-element elementor-element-397e49cf elementor-section-boxed elementor-section-height-default elementor-section-height-default\" data-id=\"397e49cf\" data-element_type=\"section\" data-e-type=\"section\">\n\t\t\t\t\t\t<div class=\"elementor-container elementor-column-gap-default\">\n\t\t\t\t\t<div class=\"elementor-column elementor-col-100 elementor-top-column elementor-element elementor-element-4369ba10\" data-id=\"4369ba10\" data-element_type=\"column\" data-e-type=\"column\">\n\t\t\t<div class=\"elementor-widget-wrap elementor-element-populated\">\n\t\t\t\t\t\t<div class=\"elementor-element elementor-element-5bda957 elementor-widget elementor-widget-text-editor\" data-id=\"5bda957\" data-element_type=\"widget\" data-e-type=\"widget\" data-widget_type=\"text-editor.default\">\n\t\t\t\t<div class=\"elementor-widget-container\">\n\t\t\t\t\t\t\t\t\t<h3><strong>AVISO LEGAL:<\/strong><\/h3><p><strong>\u00a0<\/strong><\/p><p>El responsable de esta p\u00e1gina web es: EXCELLENT CORK S.L., sociedad inscrita en el Registro Mercantil de Alicante tomo 2991 folio 99 hoja n\u00baA-95523 ,inscripci\u00f3n 1\u00aa , con C.I.F. B54057344 y domicilio social en C\/Cuenca, 5,03440, Ibi (ALICANTE).<\/p><p>Tambi\u00e9n puedes contactar con nosotros a trav\u00e9s del n\u00famero de tel\u00e9fono N\u00ba 965550976 (tel\u00e9fono) o a trav\u00e9s de la siguiente direcci\u00f3n de e-mail: <a href=\"mailto:info@excellentcork.com\">info@excellentcork.com<\/a> (e-mail o enlace a formulario de contacto).<\/p><h3><strong>Propiedad Intelectual e Industrial<\/strong><\/h3><p>El dise\u00f1o de este sitio web y sus c\u00f3digos fuente, as\u00ed como los logos, marcas y dem\u00e1s signos distintivos que aparecen en el mismo pertenecen a EXCELLENT CORK S.L. y est\u00e1n protegidos por los correspondientes derechos de propiedad intelectual e industrial.<\/p><h3><strong>Responsabilidad de los contenidos<\/strong><\/h3><p>EXCELLENT CORK S.L. no se hace responsable de la legalidad de otros sitios web de terceros desde los que pueda accederse a esta web. EXCELLENT CORK S.L. tampoco responde por la legalidad de otros sitios web de terceros, que pudieran estar vinculados o enlazados desde esta web.<\/p><p>EXCELLENT CORK S.L. se reserva el derecho a realizar cambios en el sitio web sin previo aviso, al objeto de mantener actualizada su informaci\u00f3n, a\u00f1adiendo, modificando, corrigiendo o eliminando los contenidos publicados o el dise\u00f1o del portal.<\/p><p>EXCELLENT CORK S.L. no ser\u00e1 responsable del uso que terceros hagan de la informaci\u00f3n publicada en el portal, ni tampoco de los da\u00f1os sufridos o p\u00e9rdidas econ\u00f3micas que, de forma directa o indirecta, produzcan o puedan producir perjuicios econ\u00f3micos, materiales o sobre datos, provocados por el uso de dicha informaci\u00f3n.<\/p><h3><strong>Reproducci\u00f3n de contenidos<\/strong><\/h3><p>Se proh\u00edbe la reproducci\u00f3n total o parcial de los contenidos publicados en esta web sin la autorizaci\u00f3n previa y por escrito de EXCELLENT CORK S.L.\u00a0<\/p><p>Registro Mercantil de Alicante, folio 99 del tomo 2991, hoja n\u00baA-95523,<br \/>Inscripci\u00f3n 1\u00aa<\/p><p>Toda la informaci\u00f3n relativa a privacidad, la tienes en nuestra <a href=\"https:\/\/www.excellentcork.com\/politica-de-privacidad\/\">Pol\u00edtica de Privacidad.<\/a><\/p>\t\t\t\t\t\t\t\t<\/div>\n\t\t\t\t<\/div>\n\t\t\t\t\t<\/div>\n\t\t<\/div>\n\t\t\t\t\t<\/div>\n\t\t<\/section>\n\t\t\t\t<\/div>\n\t\t","protected":false},"excerpt":{"rendered":"<p>LEGAL WARNING: The person responsible for this website is: EXCELLENT CORK S.L., a company registered in the Commercial Registry of Alicante, volume 2991, folio 99, page<span class=\"excerpt-hellip\"> [\u2026]<\/span><\/p>\n","protected":false},"author":1,"featured_media":0,"parent":0,"menu_order":0,"comment_status":"closed","ping_status":"open","template":"elementor_header_footer","meta":{"footnotes":""},"class_list":["post-6971","page","type-page","status-publish","hentry"],"_links":{"self":[{"href":"https:\/\/www.excellentcork.com\/en\/wp-json\/wp\/v2\/pages\/6971","targetHints":{"allow":["GET"]}}],"collection":[{"href":"https:\/\/www.excellentcork.com\/en\/wp-json\/wp\/v2\/pages"}],"about":[{"href":"https:\/\/www.excellentcork.com\/en\/wp-json\/wp\/v2\/types\/page"}],"author":[{"embeddable":true,"href":"https:\/\/www.excellentcork.com\/en\/wp-json\/wp\/v2\/users\/1"}],"replies":[{"embeddable":true,"href":"https:\/\/www.excellentcork.com\/en\/wp-json\/wp\/v2\/comments?post=6971"}],"version-history":[{"count":1,"href":"https:\/\/www.excellentcork.com\/en\/wp-json\/wp\/v2\/pages\/6971\/revisions"}],"predecessor-version":[{"id":6973,"href":"https:\/\/www.excellentcork.com\/en\/wp-json\/wp\/v2\/pages\/6971\/revisions\/6973"}],"wp:attachment":[{"href":"https:\/\/www.excellentcork.com\/en\/wp-json\/wp\/v2\/media?parent=6971"}],"curies":[{"name":"wp","href":"https:\/\/api.w.org\/{rel}","templated":true}]}}