{"id":4791,"date":"2022-06-22T13:55:43","date_gmt":"2022-06-22T13:55:43","guid":{"rendered":"https:\/\/excellentcork.com\/?page_id=4791"},"modified":"2025-08-28T09:29:28","modified_gmt":"2025-08-28T09:29:28","slug":"qualite","status":"publish","type":"page","link":"https:\/\/www.excellentcork.com\/fr\/qualite\/","title":{"rendered":"Qualit\u00e9"},"content":{"rendered":"\t\t<div data-elementor-type=\"wp-page\" data-elementor-id=\"4791\" class=\"elementor elementor-4791 elementor-1418\" data-elementor-post-type=\"page\">\n\t\t\t\t\t\t<section class=\"elementor-section elementor-top-section elementor-element elementor-element-0a68df4 elementor-section-stretched elementor-section-height-min-height elementor-section-boxed elementor-section-height-default elementor-section-items-middle\" data-id=\"0a68df4\" data-element_type=\"section\" data-e-type=\"section\" data-settings=\"{&quot;stretch_section&quot;:&quot;section-stretched&quot;,&quot;background_background&quot;:&quot;classic&quot;}\">\n\t\t\t\t\t\t\t<div class=\"elementor-background-overlay\"><\/div>\n\t\t\t\t\t\t\t<div class=\"elementor-container elementor-column-gap-wide\">\n\t\t\t\t\t<div class=\"elementor-column elementor-col-100 elementor-top-column elementor-element elementor-element-250ac05\" data-id=\"250ac05\" data-element_type=\"column\" data-e-type=\"column\">\n\t\t\t<div class=\"elementor-widget-wrap elementor-element-populated\">\n\t\t\t\t\t\t<div class=\"elementor-element elementor-element-e1152b8 elementor-widget elementor-widget-heading\" data-id=\"e1152b8\" data-element_type=\"widget\" data-e-type=\"widget\" data-widget_type=\"heading.default\">\n\t\t\t\t<div class=\"elementor-widget-container\">\n\t\t\t\t\t<h1 class=\"elementor-heading-title elementor-size-default\">\nLa qualit\u00e9 est la <br> satisfaction totale <br> de nos clients<\/h1>\t\t\t\t<\/div>\n\t\t\t\t<\/div>\n\t\t\t\t\t<\/div>\n\t\t<\/div>\n\t\t\t\t\t<\/div>\n\t\t<\/section>\n\t\t\t\t<section class=\"elementor-section elementor-top-section elementor-element elementor-element-a496059 elementor-section-stretched elementor-section-full_width elementor-section-height-min-height elementor-section-height-default elementor-section-items-middle\" data-id=\"a496059\" data-element_type=\"section\" data-e-type=\"section\" data-settings=\"{&quot;stretch_section&quot;:&quot;section-stretched&quot;,&quot;background_background&quot;:&quot;classic&quot;}\">\n\t\t\t\t\t\t\t<div class=\"elementor-background-overlay\"><\/div>\n\t\t\t\t\t\t\t<div class=\"elementor-container elementor-column-gap-wider\">\n\t\t\t\t\t<div class=\"elementor-column elementor-col-100 elementor-top-column elementor-element elementor-element-3de4270\" data-id=\"3de4270\" data-element_type=\"column\" data-e-type=\"column\">\n\t\t\t<div class=\"elementor-widget-wrap elementor-element-populated\">\n\t\t\t\t\t\t<section class=\"elementor-section elementor-inner-section elementor-element elementor-element-d1363e9 elementor-section-boxed elementor-section-height-default elementor-section-height-default\" data-id=\"d1363e9\" data-element_type=\"section\" data-e-type=\"section\">\n\t\t\t\t\t\t<div class=\"elementor-container elementor-column-gap-default\">\n\t\t\t\t\t<div class=\"elementor-column elementor-col-100 elementor-inner-column elementor-element elementor-element-7537df3\" data-id=\"7537df3\" data-element_type=\"column\" data-e-type=\"column\">\n\t\t\t<div class=\"elementor-widget-wrap elementor-element-populated\">\n\t\t\t\t\t\t<div class=\"elementor-element elementor-element-747087a elementor-widget elementor-widget-text-editor\" data-id=\"747087a\" data-element_type=\"widget\" data-e-type=\"widget\" data-widget_type=\"text-editor.default\">\n\t\t\t\t<div class=\"elementor-widget-container\">\n\t\t\t\t\t\t\t\t\t<p><strong>Qualit\u00e9<\/strong><\/p>\t\t\t\t\t\t\t\t<\/div>\n\t\t\t\t<\/div>\n\t\t\t\t<div class=\"elementor-element elementor-element-af51875 elementor-widget elementor-widget-text-editor\" data-id=\"af51875\" data-element_type=\"widget\" data-e-type=\"widget\" data-widget_type=\"text-editor.default\">\n\t\t\t\t<div class=\"elementor-widget-container\">\n\t\t\t\t\t\t\t\t\t<p><span style=\"color: #000000;\">Nous sommes certifi\u00e9s ISO 9001\/2015 depuis 2007 par la soci\u00e9t\u00e9 TUV. En 2016, Excellent Cork a obtenu la certification de la norme BRC Packaging relative \u00e0 la s\u00e9curit\u00e9 alimentaire, certification qui lui fut renouvel\u00e9e chaque ann\u00e9e avec des notes \u00e9lev\u00e9es. Ces certifications attestent que notre syst\u00e8me de travail et nos produits offrent une garantie et s\u00e9curit\u00e9 maximales \u00e0 nos clients et aux consommateurs finaux.<\/span><\/p><p><span style=\"color: #000000;\">Nous sommes associ\u00e9s et travaillons en collaboration avec des instituts technologiques renomm\u00e9s, au sein desquels nous effectuons tous les essais n\u00e9cessaires pour garantir le respect de la r\u00e9glementation en vigueur et pour d\u00e9velopper de nouveaux produits cr\u00e9\u00e9s par notre service R&amp;D&amp;i\u00a0:<\/span><\/p><p><span style=\"color: #000000;\">\u2013Aimplast\u00a0: Institut technologique du plastique, particuli\u00e8rement exp\u00e9riment\u00e9 dans la conservation des aliments, les \u00e9tapes de l\u2019oxyg\u00e8ne, etc.<\/span><\/p><p><span style=\"color: #000000;\">\u2013AIJU\u00a0: Institut sp\u00e9cialis\u00e9 dans la certification de mat\u00e9riaux pour la fabrication de jouets dont les r\u00e9glementations sont plus strictes que celles appliqu\u00e9es dans le secteur de l\u2019alimentation.<\/span><\/p>\t\t\t\t\t\t\t\t<\/div>\n\t\t\t\t<\/div>\n\t\t\t\t\t<\/div>\n\t\t<\/div>\n\t\t\t\t\t<\/div>\n\t\t<\/section>\n\t\t\t\t<section class=\"elementor-section elementor-inner-section elementor-element elementor-element-f721616 elementor-section-boxed elementor-section-height-default elementor-section-height-default\" data-id=\"f721616\" data-element_type=\"section\" data-e-type=\"section\" data-settings=\"{&quot;background_background&quot;:&quot;classic&quot;}\">\n\t\t\t\t\t\t\t<div class=\"elementor-background-overlay\"><\/div>\n\t\t\t\t\t\t\t<div class=\"elementor-container elementor-column-gap-default\">\n\t\t\t\t\t<div class=\"elementor-column elementor-col-50 elementor-inner-column elementor-element elementor-element-cd60303\" data-id=\"cd60303\" data-element_type=\"column\" data-e-type=\"column\">\n\t\t\t<div class=\"elementor-widget-wrap elementor-element-populated\">\n\t\t\t\t\t\t<div class=\"elementor-element elementor-element-e8da408 elementor-widget elementor-widget-text-editor\" data-id=\"e8da408\" data-element_type=\"widget\" data-e-type=\"widget\" data-widget_type=\"text-editor.default\">\n\t\t\t\t<div class=\"elementor-widget-container\">\n\t\t\t\t\t\t\t\t\t<p><span style=\"color: #000000;\">CERTIFICATIONS PAR <\/span><br \/><span style=\"color: #000000;\">LES ORGANISMES <\/span><br \/><span style=\"color: #000000;\">LES PLUS RIGOUREUX<\/span><\/p>\t\t\t\t\t\t\t\t<\/div>\n\t\t\t\t<\/div>\n\t\t\t\t\t<\/div>\n\t\t<\/div>\n\t\t\t\t<div class=\"elementor-column elementor-col-50 elementor-inner-column elementor-element elementor-element-d90b2a0\" data-id=\"d90b2a0\" data-element_type=\"column\" data-e-type=\"column\">\n\t\t\t<div class=\"elementor-widget-wrap elementor-element-populated\">\n\t\t\t\t\t\t<div class=\"elementor-element elementor-element-a056f88 elementor-widget elementor-widget-image\" data-id=\"a056f88\" data-element_type=\"widget\" data-e-type=\"widget\" data-widget_type=\"image.default\">\n\t\t\t\t<div class=\"elementor-widget-container\">\n\t\t\t\t\t\t\t\t\t\t\t\t\t\t\t<img fetchpriority=\"high\" decoding=\"async\" width=\"1024\" height=\"497\" src=\"https:\/\/www.excellentcork.com\/wp-content\/uploads\/2022\/05\/excellentlogos1Mesa-de-trabajo-1-1024x497.jpg\" class=\"attachment-large size-large wp-image-3757\" alt=\"\" srcset=\"https:\/\/www.excellentcork.com\/wp-content\/uploads\/2022\/05\/excellentlogos1Mesa-de-trabajo-1-1024x497.jpg 1024w, https:\/\/www.excellentcork.com\/wp-content\/uploads\/2022\/05\/excellentlogos1Mesa-de-trabajo-1-800x388.jpg 800w, https:\/\/www.excellentcork.com\/wp-content\/uploads\/2022\/05\/excellentlogos1Mesa-de-trabajo-1-300x146.jpg 300w, https:\/\/www.excellentcork.com\/wp-content\/uploads\/2022\/05\/excellentlogos1Mesa-de-trabajo-1-768x373.jpg 768w, https:\/\/www.excellentcork.com\/wp-content\/uploads\/2022\/05\/excellentlogos1Mesa-de-trabajo-1-1536x746.jpg 1536w, https:\/\/www.excellentcork.com\/wp-content\/uploads\/2022\/05\/excellentlogos1Mesa-de-trabajo-1-260x126.jpg 260w, https:\/\/www.excellentcork.com\/wp-content\/uploads\/2022\/05\/excellentlogos1Mesa-de-trabajo-1-50x24.jpg 50w, https:\/\/www.excellentcork.com\/wp-content\/uploads\/2022\/05\/excellentlogos1Mesa-de-trabajo-1-150x73.jpg 150w, https:\/\/www.excellentcork.com\/wp-content\/uploads\/2022\/05\/excellentlogos1Mesa-de-trabajo-1-600x291.jpg 600w, https:\/\/www.excellentcork.com\/wp-content\/uploads\/2022\/05\/excellentlogos1Mesa-de-trabajo-1.jpg 1899w\" sizes=\"(max-width:767px) 480px, (max-width:1024px) 100vw, 1024px\" \/>\t\t\t\t\t\t\t\t\t\t\t\t\t\t\t<\/div>\n\t\t\t\t<\/div>\n\t\t\t\t\t<\/div>\n\t\t<\/div>\n\t\t\t\t\t<\/div>\n\t\t<\/section>\n\t\t\t\t<section class=\"elementor-section elementor-inner-section elementor-element elementor-element-02836be elementor-section-boxed elementor-section-height-default elementor-section-height-default\" data-id=\"02836be\" data-element_type=\"section\" data-e-type=\"section\">\n\t\t\t\t\t\t<div class=\"elementor-container elementor-column-gap-default\">\n\t\t\t\t\t<div class=\"elementor-column elementor-col-33 elementor-inner-column elementor-element elementor-element-65f5ce0\" data-id=\"65f5ce0\" data-element_type=\"column\" data-e-type=\"column\">\n\t\t\t<div class=\"elementor-widget-wrap elementor-element-populated\">\n\t\t\t\t\t\t<div class=\"elementor-element elementor-element-7d59b63 elementor-align-center elementor-widget elementor-widget-button\" data-id=\"7d59b63\" data-element_type=\"widget\" data-e-type=\"widget\" data-widget_type=\"button.default\">\n\t\t\t\t<div class=\"elementor-widget-container\">\n\t\t\t\t\t\t\t\t\t<div class=\"elementor-button-wrapper\">\n\t\t\t\t\t<a class=\"elementor-button elementor-button-link elementor-size-sm\" href=\"https:\/\/www.excellentcork.com\/wp-content\/uploads\/2025\/08\/01-184-1616951_Main_EN.pdf\" target=\"_blank\">\n\t\t\t\t\t\t<span class=\"elementor-button-content-wrapper\">\n\t\t\t\t\t\t\t\t\t<span class=\"elementor-button-text\">Certification BRC <\/span>\n\t\t\t\t\t<\/span>\n\t\t\t\t\t<\/a>\n\t\t\t\t<\/div>\n\t\t\t\t\t\t\t\t<\/div>\n\t\t\t\t<\/div>\n\t\t\t\t\t<\/div>\n\t\t<\/div>\n\t\t\t\t<div class=\"elementor-column elementor-col-33 elementor-inner-column elementor-element elementor-element-502ad84\" data-id=\"502ad84\" data-element_type=\"column\" data-e-type=\"column\">\n\t\t\t<div class=\"elementor-widget-wrap elementor-element-populated\">\n\t\t\t\t\t\t<div class=\"elementor-element elementor-element-93782e5 elementor-align-center elementor-widget elementor-widget-button\" data-id=\"93782e5\" data-element_type=\"widget\" data-e-type=\"widget\" data-widget_type=\"button.default\">\n\t\t\t\t<div class=\"elementor-widget-container\">\n\t\t\t\t\t\t\t\t\t<div class=\"elementor-button-wrapper\">\n\t\t\t\t\t<a class=\"elementor-button elementor-button-link elementor-size-sm\" href=\"https:\/\/www.excellentcork.com\/wp-content\/uploads\/2025\/04\/ISO-CERTIFICATE.pdf\" target=\"_blank\">\n\t\t\t\t\t\t<span class=\"elementor-button-content-wrapper\">\n\t\t\t\t\t\t\t\t\t<span class=\"elementor-button-text\">Certification ISO 9001:2015<\/span>\n\t\t\t\t\t<\/span>\n\t\t\t\t\t<\/a>\n\t\t\t\t<\/div>\n\t\t\t\t\t\t\t\t<\/div>\n\t\t\t\t<\/div>\n\t\t\t\t\t<\/div>\n\t\t<\/div>\n\t\t\t\t<div class=\"elementor-column elementor-col-33 elementor-inner-column elementor-element elementor-element-d905995\" data-id=\"d905995\" data-element_type=\"column\" data-e-type=\"column\">\n\t\t\t<div class=\"elementor-widget-wrap elementor-element-populated\">\n\t\t\t\t\t\t<div class=\"elementor-element elementor-element-bace687 elementor-align-center elementor-widget elementor-widget-button\" data-id=\"bace687\" data-element_type=\"widget\" data-e-type=\"widget\" data-widget_type=\"button.default\">\n\t\t\t\t<div class=\"elementor-widget-container\">\n\t\t\t\t\t\t\t\t\t<div class=\"elementor-button-wrapper\">\n\t\t\t\t\t<a class=\"elementor-button elementor-button-link elementor-size-sm\" href=\"https:\/\/www.excellentcork.com\/wp-content\/uploads\/2025\/03\/politica-calidad-y-seguridad-alimentaria.pdf\" target=\"_blank\">\n\t\t\t\t\t\t<span class=\"elementor-button-content-wrapper\">\n\t\t\t\t\t\t\t\t\t<span class=\"elementor-button-text\">Politique de qualit\u00e9 et de s\u00e9curit\u00e9 alimentaire<\/span>\n\t\t\t\t\t<\/span>\n\t\t\t\t\t<\/a>\n\t\t\t\t<\/div>\n\t\t\t\t\t\t\t\t<\/div>\n\t\t\t\t<\/div>\n\t\t\t\t\t<\/div>\n\t\t<\/div>\n\t\t\t\t\t<\/div>\n\t\t<\/section>\n\t\t\t\t\t<\/div>\n\t\t<\/div>\n\t\t\t\t\t<\/div>\n\t\t<\/section>\n\t\t\t\t<section class=\"elementor-section elementor-top-section elementor-element elementor-element-ece93b5 elementor-section-stretched elementor-section-boxed elementor-section-height-default elementor-section-height-default\" data-id=\"ece93b5\" data-element_type=\"section\" data-e-type=\"section\" data-settings=\"{&quot;stretch_section&quot;:&quot;section-stretched&quot;,&quot;background_background&quot;:&quot;classic&quot;}\">\n\t\t\t\t\t\t\t<div class=\"elementor-background-overlay\"><\/div>\n\t\t\t\t\t\t\t<div class=\"elementor-container elementor-column-gap-wider\">\n\t\t\t\t\t<div class=\"elementor-column elementor-col-100 elementor-top-column elementor-element elementor-element-e2227dd\" data-id=\"e2227dd\" data-element_type=\"column\" data-e-type=\"column\">\n\t\t\t<div class=\"elementor-widget-wrap elementor-element-populated\">\n\t\t\t\t\t\t<div class=\"elementor-element elementor-element-45922df elementor-widget elementor-widget-heading\" data-id=\"45922df\" data-element_type=\"widget\" data-e-type=\"widget\" data-widget_type=\"heading.default\">\n\t\t\t\t<div class=\"elementor-widget-container\">\n\t\t\t\t\t<h2 class=\"elementor-heading-title elementor-size-default\">DANS LA COURSE \u00c0 LA QUALIT\u00c9,<br> IL N\u2019EXISTE AUCUNE LIGNE <br>D\u2019ARRIV\u00c9E.<\/h2>\t\t\t\t<\/div>\n\t\t\t\t<\/div>\n\t\t\t\t\t<\/div>\n\t\t<\/div>\n\t\t\t\t\t<\/div>\n\t\t<\/section>\n\t\t\t\t<section class=\"elementor-section elementor-top-section elementor-element elementor-element-86d292b elementor-section-boxed elementor-section-height-default elementor-section-height-default\" data-id=\"86d292b\" data-element_type=\"section\" data-e-type=\"section\">\n\t\t\t\t\t\t<div class=\"elementor-container elementor-column-gap-default\">\n\t\t\t\t\t<div class=\"elementor-column elementor-col-100 elementor-top-column elementor-element elementor-element-9f5966a\" data-id=\"9f5966a\" data-element_type=\"column\" data-e-type=\"column\">\n\t\t\t<div class=\"elementor-widget-wrap\">\n\t\t\t\t\t\t\t<\/div>\n\t\t<\/div>\n\t\t\t\t\t<\/div>\n\t\t<\/section>\n\t\t\t\t<\/div>\n\t\t","protected":false},"excerpt":{"rendered":"<p>La qualit\u00e9 est la satisfaction totale de nos clients Qualit\u00e9 Nous sommes certifi\u00e9s ISO 9001\/2015 depuis 2007 par la soci\u00e9t\u00e9 TUV. En 2016, Excellent Cork a<span class=\"excerpt-hellip\"> [\u2026]<\/span><\/p>\n","protected":false},"author":1,"featured_media":0,"parent":0,"menu_order":0,"comment_status":"closed","ping_status":"closed","template":"elementor_header_footer","meta":{"footnotes":""},"class_list":["post-4791","page","type-page","status-publish","hentry"],"_links":{"self":[{"href":"https:\/\/www.excellentcork.com\/fr\/wp-json\/wp\/v2\/pages\/4791","targetHints":{"allow":["GET"]}}],"collection":[{"href":"https:\/\/www.excellentcork.com\/fr\/wp-json\/wp\/v2\/pages"}],"about":[{"href":"https:\/\/www.excellentcork.com\/fr\/wp-json\/wp\/v2\/types\/page"}],"author":[{"embeddable":true,"href":"https:\/\/www.excellentcork.com\/fr\/wp-json\/wp\/v2\/users\/1"}],"replies":[{"embeddable":true,"href":"https:\/\/www.excellentcork.com\/fr\/wp-json\/wp\/v2\/comments?post=4791"}],"version-history":[{"count":27,"href":"https:\/\/www.excellentcork.com\/fr\/wp-json\/wp\/v2\/pages\/4791\/revisions"}],"predecessor-version":[{"id":10355,"href":"https:\/\/www.excellentcork.com\/fr\/wp-json\/wp\/v2\/pages\/4791\/revisions\/10355"}],"wp:attachment":[{"href":"https:\/\/www.excellentcork.com\/fr\/wp-json\/wp\/v2\/media?parent=4791"}],"curies":[{"name":"wp","href":"https:\/\/api.w.org\/{rel}","templated":true}]}}