{"id":4933,"date":"2022-06-23T15:21:25","date_gmt":"2022-06-23T15:21:25","guid":{"rendered":"https:\/\/excellentcork.com\/?page_id=4933"},"modified":"2025-06-12T08:04:21","modified_gmt":"2025-06-12T08:04:21","slug":"technologie","status":"publish","type":"page","link":"https:\/\/www.excellentcork.com\/fr\/technologie\/","title":{"rendered":"Technologie"},"content":{"rendered":"\t\t<div data-elementor-type=\"wp-page\" data-elementor-id=\"4933\" class=\"elementor elementor-4933 elementor-610\" data-elementor-post-type=\"page\">\n\t\t\t\t\t\t<section class=\"elementor-section elementor-top-section elementor-element elementor-element-0a68df4 elementor-section-stretched elementor-section-height-min-height elementor-section-boxed elementor-section-height-default elementor-section-items-middle\" data-id=\"0a68df4\" data-element_type=\"section\" data-e-type=\"section\" data-settings=\"{&quot;stretch_section&quot;:&quot;section-stretched&quot;,&quot;background_background&quot;:&quot;classic&quot;}\">\n\t\t\t\t\t\t\t<div class=\"elementor-background-overlay\"><\/div>\n\t\t\t\t\t\t\t<div class=\"elementor-container elementor-column-gap-wide\">\n\t\t\t\t\t<div class=\"elementor-column elementor-col-100 elementor-top-column elementor-element elementor-element-250ac05\" data-id=\"250ac05\" data-element_type=\"column\" data-e-type=\"column\">\n\t\t\t<div class=\"elementor-widget-wrap elementor-element-populated\">\n\t\t\t\t\t\t<div class=\"elementor-element elementor-element-e1152b8 elementor-widget elementor-widget-heading\" data-id=\"e1152b8\" data-element_type=\"widget\" data-e-type=\"widget\" data-widget_type=\"heading.default\">\n\t\t\t\t<div class=\"elementor-widget-container\">\n\t\t\t\t\t<h1 class=\"elementor-heading-title elementor-size-default\">Nous utilisons la meilleure TECHNOLOGIE pour vous offrir les meilleurs R\u00c9SULTATS.<\/h1>\t\t\t\t<\/div>\n\t\t\t\t<\/div>\n\t\t\t\t<div class=\"elementor-element elementor-element-4b78229 elementor-widget elementor-widget-spacer\" data-id=\"4b78229\" data-element_type=\"widget\" data-e-type=\"widget\" data-widget_type=\"spacer.default\">\n\t\t\t\t<div class=\"elementor-widget-container\">\n\t\t\t\t\t\t\t<div class=\"elementor-spacer\">\n\t\t\t<div class=\"elementor-spacer-inner\"><\/div>\n\t\t<\/div>\n\t\t\t\t\t\t<\/div>\n\t\t\t\t<\/div>\n\t\t\t\t\t<\/div>\n\t\t<\/div>\n\t\t\t\t\t<\/div>\n\t\t<\/section>\n\t\t\t\t<section class=\"elementor-section elementor-top-section elementor-element elementor-element-ac7781e elementor-section-boxed elementor-section-height-default elementor-section-height-default\" data-id=\"ac7781e\" data-element_type=\"section\" data-e-type=\"section\">\n\t\t\t\t\t\t<div class=\"elementor-container elementor-column-gap-default\">\n\t\t\t\t\t<div class=\"elementor-column elementor-col-100 elementor-top-column elementor-element elementor-element-80b9089\" data-id=\"80b9089\" data-element_type=\"column\" data-e-type=\"column\">\n\t\t\t<div class=\"elementor-widget-wrap elementor-element-populated\">\n\t\t\t\t\t\t<div class=\"elementor-element elementor-element-e1f8e59 elementor-widget elementor-widget-text-editor\" data-id=\"e1f8e59\" data-element_type=\"widget\" data-e-type=\"widget\" data-widget_type=\"text-editor.default\">\n\t\t\t\t<div class=\"elementor-widget-container\">\n\t\t\t\t\t\t\t\t\t<p>Excellent Cork poss\u00e8de un plan d\u2019investissement continu pour les machines et les installations qui lui permet d\u2019avoir un parc de machines renouvel\u00e9es dernier cri et d\u2019une capacit\u00e9 de production de plus en plus grande. Ses installations ont \u00e9t\u00e9 renouvel\u00e9es et agrandies pour respecter les normes de qualit\u00e9 et de s\u00e9curit\u00e9 alimentaire les plus stricts pour lesquelles elle est certifi\u00e9e et pour respecter la l\u00e9gislation en vigueur.<\/p><p>L\u2019un des autres points \u00e0 souligner est le savoir-faire dans la fabrication de moules et l\u2019injection plastique, dont les connaissances acquises sont quotidiennement appliqu\u00e9es dans ses processus. Excellent Cork s\u2019est ainsi positionn\u00e9 comme le principal fabricant espagnol de bouchons synth\u00e9tiques pour vins, liqueurs et diffuseurs \u00e0 b\u00e2tonnets.<\/p>\t\t\t\t\t\t\t\t<\/div>\n\t\t\t\t<\/div>\n\t\t\t\t\t<\/div>\n\t\t<\/div>\n\t\t\t\t\t<\/div>\n\t\t<\/section>\n\t\t\t\t<section class=\"elementor-section elementor-top-section elementor-element elementor-element-5ea4e0a elementor-section-stretched elementor-section-content-middle elementor-section-boxed elementor-section-height-default elementor-section-height-default\" data-id=\"5ea4e0a\" data-element_type=\"section\" data-e-type=\"section\" data-settings=\"{&quot;stretch_section&quot;:&quot;section-stretched&quot;}\">\n\t\t\t\t\t\t<div class=\"elementor-container elementor-column-gap-wider\">\n\t\t\t\t\t<div class=\"elementor-column elementor-col-50 elementor-top-column elementor-element elementor-element-876099f\" data-id=\"876099f\" data-element_type=\"column\" data-e-type=\"column\">\n\t\t\t<div class=\"elementor-widget-wrap elementor-element-populated\">\n\t\t\t\t\t\t<div class=\"elementor-element elementor-element-4560d93 elementor-invisible elementor-widget elementor-widget-image\" data-id=\"4560d93\" data-element_type=\"widget\" data-e-type=\"widget\" data-settings=\"{&quot;_animation&quot;:&quot;zoomIn&quot;}\" data-widget_type=\"image.default\">\n\t\t\t\t<div class=\"elementor-widget-container\">\n\t\t\t\t\t\t\t\t\t\t\t\t\t\t\t<img fetchpriority=\"high\" decoding=\"async\" width=\"1000\" height=\"1000\" src=\"https:\/\/www.excellentcork.com\/wp-content\/uploads\/2022\/11\/FRANCES.png\" class=\"attachment-large size-large wp-image-5430\" alt=\"\" srcset=\"https:\/\/www.excellentcork.com\/wp-content\/uploads\/2022\/11\/FRANCES.png 1000w, https:\/\/www.excellentcork.com\/wp-content\/uploads\/2022\/11\/FRANCES-800x800.png 800w, https:\/\/www.excellentcork.com\/wp-content\/uploads\/2022\/11\/FRANCES-300x300.png 300w, https:\/\/www.excellentcork.com\/wp-content\/uploads\/2022\/11\/FRANCES-150x150.png 150w, https:\/\/www.excellentcork.com\/wp-content\/uploads\/2022\/11\/FRANCES-768x768.png 768w, https:\/\/www.excellentcork.com\/wp-content\/uploads\/2022\/11\/FRANCES-250x250.png 250w, https:\/\/www.excellentcork.com\/wp-content\/uploads\/2022\/11\/FRANCES-146x146.png 146w, https:\/\/www.excellentcork.com\/wp-content\/uploads\/2022\/11\/FRANCES-50x50.png 50w, https:\/\/www.excellentcork.com\/wp-content\/uploads\/2022\/11\/FRANCES-75x75.png 75w, https:\/\/www.excellentcork.com\/wp-content\/uploads\/2022\/11\/FRANCES-85x85.png 85w, https:\/\/www.excellentcork.com\/wp-content\/uploads\/2022\/11\/FRANCES-80x80.png 80w, https:\/\/www.excellentcork.com\/wp-content\/uploads\/2022\/11\/FRANCES-600x600.png 600w\" sizes=\"(max-width:767px) 480px, (max-width:1000px) 100vw, 1000px\" \/>\t\t\t\t\t\t\t\t\t\t\t\t\t\t\t<\/div>\n\t\t\t\t<\/div>\n\t\t\t\t\t<\/div>\n\t\t<\/div>\n\t\t\t\t<div class=\"elementor-column elementor-col-50 elementor-top-column elementor-element elementor-element-df72063\" data-id=\"df72063\" data-element_type=\"column\" data-e-type=\"column\">\n\t\t\t<div class=\"elementor-widget-wrap elementor-element-populated\">\n\t\t\t\t\t\t<div class=\"elementor-element elementor-element-e673b6f elementor-widget elementor-widget-text-editor\" data-id=\"e673b6f\" data-element_type=\"widget\" data-e-type=\"widget\" data-widget_type=\"text-editor.default\">\n\t\t\t\t<div class=\"elementor-widget-container\">\n\t\t\t\t\t\t\t\t\t<p>Des projets sur mesure allant de la conception du moule \u00e0 la fabrication du bouchon.<\/p>\t\t\t\t\t\t\t\t<\/div>\n\t\t\t\t<\/div>\n\t\t\t\t<div class=\"elementor-element elementor-element-4973121 elementor-widget elementor-widget-text-editor\" data-id=\"4973121\" data-element_type=\"widget\" data-e-type=\"widget\" data-widget_type=\"text-editor.default\">\n\t\t\t\t<div class=\"elementor-widget-container\">\n\t\t\t\t\t\t\t\t\t<div class=\"contenido\"><div class=\"texto\"><p>Des projets sur mesure allant de la conception du moule \u00e0 la fabrication du bouchon.<\/p><p>Nous sommes une entreprise 360. Gr\u00e2ce \u00e0 notre PROCESSUS 360, vous ne perdrez pas de temps dans les gestions et vous n\u2019aurez pas \u00e0 vous soucier des probl\u00e8mes qui pourraient survenir au cours du processus.<\/p><p>Notre processus est con\u00e7u pour :<\/p><\/div><\/div>\t\t\t\t\t\t\t\t<\/div>\n\t\t\t\t<\/div>\n\t\t\t\t<section class=\"elementor-section elementor-inner-section elementor-element elementor-element-96f6875 elementor-section-boxed elementor-section-height-default elementor-section-height-default\" data-id=\"96f6875\" data-element_type=\"section\" data-e-type=\"section\">\n\t\t\t\t\t\t<div class=\"elementor-container elementor-column-gap-default\">\n\t\t\t\t\t<div class=\"elementor-column elementor-col-100 elementor-inner-column elementor-element elementor-element-1766e6c\" data-id=\"1766e6c\" data-element_type=\"column\" data-e-type=\"column\">\n\t\t\t<div class=\"elementor-widget-wrap elementor-element-populated\">\n\t\t\t\t\t\t<div class=\"elementor-element elementor-element-f8e2efb elementor-widget elementor-widget-text-editor\" data-id=\"f8e2efb\" data-element_type=\"widget\" data-e-type=\"widget\" data-widget_type=\"text-editor.default\">\n\t\t\t\t<div class=\"elementor-widget-container\">\n\t\t\t\t\t\t\t\t\t<div class=\"contenido\"><div class=\"texto\"><ul><li>Acc\u00e9l\u00e9rer les d\u00e9lais de livraison.<\/li><li>R\u00e9duire ou \u00e9liminer les probl\u00e8mes au cours du processus.<\/li><li>Rentabiliser vos projets.<\/li><li>Conseiller et guider le client au cours du processus de transformation.<\/li><\/ul><\/div><\/div>\t\t\t\t\t\t\t\t<\/div>\n\t\t\t\t<\/div>\n\t\t\t\t\t<\/div>\n\t\t<\/div>\n\t\t\t\t\t<\/div>\n\t\t<\/section>\n\t\t\t\t\t<\/div>\n\t\t<\/div>\n\t\t\t\t\t<\/div>\n\t\t<\/section>\n\t\t\t\t<section class=\"elementor-section elementor-top-section elementor-element elementor-element-d0db435 elementor-section-stretched elementor-section-content-middle elementor-section-boxed elementor-section-height-default elementor-section-height-default\" data-id=\"d0db435\" data-element_type=\"section\" data-e-type=\"section\" data-settings=\"{&quot;stretch_section&quot;:&quot;section-stretched&quot;}\">\n\t\t\t\t\t\t<div class=\"elementor-container elementor-column-gap-wider\">\n\t\t\t\t\t<div class=\"elementor-column elementor-col-50 elementor-top-column elementor-element elementor-element-8cafee5\" data-id=\"8cafee5\" data-element_type=\"column\" data-e-type=\"column\">\n\t\t\t<div class=\"elementor-widget-wrap elementor-element-populated\">\n\t\t\t\t\t\t<div class=\"elementor-element elementor-element-fd4f9f6 elementor-widget elementor-widget-text-editor\" data-id=\"fd4f9f6\" data-element_type=\"widget\" data-e-type=\"widget\" data-widget_type=\"text-editor.default\">\n\t\t\t\t<div class=\"elementor-widget-container\">\n\t\t\t\t\t\t\t\t\t<p><strong>INJECTION ROTATIVE DES BOUCHONS<\/strong><\/p>\t\t\t\t\t\t\t\t<\/div>\n\t\t\t\t<\/div>\n\t\t\t\t<section class=\"elementor-section elementor-inner-section elementor-element elementor-element-ed0adf9 elementor-section-boxed elementor-section-height-default elementor-section-height-default\" data-id=\"ed0adf9\" data-element_type=\"section\" data-e-type=\"section\">\n\t\t\t\t\t\t<div class=\"elementor-container elementor-column-gap-default\">\n\t\t\t\t\t<div class=\"elementor-column elementor-col-100 elementor-inner-column elementor-element elementor-element-f78baca\" data-id=\"f78baca\" data-element_type=\"column\" data-e-type=\"column\">\n\t\t\t<div class=\"elementor-widget-wrap elementor-element-populated\">\n\t\t\t\t\t\t<div class=\"elementor-element elementor-element-1091e2e elementor-widget elementor-widget-heading\" data-id=\"1091e2e\" data-element_type=\"widget\" data-e-type=\"widget\" data-widget_type=\"heading.default\">\n\t\t\t\t<div class=\"elementor-widget-container\">\n\t\t\t\t\t<p class=\"elementor-heading-title elementor-size-default\">Nous sommes \u00e9quip\u00e9s des machines les plus pr\u00e9cises pour garantir l\u2019homog\u00e9n\u00e9it\u00e9 des bouchons, aussi bien dans la pr\u00e9paration des m\u00e9langes que dans l\u2019injection de ces derniers. Notre variation de poids moyen est inf\u00e9rieure 0,1 gr, ce qui garantit une extraordinaire homog\u00e9n\u00e9it\u00e9 de nos bouchons. \u00c0 l\u2019heure actuelle, nous avons une capacit\u00e9 de production de l\u2019ordre de 700 000 bouchons par jour.<\/p>\t\t\t\t<\/div>\n\t\t\t\t<\/div>\n\t\t\t\t\t<\/div>\n\t\t<\/div>\n\t\t\t\t\t<\/div>\n\t\t<\/section>\n\t\t\t\t\t<\/div>\n\t\t<\/div>\n\t\t\t\t<div class=\"elementor-column elementor-col-50 elementor-top-column elementor-element elementor-element-a48649f\" data-id=\"a48649f\" data-element_type=\"column\" data-e-type=\"column\">\n\t\t\t<div class=\"elementor-widget-wrap elementor-element-populated\">\n\t\t\t\t\t\t<div class=\"elementor-element elementor-element-66c5fcc elementor-arrows-position-inside elementor-pagination-position-outside elementor-widget elementor-widget-image-carousel\" data-id=\"66c5fcc\" data-element_type=\"widget\" data-e-type=\"widget\" data-settings=\"{&quot;slides_to_show&quot;:&quot;1&quot;,&quot;navigation&quot;:&quot;both&quot;,&quot;autoplay&quot;:&quot;yes&quot;,&quot;pause_on_hover&quot;:&quot;yes&quot;,&quot;pause_on_interaction&quot;:&quot;yes&quot;,&quot;autoplay_speed&quot;:5000,&quot;infinite&quot;:&quot;yes&quot;,&quot;effect&quot;:&quot;slide&quot;,&quot;speed&quot;:500}\" data-widget_type=\"image-carousel.default\">\n\t\t\t\t<div class=\"elementor-widget-container\">\n\t\t\t\t\t\t\t<div class=\"elementor-image-carousel-wrapper swiper\" role=\"region\" aria-roledescription=\"carousel\" aria-label=\"Carrusel de im\u00e1genes\" dir=\"ltr\">\n\t\t\t<div class=\"elementor-image-carousel swiper-wrapper\" aria-live=\"off\">\n\t\t\t\t\t\t\t\t<div class=\"swiper-slide\" role=\"group\" aria-roledescription=\"slide\" aria-label=\"1 sur 1\"><figure class=\"swiper-slide-inner\"><img decoding=\"async\" class=\"swiper-slide-image\" src=\"https:\/\/www.excellentcork.com\/wp-content\/uploads\/2021\/09\/66538993-078f-4fe7-a114-dee27741bc7b-1024x768.jpeg\" alt=\"66538993-078f-4fe7-a114-dee27741bc7b\" \/><\/figure><\/div>\t\t\t<\/div>\n\t\t\t\t\t<\/div>\n\t\t\t\t\t\t<\/div>\n\t\t\t\t<\/div>\n\t\t\t\t\t<\/div>\n\t\t<\/div>\n\t\t\t\t\t<\/div>\n\t\t<\/section>\n\t\t\t\t<section class=\"elementor-section elementor-top-section elementor-element elementor-element-e78bab8 elementor-section-boxed elementor-section-height-default elementor-section-height-default\" data-id=\"e78bab8\" data-element_type=\"section\" data-e-type=\"section\">\n\t\t\t\t\t\t<div class=\"elementor-container elementor-column-gap-default\">\n\t\t\t\t\t<div class=\"elementor-column elementor-col-100 elementor-top-column elementor-element elementor-element-82c519a\" data-id=\"82c519a\" data-element_type=\"column\" data-e-type=\"column\">\n\t\t\t<div class=\"elementor-widget-wrap elementor-element-populated\">\n\t\t\t\t\t\t<div class=\"elementor-element elementor-element-7a88463 elementor-widget elementor-widget-spacer\" data-id=\"7a88463\" data-element_type=\"widget\" data-e-type=\"widget\" data-widget_type=\"spacer.default\">\n\t\t\t\t<div class=\"elementor-widget-container\">\n\t\t\t\t\t\t\t<div class=\"elementor-spacer\">\n\t\t\t<div class=\"elementor-spacer-inner\"><\/div>\n\t\t<\/div>\n\t\t\t\t\t\t<\/div>\n\t\t\t\t<\/div>\n\t\t\t\t<div class=\"elementor-element elementor-element-79e2a85 elementor-widget elementor-widget-spacer\" data-id=\"79e2a85\" data-element_type=\"widget\" data-e-type=\"widget\" data-widget_type=\"spacer.default\">\n\t\t\t\t<div class=\"elementor-widget-container\">\n\t\t\t\t\t\t\t<div class=\"elementor-spacer\">\n\t\t\t<div class=\"elementor-spacer-inner\"><\/div>\n\t\t<\/div>\n\t\t\t\t\t\t<\/div>\n\t\t\t\t<\/div>\n\t\t\t\t\t<\/div>\n\t\t<\/div>\n\t\t\t\t\t<\/div>\n\t\t<\/section>\n\t\t\t\t<section class=\"elementor-section elementor-top-section elementor-element elementor-element-54cf068 elementor-section-stretched elementor-section-content-middle elementor-section-boxed elementor-section-height-default elementor-section-height-default\" data-id=\"54cf068\" data-element_type=\"section\" data-e-type=\"section\" data-settings=\"{&quot;stretch_section&quot;:&quot;section-stretched&quot;}\">\n\t\t\t\t\t\t<div class=\"elementor-container elementor-column-gap-wider\">\n\t\t\t\t\t<div class=\"elementor-column elementor-col-50 elementor-top-column elementor-element elementor-element-a1173a3\" data-id=\"a1173a3\" data-element_type=\"column\" data-e-type=\"column\">\n\t\t\t<div class=\"elementor-widget-wrap elementor-element-populated\">\n\t\t\t\t\t\t<div class=\"elementor-element elementor-element-312d4bc elementor-invisible elementor-widget elementor-widget-image\" data-id=\"312d4bc\" data-element_type=\"widget\" data-e-type=\"widget\" data-settings=\"{&quot;_animation&quot;:&quot;zoomIn&quot;}\" data-widget_type=\"image.default\">\n\t\t\t\t<div class=\"elementor-widget-container\">\n\t\t\t\t\t\t\t\t\t\t\t\t\t\t\t<img decoding=\"async\" width=\"1200\" height=\"835\" src=\"https:\/\/www.excellentcork.com\/wp-content\/uploads\/2021\/09\/302face5-f577-4467-98a8-5c6f7057a62f.jpg\" class=\"attachment-2048x2048 size-2048x2048 wp-image-2597\" alt=\"\" srcset=\"https:\/\/www.excellentcork.com\/wp-content\/uploads\/2021\/09\/302face5-f577-4467-98a8-5c6f7057a62f.jpg 1200w, https:\/\/www.excellentcork.com\/wp-content\/uploads\/2021\/09\/302face5-f577-4467-98a8-5c6f7057a62f-800x557.jpg 800w, https:\/\/www.excellentcork.com\/wp-content\/uploads\/2021\/09\/302face5-f577-4467-98a8-5c6f7057a62f-300x209.jpg 300w, https:\/\/www.excellentcork.com\/wp-content\/uploads\/2021\/09\/302face5-f577-4467-98a8-5c6f7057a62f-1024x713.jpg 1024w, https:\/\/www.excellentcork.com\/wp-content\/uploads\/2021\/09\/302face5-f577-4467-98a8-5c6f7057a62f-768x534.jpg 768w, https:\/\/www.excellentcork.com\/wp-content\/uploads\/2021\/09\/302face5-f577-4467-98a8-5c6f7057a62f-210x146.jpg 210w, https:\/\/www.excellentcork.com\/wp-content\/uploads\/2021\/09\/302face5-f577-4467-98a8-5c6f7057a62f-50x35.jpg 50w, https:\/\/www.excellentcork.com\/wp-content\/uploads\/2021\/09\/302face5-f577-4467-98a8-5c6f7057a62f-108x75.jpg 108w, https:\/\/www.excellentcork.com\/wp-content\/uploads\/2021\/09\/302face5-f577-4467-98a8-5c6f7057a62f-600x418.jpg 600w\" sizes=\"(max-width:767px) 480px, (max-width:1200px) 100vw, 1200px\" \/>\t\t\t\t\t\t\t\t\t\t\t\t\t\t\t<\/div>\n\t\t\t\t<\/div>\n\t\t\t\t\t<\/div>\n\t\t<\/div>\n\t\t\t\t<div class=\"elementor-column elementor-col-50 elementor-top-column elementor-element elementor-element-cd73fad\" data-id=\"cd73fad\" data-element_type=\"column\" data-e-type=\"column\">\n\t\t\t<div class=\"elementor-widget-wrap elementor-element-populated\">\n\t\t\t\t\t\t<div class=\"elementor-element elementor-element-c5bc90b elementor-widget elementor-widget-text-editor\" data-id=\"c5bc90b\" data-element_type=\"widget\" data-e-type=\"widget\" data-widget_type=\"text-editor.default\">\n\t\t\t\t<div class=\"elementor-widget-container\">\n\t\t\t\t\t\t\t\t\t<p><strong>IMPRESSION DES BOUCHONS<\/strong><\/p>\t\t\t\t\t\t\t\t<\/div>\n\t\t\t\t<\/div>\n\t\t\t\t<section class=\"elementor-section elementor-inner-section elementor-element elementor-element-2723065 elementor-section-boxed elementor-section-height-default elementor-section-height-default\" data-id=\"2723065\" data-element_type=\"section\" data-e-type=\"section\">\n\t\t\t\t\t\t<div class=\"elementor-container elementor-column-gap-default\">\n\t\t\t\t\t<div class=\"elementor-column elementor-col-100 elementor-inner-column elementor-element elementor-element-5814e77\" data-id=\"5814e77\" data-element_type=\"column\" data-e-type=\"column\">\n\t\t\t<div class=\"elementor-widget-wrap elementor-element-populated\">\n\t\t\t\t\t\t<div class=\"elementor-element elementor-element-1b61db1 elementor-widget elementor-widget-heading\" data-id=\"1b61db1\" data-element_type=\"widget\" data-e-type=\"widget\" data-widget_type=\"heading.default\">\n\t\t\t\t<div class=\"elementor-widget-container\">\n\t\t\t\t\t<p class=\"elementor-heading-title elementor-size-default\">L'impression a d\u00e8s nos d\u00e9buts \u00e9t\u00e9 l\u2019un de nos points forts gr\u00e2ce \u00e0 la grande exp\u00e9rience acquise pendant des ann\u00e9es dans la d\u00e9coration des plastiques par des proc\u00e9d\u00e9s de peinture, de m\u00e9tallisation, de tampographie, de s\u00e9rigraphie, etc. Nous avons pu ainsi obtenir une excellente qualit\u00e9 d\u2019impression \u00e0 la fois dans la d\u00e9finition de cette derni\u00e8re et dans l\u2019attache et la durabilit\u00e9 de l\u2019encre. Nous sommes en mesure d\u2019affirmer que notre impression est la plus durable et r\u00e9sistante du march\u00e9.<\/p>\t\t\t\t<\/div>\n\t\t\t\t<\/div>\n\t\t\t\t\t<\/div>\n\t\t<\/div>\n\t\t\t\t\t<\/div>\n\t\t<\/section>\n\t\t\t\t\t<\/div>\n\t\t<\/div>\n\t\t\t\t\t<\/div>\n\t\t<\/section>\n\t\t\t\t<section class=\"elementor-section elementor-top-section elementor-element elementor-element-dde07b3 elementor-section-boxed elementor-section-height-default elementor-section-height-default\" data-id=\"dde07b3\" data-element_type=\"section\" data-e-type=\"section\">\n\t\t\t\t\t\t<div class=\"elementor-container elementor-column-gap-default\">\n\t\t\t\t\t<div class=\"elementor-column elementor-col-100 elementor-top-column elementor-element elementor-element-8b8434a\" data-id=\"8b8434a\" data-element_type=\"column\" data-e-type=\"column\">\n\t\t\t<div class=\"elementor-widget-wrap elementor-element-populated\">\n\t\t\t\t\t\t<div class=\"elementor-element elementor-element-290bf2f elementor-widget elementor-widget-spacer\" data-id=\"290bf2f\" data-element_type=\"widget\" data-e-type=\"widget\" data-widget_type=\"spacer.default\">\n\t\t\t\t<div class=\"elementor-widget-container\">\n\t\t\t\t\t\t\t<div class=\"elementor-spacer\">\n\t\t\t<div class=\"elementor-spacer-inner\"><\/div>\n\t\t<\/div>\n\t\t\t\t\t\t<\/div>\n\t\t\t\t<\/div>\n\t\t\t\t\t<\/div>\n\t\t<\/div>\n\t\t\t\t\t<\/div>\n\t\t<\/section>\n\t\t\t\t<section class=\"elementor-section elementor-top-section elementor-element elementor-element-227e2ec elementor-section-height-min-height elementor-section-boxed elementor-section-height-default elementor-section-items-middle\" data-id=\"227e2ec\" data-element_type=\"section\" data-e-type=\"section\" data-settings=\"{&quot;background_background&quot;:&quot;classic&quot;}\">\n\t\t\t\t\t\t\t<div class=\"elementor-background-overlay\"><\/div>\n\t\t\t\t\t\t\t<div class=\"elementor-container elementor-column-gap-default\">\n\t\t\t\t\t<div class=\"elementor-column elementor-col-100 elementor-top-column elementor-element elementor-element-5ac3d7a\" data-id=\"5ac3d7a\" data-element_type=\"column\" data-e-type=\"column\">\n\t\t\t<div class=\"elementor-widget-wrap elementor-element-populated\">\n\t\t\t\t\t\t<div class=\"elementor-element elementor-element-ca6d231 elementor-widget elementor-widget-heading\" data-id=\"ca6d231\" data-element_type=\"widget\" data-e-type=\"widget\" data-widget_type=\"heading.default\">\n\t\t\t\t<div class=\"elementor-widget-container\">\n\t\t\t\t\t<h2 class=\"elementor-heading-title elementor-size-default\">Notre grande connaissance des mati\u00e8res plastiques depuis des g\u00e9n\u00e9rations<\/h2>\t\t\t\t<\/div>\n\t\t\t\t<\/div>\n\t\t\t\t<div class=\"elementor-element elementor-element-2a3459c elementor-widget elementor-widget-heading\" data-id=\"2a3459c\" data-element_type=\"widget\" data-e-type=\"widget\" data-widget_type=\"heading.default\">\n\t\t\t\t<div class=\"elementor-widget-container\">\n\t\t\t\t\t<h4 class=\"elementor-heading-title elementor-size-default\">Exp\u00e9rience et savoir-faire dans la conception et la fabrication de produits<\/h4>\t\t\t\t<\/div>\n\t\t\t\t<\/div>\n\t\t\t\t\t<\/div>\n\t\t<\/div>\n\t\t\t\t\t<\/div>\n\t\t<\/section>\n\t\t\t\t<\/div>\n\t\t","protected":false},"excerpt":{"rendered":"<p>Nous utilisons la meilleure TECHNOLOGIE pour vous offrir les meilleurs R\u00c9SULTATS. Excellent Cork poss\u00e8de un plan d\u2019investissement continu pour les machines et les installations qui lui<span class=\"excerpt-hellip\"> [\u2026]<\/span><\/p>\n","protected":false},"author":1,"featured_media":0,"parent":0,"menu_order":0,"comment_status":"closed","ping_status":"open","template":"elementor_header_footer","meta":{"footnotes":""},"class_list":["post-4933","page","type-page","status-publish","hentry"],"_links":{"self":[{"href":"https:\/\/www.excellentcork.com\/fr\/wp-json\/wp\/v2\/pages\/4933","targetHints":{"allow":["GET"]}}],"collection":[{"href":"https:\/\/www.excellentcork.com\/fr\/wp-json\/wp\/v2\/pages"}],"about":[{"href":"https:\/\/www.excellentcork.com\/fr\/wp-json\/wp\/v2\/types\/page"}],"author":[{"embeddable":true,"href":"https:\/\/www.excellentcork.com\/fr\/wp-json\/wp\/v2\/users\/1"}],"replies":[{"embeddable":true,"href":"https:\/\/www.excellentcork.com\/fr\/wp-json\/wp\/v2\/comments?post=4933"}],"version-history":[{"count":22,"href":"https:\/\/www.excellentcork.com\/fr\/wp-json\/wp\/v2\/pages\/4933\/revisions"}],"predecessor-version":[{"id":10137,"href":"https:\/\/www.excellentcork.com\/fr\/wp-json\/wp\/v2\/pages\/4933\/revisions\/10137"}],"wp:attachment":[{"href":"https:\/\/www.excellentcork.com\/fr\/wp-json\/wp\/v2\/media?parent=4933"}],"curies":[{"name":"wp","href":"https:\/\/api.w.org\/{rel}","templated":true}]}}