{"id":4948,"date":"2022-06-23T15:25:36","date_gmt":"2022-06-23T15:25:36","guid":{"rendered":"https:\/\/excellentcork.com\/?page_id=4948"},"modified":"2025-06-12T07:55:40","modified_gmt":"2025-06-12T07:55:40","slug":"bouchons-a-vin-recyclables","status":"publish","type":"page","link":"https:\/\/www.excellentcork.com\/fr\/bouchons-de-vin\/bouchons-a-vin-recyclables\/","title":{"rendered":"Bouchons \u00e0 vin recyclables"},"content":{"rendered":"\t\t<div data-elementor-type=\"wp-page\" data-elementor-id=\"4948\" class=\"elementor elementor-4948 elementor-1585\" data-elementor-post-type=\"page\">\n\t\t\t\t\t\t<section class=\"elementor-section elementor-top-section elementor-element elementor-element-13641733 elementor-section-full_width elementor-section-height-default elementor-section-height-default\" data-id=\"13641733\" data-element_type=\"section\" data-e-type=\"section\" data-settings=\"{&quot;background_background&quot;:&quot;classic&quot;}\">\n\t\t\t\t\t\t<div class=\"elementor-container elementor-column-gap-default\">\n\t\t\t\t\t<div class=\"elementor-column elementor-col-100 elementor-top-column elementor-element elementor-element-599d7f2c\" data-id=\"599d7f2c\" data-element_type=\"column\" data-e-type=\"column\">\n\t\t\t<div class=\"elementor-widget-wrap elementor-element-populated\">\n\t\t\t\t\t\t<div class=\"elementor-element elementor-element-3dea7194 elementor-widget elementor-widget-heading\" data-id=\"3dea7194\" data-element_type=\"widget\" data-e-type=\"widget\" data-widget_type=\"heading.default\">\n\t\t\t\t<div class=\"elementor-widget-container\">\n\t\t\t\t\t<h1 class=\"elementor-heading-title elementor-size-default\">D\u00c9COUVREZ TERRA (BIO)<\/h1>\t\t\t\t<\/div>\n\t\t\t\t<\/div>\n\t\t\t\t\t<\/div>\n\t\t<\/div>\n\t\t\t\t\t<\/div>\n\t\t<\/section>\n\t\t\t\t<section class=\"elementor-section elementor-top-section elementor-element elementor-element-2d4b8a7f elementor-section-boxed elementor-section-height-default elementor-section-height-default\" data-id=\"2d4b8a7f\" data-element_type=\"section\" data-e-type=\"section\">\n\t\t\t\t\t\t<div class=\"elementor-container elementor-column-gap-default\">\n\t\t\t\t\t<div class=\"elementor-column elementor-col-100 elementor-top-column elementor-element elementor-element-43d085cf\" data-id=\"43d085cf\" data-element_type=\"column\" data-e-type=\"column\">\n\t\t\t<div class=\"elementor-widget-wrap elementor-element-populated\">\n\t\t\t\t\t\t<div class=\"elementor-element elementor-element-1746e980 elementor-product-loop-item--align-center elementor-grid-3 elementor-grid-tablet-3 elementor-grid-mobile-2 elementor-products-grid elementor-wc-products elementor-widget elementor-widget-woocommerce-products\" data-id=\"1746e980\" data-element_type=\"widget\" data-e-type=\"widget\" data-widget_type=\"woocommerce-products.default\">\n\t\t\t\t<div class=\"elementor-widget-container\">\n\t\t\t\t\t<div class=\"woocommerce columns-3 \">\n<div class=\"products_wrapper mfn-woo-products isotope_wrapper default-woo-loop lm_wrapper\">\n\t<ul class=\"products elementor-grid \">\n<li class=\"isotope-item align-center product type-product post-4732 status-publish first instock product_cat-bouchons-de-vin product_cat-tapones-de-vino-sinteticos product_cat-terra product_cat-terra-fr has-post-thumbnail shipping-taxable product-type-simple\" >\n\n\t<div class=\"mfn-li-product-row mfn-li-product-row-image\"><div class=\"image_frame scale-with-grid product-loop-thumb\"><div class=\"image_wrapper \"><a href=\"https:\/\/www.excellentcork.com\/fr\/producto\/s38-terra\/\" aria-label=\"S-38 Terra\" tabindex=\"-1\"><div class=\"mask\"><\/div><img fetchpriority=\"high\" decoding=\"async\" width=\"800\" height=\"800\" src=\"https:\/\/www.excellentcork.com\/wp-content\/uploads\/2021\/06\/24-800x800.jpg\" class=\"attachment-woocommerce_thumbnail size-woocommerce_thumbnail\" alt=\"S-38 Terra\" srcset=\"https:\/\/www.excellentcork.com\/wp-content\/uploads\/2021\/06\/24-800x800.jpg 800w, https:\/\/www.excellentcork.com\/wp-content\/uploads\/2021\/06\/24-300x300.jpg 300w, https:\/\/www.excellentcork.com\/wp-content\/uploads\/2021\/06\/24-1024x1024.jpg 1024w, https:\/\/www.excellentcork.com\/wp-content\/uploads\/2021\/06\/24-150x150.jpg 150w, https:\/\/www.excellentcork.com\/wp-content\/uploads\/2021\/06\/24-768x768.jpg 768w, https:\/\/www.excellentcork.com\/wp-content\/uploads\/2021\/06\/24-1536x1536.jpg 1536w, https:\/\/www.excellentcork.com\/wp-content\/uploads\/2021\/06\/24-2048x2048.jpg 2048w, https:\/\/www.excellentcork.com\/wp-content\/uploads\/2021\/06\/24-146x146.jpg 146w, https:\/\/www.excellentcork.com\/wp-content\/uploads\/2021\/06\/24-50x50.jpg 50w, https:\/\/www.excellentcork.com\/wp-content\/uploads\/2021\/06\/24-75x75.jpg 75w, https:\/\/www.excellentcork.com\/wp-content\/uploads\/2021\/06\/24-85x85.jpg 85w, https:\/\/www.excellentcork.com\/wp-content\/uploads\/2021\/06\/24-80x80.jpg 80w, https:\/\/www.excellentcork.com\/wp-content\/uploads\/2021\/06\/24-600x600.jpg 600w\" sizes=\"(max-width:767px) 480px, (max-width:800px) 100vw, 800px\" \/><\/a><div class=\"image_links\"><a rel=\"nofollow\" tabindex=\"-1\" href=\"https:\/\/www.excellentcork.com\/fr\/producto\/s38-terra\/\" data-quantity=\"1\" data-product_id=\"4732\" class=\"add_to_cart_button ajax_add_to_cart product_type_simple\"><svg viewBox=\"0 0 26 26\"><defs><style>.path{fill:none;stroke:#333;stroke-miterlimit:10;stroke-width:1.5px;}<\/style><\/defs><polygon class=\"path\" points=\"20.4 20.4 5.6 20.4 6.83 10.53 19.17 10.53 20.4 20.4\"><\/polygon><path class=\"path\" d=\"M9.3,10.53V9.3a3.7,3.7,0,1,1,7.4,0v1.23\"><\/path><\/svg><\/a><a class=\"link\" tabindex=\"-1\" href=\"https:\/\/www.excellentcork.com\/fr\/producto\/s38-terra\/\"><svg viewBox=\"0 0 26 26\"><defs><style>.path{fill:none;stroke:#333;stroke-miterlimit:10;stroke-width:1.5px;}<\/style><\/defs><g><path d=\"M10.17,8.76l2.12-2.12a5,5,0,0,1,7.07,0h0a5,5,0,0,1,0,7.07l-2.12,2.12\" class=\"path\"\/><path d=\"M15.83,17.24l-2.12,2.12a5,5,0,0,1-7.07,0h0a5,5,0,0,1,0-7.07l2.12-2.12\" class=\"path\"\/><line x1=\"10.17\" y1=\"15.83\" x2=\"15.83\" y2=\"10.17\" class=\"path\"\/><\/g><\/svg><\/a><\/div><\/div><a href=\"https:\/\/www.excellentcork.com\/fr\/producto\/s38-terra\/\" aria-label=\"S-38 Terra\" tabindex=\"-1\"><span class=\"product-loading-icon added-cart\"><\/span><\/a><\/div><\/div>\n\t<div class=\"desc\">\n\n\t\t\n\t\t<h4 class=\"mfn-woo-product-title\"><a href=\"https:\/\/www.excellentcork.com\/fr\/producto\/s38-terra\/\">S-38 Terra<\/a><\/h4>\n\t\t<div class=\"excerpt excerpt-1\"><p>Sa haute densit\u00e9, la grande homog\u00e9n\u00e9it\u00e9 obtenue gr\u00e2ce \u00e0 notre syst\u00e8me de fabrication d\u2019injection \u00e0 chambre unique, l\u2019utilisation de mat\u00e9riaux ne transf\u00e9rant aucune odeur et saveur<span class=\"excerpt-hellip\"> [\u2026]<\/span><\/p>\n<\/div>\n<div class=\"mfn-li-product-row mfn-li-product-row-button hide-button\"><\/div>\n\t<\/div>\n\n<\/li>\n<li class=\"isotope-item align-center product type-product post-4730 status-publish instock product_cat-bouchons-de-vin product_cat-tapones-de-vino-sinteticos product_cat-terra product_cat-terra-fr has-post-thumbnail shipping-taxable product-type-simple\" >\n\n\t<div class=\"mfn-li-product-row mfn-li-product-row-image\"><div class=\"image_frame scale-with-grid product-loop-thumb\"><div class=\"image_wrapper \"><a href=\"https:\/\/www.excellentcork.com\/fr\/producto\/duo-42-terra\/\" aria-label=\"DUO-42 Terra\" tabindex=\"-1\"><div class=\"mask\"><\/div><img decoding=\"async\" width=\"800\" height=\"800\" src=\"https:\/\/www.excellentcork.com\/wp-content\/uploads\/2021\/06\/22-1-800x800.jpg\" class=\"attachment-woocommerce_thumbnail size-woocommerce_thumbnail\" alt=\"DUO-42 Terra\" srcset=\"https:\/\/www.excellentcork.com\/wp-content\/uploads\/2021\/06\/22-1-800x800.jpg 800w, https:\/\/www.excellentcork.com\/wp-content\/uploads\/2021\/06\/22-1-300x300.jpg 300w, https:\/\/www.excellentcork.com\/wp-content\/uploads\/2021\/06\/22-1-1024x1024.jpg 1024w, https:\/\/www.excellentcork.com\/wp-content\/uploads\/2021\/06\/22-1-150x150.jpg 150w, https:\/\/www.excellentcork.com\/wp-content\/uploads\/2021\/06\/22-1-768x768.jpg 768w, https:\/\/www.excellentcork.com\/wp-content\/uploads\/2021\/06\/22-1-1536x1536.jpg 1536w, https:\/\/www.excellentcork.com\/wp-content\/uploads\/2021\/06\/22-1-2048x2048.jpg 2048w, https:\/\/www.excellentcork.com\/wp-content\/uploads\/2021\/06\/22-1-146x146.jpg 146w, https:\/\/www.excellentcork.com\/wp-content\/uploads\/2021\/06\/22-1-50x50.jpg 50w, https:\/\/www.excellentcork.com\/wp-content\/uploads\/2021\/06\/22-1-75x75.jpg 75w, https:\/\/www.excellentcork.com\/wp-content\/uploads\/2021\/06\/22-1-85x85.jpg 85w, https:\/\/www.excellentcork.com\/wp-content\/uploads\/2021\/06\/22-1-80x80.jpg 80w, https:\/\/www.excellentcork.com\/wp-content\/uploads\/2021\/06\/22-1-600x600.jpg 600w\" sizes=\"(max-width:767px) 480px, (max-width:800px) 100vw, 800px\" \/><\/a><div class=\"image_links\"><a rel=\"nofollow\" tabindex=\"-1\" href=\"https:\/\/www.excellentcork.com\/fr\/producto\/duo-42-terra\/\" data-quantity=\"1\" data-product_id=\"4730\" class=\"add_to_cart_button ajax_add_to_cart product_type_simple\"><svg viewBox=\"0 0 26 26\"><defs><style>.path{fill:none;stroke:#333;stroke-miterlimit:10;stroke-width:1.5px;}<\/style><\/defs><polygon class=\"path\" points=\"20.4 20.4 5.6 20.4 6.83 10.53 19.17 10.53 20.4 20.4\"><\/polygon><path class=\"path\" d=\"M9.3,10.53V9.3a3.7,3.7,0,1,1,7.4,0v1.23\"><\/path><\/svg><\/a><a class=\"link\" tabindex=\"-1\" href=\"https:\/\/www.excellentcork.com\/fr\/producto\/duo-42-terra\/\"><svg viewBox=\"0 0 26 26\"><defs><style>.path{fill:none;stroke:#333;stroke-miterlimit:10;stroke-width:1.5px;}<\/style><\/defs><g><path d=\"M10.17,8.76l2.12-2.12a5,5,0,0,1,7.07,0h0a5,5,0,0,1,0,7.07l-2.12,2.12\" class=\"path\"\/><path d=\"M15.83,17.24l-2.12,2.12a5,5,0,0,1-7.07,0h0a5,5,0,0,1,0-7.07l2.12-2.12\" class=\"path\"\/><line x1=\"10.17\" y1=\"15.83\" x2=\"15.83\" y2=\"10.17\" class=\"path\"\/><\/g><\/svg><\/a><\/div><\/div><a href=\"https:\/\/www.excellentcork.com\/fr\/producto\/duo-42-terra\/\" aria-label=\"DUO-42 Terra\" tabindex=\"-1\"><span class=\"product-loading-icon added-cart\"><\/span><\/a><\/div><\/div>\n\t<div class=\"desc\">\n\n\t\t\n\t\t<h4 class=\"mfn-woo-product-title\"><a href=\"https:\/\/www.excellentcork.com\/fr\/producto\/duo-42-terra\/\">DUO-42 Terra<\/a><\/h4>\n\t\t<div class=\"excerpt excerpt-1\"><p>Gr\u00e2ce \u00e0 son design exclusif, le bouchon DUO a d\u00e9montr\u00e9 son incomparable fonctionnalit\u00e9 pour obtenir un EXCELLENT REBOUCHAGE. Sa haute densit\u00e9 lui offre \u00e9galement une FERMETURE<span class=\"excerpt-hellip\"> [\u2026]<\/span><\/p>\n<\/div>\n<div class=\"mfn-li-product-row mfn-li-product-row-button hide-button\"><\/div>\n\t<\/div>\n\n<\/li>\n\n\t<\/ul>\n<\/div><\/div>\t\t\t\t<\/div>\n\t\t\t\t<\/div>\n\t\t\t\t<div class=\"elementor-element elementor-element-d7f52f7 elementor-widget elementor-widget-text-editor\" data-id=\"d7f52f7\" data-element_type=\"widget\" data-e-type=\"widget\" data-widget_type=\"text-editor.default\">\n\t\t\t\t<div class=\"elementor-widget-container\">\n\t\t\t\t\t\t\t\t\t<p>Au cours des derni\u00e8res ann\u00e9es, Excellent Cork a entrepris une recherche exhaustive de mati\u00e8res premi\u00e8res issues de sources renouvelables, les d\u00e9nomm\u00e9s mat\u00e9riaux BIO, et a r\u00e9alis\u00e9 tous les essais m\u00e9caniques n\u00e9cessaires pour offrir \u00e0 ses clients des bouchons de haute qualit\u00e9 identiques \u00e0 ceux qu\u2019ils utilisent jusqu\u2019\u00e0 pr\u00e9sent. En cons\u00e9quence, Excellent Cork a homologu\u00e9 les mat\u00e9riaux en respectant la l\u00e9gislation en vigueur en mati\u00e8re de s\u00e9curit\u00e9 alimentaire et lanc\u00e9 sur le march\u00e9 une s\u00e9rie de bouchons BIO, ce qui lui a permis d\u2019\u00e9largir son portefeuille de bouchons pour r\u00e9pondre \u00e0 la demande de ses clients de cette gamme de produits.<\/p>\t\t\t\t\t\t\t\t<\/div>\n\t\t\t\t<\/div>\n\t\t\t\t<div class=\"elementor-element elementor-element-3914a2f elementor-widget elementor-widget-text-editor\" data-id=\"3914a2f\" data-element_type=\"widget\" data-e-type=\"widget\" data-widget_type=\"text-editor.default\">\n\t\t\t\t<div class=\"elementor-widget-container\">\n\t\t\t\t\t\t\t\t\t<p>Le ferme engagement d\u2019Excellent Cork pour la promotion d\u2019une consommation et d\u2019une production durables plus respectueuses de l\u2019environnement nous a men\u00e9 \u00e0 d\u00e9velopper la ligne de bouchons TERRA, fabriqu\u00e9s avec des mat\u00e9riaux BIO provenant de la canne \u00e0 sucre. Cet engagement, associ\u00e9 \u00e0 l\u2019utilisation de mat\u00e9riaux 100% recyclables, nous permet de progresser dans notre objectif 0 \u00e9mission de CO2 dans un avenir proche.<\/p>\t\t\t\t\t\t\t\t<\/div>\n\t\t\t\t<\/div>\n\t\t\t\t<div class=\"elementor-element elementor-element-761aab6 elementor-widget elementor-widget-text-editor\" data-id=\"761aab6\" data-element_type=\"widget\" data-e-type=\"widget\" data-widget_type=\"text-editor.default\">\n\t\t\t\t<div class=\"elementor-widget-container\">\n\t\t\t\t\t\t\t\t\t<p>Concernant le processus de production, l\u2019entreprise oriente ses efforts vers la r\u00e9alisation d\u2019actions visant \u00e0 minimiser l\u2019impact environnemental engendr\u00e9 par la fabrication de ses produits. Parmi ces actions figurent les suivantes\u00a0:<\/p><p>1. L\u2019entrep\u00f4t o\u00f9 est install\u00e9 Excellent Cork est \u00e9quip\u00e9 d\u2019une centrale photovolta\u00efque sur son toit qui lui permet de g\u00e9n\u00e9rer de l\u2019\u00e9lectricit\u00e9 pour son processus de production. L\u2019entreprise favorise ainsi l\u2019autoconsommation \u00e9nerg\u00e9tique et mise sur les \u00e9nergies renouvelables pour appliquer son plan d\u2019\u00e9conomie et d\u2019efficacit\u00e9 \u00e9nerg\u00e9tique.<\/p><p>2. Le syst\u00e8me de s\u00e9chage dans l\u2019impression des bouchons a \u00e9t\u00e9 modifi\u00e9, en rempla\u00e7ant les lampes \u00e0 d\u00e9charge UV conventionnelles par des lampes LED, ce qui a permis une baisse de 90% de la consommation \u00e9lectrique.<\/p><p>3. Remplacement de l\u2019\u00e9clairage g\u00e9n\u00e9ral par des lampes LED.<\/p><p>4. Les d\u00e9chets en carton g\u00e9n\u00e9r\u00e9s sont donn\u00e9s \u00e0 une association locale de personnes aux capacit\u00e9s diff\u00e9rentes, qui les aide \u00e0 g\u00e9n\u00e9rer des ressources pour r\u00e9aliser des ateliers d\u2019emploi qui favorisent l\u2019insertion professionnelle de ses utilisateurs.<\/p><p>L\u2019empreinte carbone a \u00e9t\u00e9 enregistr\u00e9 au minist\u00e8re de la Transition \u00e9cologique et du d\u00e9fi d\u00e9mographique, afin de planifier diff\u00e9rentes actions et divers investissements et pour que le bilan annuel d\u2019\u00e9missions de CO2 dans l\u2019atmosph\u00e8re de notre organisation soit \u00e9gal \u00e0 0, voir n\u00e9gatif.<\/p>\t\t\t\t\t\t\t\t<\/div>\n\t\t\t\t<\/div>\n\t\t\t\t\t<\/div>\n\t\t<\/div>\n\t\t\t\t\t<\/div>\n\t\t<\/section>\n\t\t\t\t<section class=\"elementor-section elementor-top-section elementor-element elementor-element-b2d530b elementor-section-boxed elementor-section-height-default elementor-section-height-default\" data-id=\"b2d530b\" data-element_type=\"section\" data-e-type=\"section\">\n\t\t\t\t\t\t<div class=\"elementor-container elementor-column-gap-default\">\n\t\t\t\t\t<div class=\"elementor-column elementor-col-50 elementor-top-column elementor-element elementor-element-f3a9c28\" data-id=\"f3a9c28\" data-element_type=\"column\" data-e-type=\"column\">\n\t\t\t<div class=\"elementor-widget-wrap elementor-element-populated\">\n\t\t\t\t\t\t<div class=\"elementor-element elementor-element-32bb6aa elementor-widget elementor-widget-image\" data-id=\"32bb6aa\" data-element_type=\"widget\" data-e-type=\"widget\" data-widget_type=\"image.default\">\n\t\t\t\t<div class=\"elementor-widget-container\">\n\t\t\t\t\t\t\t\t\t\t\t\t\t\t\t<img decoding=\"async\" width=\"1000\" height=\"1013\" src=\"https:\/\/www.excellentcork.com\/wp-content\/uploads\/2022\/11\/637407853442733506-1.png\" class=\"attachment-large size-large wp-image-5513\" alt=\"\" srcset=\"https:\/\/www.excellentcork.com\/wp-content\/uploads\/2022\/11\/637407853442733506-1.png 1000w, https:\/\/www.excellentcork.com\/wp-content\/uploads\/2022\/11\/637407853442733506-1-800x810.png 800w, https:\/\/www.excellentcork.com\/wp-content\/uploads\/2022\/11\/637407853442733506-1-296x300.png 296w, https:\/\/www.excellentcork.com\/wp-content\/uploads\/2022\/11\/637407853442733506-1-768x778.png 768w, https:\/\/www.excellentcork.com\/wp-content\/uploads\/2022\/11\/637407853442733506-1-144x146.png 144w, https:\/\/www.excellentcork.com\/wp-content\/uploads\/2022\/11\/637407853442733506-1-50x50.png 50w, https:\/\/www.excellentcork.com\/wp-content\/uploads\/2022\/11\/637407853442733506-1-74x75.png 74w, https:\/\/www.excellentcork.com\/wp-content\/uploads\/2022\/11\/637407853442733506-1-85x85.png 85w, https:\/\/www.excellentcork.com\/wp-content\/uploads\/2022\/11\/637407853442733506-1-80x80.png 80w, https:\/\/www.excellentcork.com\/wp-content\/uploads\/2022\/11\/637407853442733506-1-600x608.png 600w\" sizes=\"(max-width:767px) 480px, (max-width:1000px) 100vw, 1000px\" \/>\t\t\t\t\t\t\t\t\t\t\t\t\t\t\t<\/div>\n\t\t\t\t<\/div>\n\t\t\t\t<div class=\"elementor-element elementor-element-aea6d5a elementor-widget elementor-widget-spacer\" data-id=\"aea6d5a\" data-element_type=\"widget\" data-e-type=\"widget\" data-widget_type=\"spacer.default\">\n\t\t\t\t<div class=\"elementor-widget-container\">\n\t\t\t\t\t\t\t<div class=\"elementor-spacer\">\n\t\t\t<div class=\"elementor-spacer-inner\"><\/div>\n\t\t<\/div>\n\t\t\t\t\t\t<\/div>\n\t\t\t\t<\/div>\n\t\t\t\t\t<\/div>\n\t\t<\/div>\n\t\t\t\t<div class=\"elementor-column elementor-col-50 elementor-top-column elementor-element elementor-element-f4b5ed0\" data-id=\"f4b5ed0\" data-element_type=\"column\" data-e-type=\"column\">\n\t\t\t<div class=\"elementor-widget-wrap elementor-element-populated\">\n\t\t\t\t\t\t<div class=\"elementor-element elementor-element-ace43e8 elementor-widget elementor-widget-image\" data-id=\"ace43e8\" data-element_type=\"widget\" data-e-type=\"widget\" data-widget_type=\"image.default\">\n\t\t\t\t<div class=\"elementor-widget-container\">\n\t\t\t\t\t\t\t\t\t\t\t\t\t\t\t<img loading=\"lazy\" decoding=\"async\" width=\"1000\" height=\"366\" src=\"https:\/\/www.excellentcork.com\/wp-content\/uploads\/2022\/11\/637407853444452256.png\" class=\"attachment-large size-large wp-image-5507\" alt=\"\" srcset=\"https:\/\/www.excellentcork.com\/wp-content\/uploads\/2022\/11\/637407853444452256.png 1000w, https:\/\/www.excellentcork.com\/wp-content\/uploads\/2022\/11\/637407853444452256-800x293.png 800w, https:\/\/www.excellentcork.com\/wp-content\/uploads\/2022\/11\/637407853444452256-300x110.png 300w, https:\/\/www.excellentcork.com\/wp-content\/uploads\/2022\/11\/637407853444452256-768x281.png 768w, https:\/\/www.excellentcork.com\/wp-content\/uploads\/2022\/11\/637407853444452256-260x95.png 260w, https:\/\/www.excellentcork.com\/wp-content\/uploads\/2022\/11\/637407853444452256-50x18.png 50w, https:\/\/www.excellentcork.com\/wp-content\/uploads\/2022\/11\/637407853444452256-150x55.png 150w, https:\/\/www.excellentcork.com\/wp-content\/uploads\/2022\/11\/637407853444452256-600x220.png 600w\" sizes=\"(max-width:767px) 480px, (max-width:1000px) 100vw, 1000px\" \/>\t\t\t\t\t\t\t\t\t\t\t\t\t\t\t<\/div>\n\t\t\t\t<\/div>\n\t\t\t\t<div class=\"elementor-element elementor-element-b15f35d elementor-widget elementor-widget-spacer\" data-id=\"b15f35d\" data-element_type=\"widget\" data-e-type=\"widget\" data-widget_type=\"spacer.default\">\n\t\t\t\t<div class=\"elementor-widget-container\">\n\t\t\t\t\t\t\t<div class=\"elementor-spacer\">\n\t\t\t<div class=\"elementor-spacer-inner\"><\/div>\n\t\t<\/div>\n\t\t\t\t\t\t<\/div>\n\t\t\t\t<\/div>\n\t\t\t\t<div class=\"elementor-element elementor-element-3a6cf40 elementor-widget elementor-widget-image\" data-id=\"3a6cf40\" data-element_type=\"widget\" data-e-type=\"widget\" data-widget_type=\"image.default\">\n\t\t\t\t<div class=\"elementor-widget-container\">\n\t\t\t\t\t\t\t\t\t\t\t\t\t\t\t<img loading=\"lazy\" decoding=\"async\" width=\"763\" height=\"86\" src=\"https:\/\/www.excellentcork.com\/wp-content\/uploads\/2022\/11\/Mesa-de-trabajo-1.png\" class=\"attachment-large size-large wp-image-5557\" alt=\"\" srcset=\"https:\/\/www.excellentcork.com\/wp-content\/uploads\/2022\/11\/Mesa-de-trabajo-1.png 763w, https:\/\/www.excellentcork.com\/wp-content\/uploads\/2022\/11\/Mesa-de-trabajo-1-300x34.png 300w, https:\/\/www.excellentcork.com\/wp-content\/uploads\/2022\/11\/Mesa-de-trabajo-1-260x29.png 260w, https:\/\/www.excellentcork.com\/wp-content\/uploads\/2022\/11\/Mesa-de-trabajo-1-50x6.png 50w, https:\/\/www.excellentcork.com\/wp-content\/uploads\/2022\/11\/Mesa-de-trabajo-1-150x17.png 150w, https:\/\/www.excellentcork.com\/wp-content\/uploads\/2022\/11\/Mesa-de-trabajo-1-600x68.png 600w\" sizes=\"(max-width:767px) 480px, 763px\" \/>\t\t\t\t\t\t\t\t\t\t\t\t\t\t\t<\/div>\n\t\t\t\t<\/div>\n\t\t\t\t<div class=\"elementor-element elementor-element-a284d3d elementor-widget elementor-widget-spacer\" data-id=\"a284d3d\" data-element_type=\"widget\" data-e-type=\"widget\" data-widget_type=\"spacer.default\">\n\t\t\t\t<div class=\"elementor-widget-container\">\n\t\t\t\t\t\t\t<div class=\"elementor-spacer\">\n\t\t\t<div class=\"elementor-spacer-inner\"><\/div>\n\t\t<\/div>\n\t\t\t\t\t\t<\/div>\n\t\t\t\t<\/div>\n\t\t\t\t<div class=\"elementor-element elementor-element-35525a3 elementor-align-center elementor-widget elementor-widget-button\" data-id=\"35525a3\" data-element_type=\"widget\" data-e-type=\"widget\" data-widget_type=\"button.default\">\n\t\t\t\t<div class=\"elementor-widget-container\">\n\t\t\t\t\t\t\t\t\t<div class=\"elementor-button-wrapper\">\n\t\t\t\t\t<a class=\"elementor-button elementor-size-sm\" role=\"button\">\n\t\t\t\t\t\t<span class=\"elementor-button-content-wrapper\">\n\t\t\t\t\t\t\t\t\t<span class=\"elementor-button-text\">T\u00c9L\u00c9CHARGEZ LE DOSSIER TERRA<\/span>\n\t\t\t\t\t<\/span>\n\t\t\t\t\t<\/a>\n\t\t\t\t<\/div>\n\t\t\t\t\t\t\t\t<\/div>\n\t\t\t\t<\/div>\n\t\t\t\t\t<\/div>\n\t\t<\/div>\n\t\t\t\t\t<\/div>\n\t\t<\/section>\n\t\t\t\t<\/div>\n\t\t","protected":false},"excerpt":{"rendered":"<p>D\u00c9COUVREZ TERRA (BIO) Au cours des derni\u00e8res ann\u00e9es, Excellent Cork a entrepris une recherche exhaustive de mati\u00e8res premi\u00e8res issues de sources renouvelables, les d\u00e9nomm\u00e9s mat\u00e9riaux BIO,<span class=\"excerpt-hellip\"> [\u2026]<\/span><\/p>\n","protected":false},"author":1,"featured_media":0,"parent":4834,"menu_order":0,"comment_status":"closed","ping_status":"closed","template":"elementor_header_footer","meta":{"footnotes":""},"class_list":["post-4948","page","type-page","status-publish","hentry"],"_links":{"self":[{"href":"https:\/\/www.excellentcork.com\/fr\/wp-json\/wp\/v2\/pages\/4948","targetHints":{"allow":["GET"]}}],"collection":[{"href":"https:\/\/www.excellentcork.com\/fr\/wp-json\/wp\/v2\/pages"}],"about":[{"href":"https:\/\/www.excellentcork.com\/fr\/wp-json\/wp\/v2\/types\/page"}],"author":[{"embeddable":true,"href":"https:\/\/www.excellentcork.com\/fr\/wp-json\/wp\/v2\/users\/1"}],"replies":[{"embeddable":true,"href":"https:\/\/www.excellentcork.com\/fr\/wp-json\/wp\/v2\/comments?post=4948"}],"version-history":[{"count":32,"href":"https:\/\/www.excellentcork.com\/fr\/wp-json\/wp\/v2\/pages\/4948\/revisions"}],"predecessor-version":[{"id":10118,"href":"https:\/\/www.excellentcork.com\/fr\/wp-json\/wp\/v2\/pages\/4948\/revisions\/10118"}],"up":[{"embeddable":true,"href":"https:\/\/www.excellentcork.com\/fr\/wp-json\/wp\/v2\/pages\/4834"}],"wp:attachment":[{"href":"https:\/\/www.excellentcork.com\/fr\/wp-json\/wp\/v2\/media?parent=4948"}],"curies":[{"name":"wp","href":"https:\/\/api.w.org\/{rel}","templated":true}]}}