{"id":4972,"date":"2022-06-23T15:41:57","date_gmt":"2022-06-23T15:41:57","guid":{"rendered":"https:\/\/excellentcork.com\/?page_id=4972"},"modified":"2024-05-03T10:50:00","modified_gmt":"2024-05-03T10:50:00","slug":"serie-s","status":"publish","type":"page","link":"https:\/\/www.excellentcork.com\/fr\/bouchons-de-vin\/serie-s\/","title":{"rendered":"S\u00e9rie S"},"content":{"rendered":"\t\t<div data-elementor-type=\"wp-page\" data-elementor-id=\"4972\" class=\"elementor elementor-4972 elementor-1594\" data-elementor-post-type=\"page\">\n\t\t\t\t\t\t<section class=\"elementor-section elementor-top-section elementor-element elementor-element-3ed9be75 elementor-section-full_width elementor-section-height-default elementor-section-height-default\" data-id=\"3ed9be75\" data-element_type=\"section\" data-e-type=\"section\" data-settings=\"{&quot;background_background&quot;:&quot;classic&quot;}\">\n\t\t\t\t\t\t\t<div class=\"elementor-background-overlay\"><\/div>\n\t\t\t\t\t\t\t<div class=\"elementor-container elementor-column-gap-default\">\n\t\t\t\t\t<div class=\"elementor-column elementor-col-100 elementor-top-column elementor-element elementor-element-485719da\" data-id=\"485719da\" data-element_type=\"column\" data-e-type=\"column\">\n\t\t\t<div class=\"elementor-widget-wrap elementor-element-populated\">\n\t\t\t\t\t\t<div class=\"elementor-element elementor-element-4dbae220 elementor-widget elementor-widget-heading\" data-id=\"4dbae220\" data-element_type=\"widget\" data-e-type=\"widget\" data-widget_type=\"heading.default\">\n\t\t\t\t<div class=\"elementor-widget-container\">\n\t\t\t\t\t<h1 class=\"elementor-heading-title elementor-size-default\">S\u00e9rie S<\/h1>\t\t\t\t<\/div>\n\t\t\t\t<\/div>\n\t\t\t\t\t<\/div>\n\t\t<\/div>\n\t\t\t\t\t<\/div>\n\t\t<\/section>\n\t\t\t\t<section class=\"elementor-section elementor-top-section elementor-element elementor-element-789dc337 elementor-section-boxed elementor-section-height-default elementor-section-height-default\" data-id=\"789dc337\" data-element_type=\"section\" data-e-type=\"section\">\n\t\t\t\t\t\t<div class=\"elementor-container elementor-column-gap-default\">\n\t\t\t\t\t<div class=\"elementor-column elementor-col-100 elementor-top-column elementor-element elementor-element-4e668c4c\" data-id=\"4e668c4c\" data-element_type=\"column\" data-e-type=\"column\">\n\t\t\t<div class=\"elementor-widget-wrap elementor-element-populated\">\n\t\t\t\t\t\t<div class=\"elementor-element elementor-element-1f76ac6f elementor-product-loop-item--align-center elementor-grid-3 elementor-grid-tablet-3 elementor-grid-mobile-2 elementor-products-grid elementor-wc-products elementor-widget elementor-widget-woocommerce-products\" data-id=\"1f76ac6f\" data-element_type=\"widget\" data-e-type=\"widget\" data-widget_type=\"woocommerce-products.default\">\n\t\t\t\t<div class=\"elementor-widget-container\">\n\t\t\t\t\t<div class=\"woocommerce columns-3 \">\n<div class=\"products_wrapper mfn-woo-products isotope_wrapper default-woo-loop lm_wrapper\">\n\t<ul class=\"products elementor-grid \">\n<li class=\"isotope-item align-center product type-product post-4740 status-publish first instock product_cat-bouchons-de-vin product_cat-serie-s-fr has-post-thumbnail shipping-taxable product-type-simple\" >\n\n\t<div class=\"mfn-li-product-row mfn-li-product-row-image\"><div class=\"image_frame scale-with-grid product-loop-thumb\"><div class=\"image_wrapper \"><a href=\"https:\/\/www.excellentcork.com\/fr\/producto\/s-42\/\" aria-label=\"S-42\" tabindex=\"-1\"><div class=\"mask\"><\/div><img fetchpriority=\"high\" decoding=\"async\" width=\"800\" height=\"800\" src=\"https:\/\/www.excellentcork.com\/wp-content\/uploads\/2021\/06\/18-800x800.jpg\" class=\"attachment-woocommerce_thumbnail size-woocommerce_thumbnail\" alt=\"S-42\" srcset=\"https:\/\/www.excellentcork.com\/wp-content\/uploads\/2021\/06\/18-800x800.jpg 800w, https:\/\/www.excellentcork.com\/wp-content\/uploads\/2021\/06\/18-300x300.jpg 300w, https:\/\/www.excellentcork.com\/wp-content\/uploads\/2021\/06\/18-1024x1024.jpg 1024w, https:\/\/www.excellentcork.com\/wp-content\/uploads\/2021\/06\/18-150x150.jpg 150w, https:\/\/www.excellentcork.com\/wp-content\/uploads\/2021\/06\/18-768x768.jpg 768w, https:\/\/www.excellentcork.com\/wp-content\/uploads\/2021\/06\/18-1536x1536.jpg 1536w, https:\/\/www.excellentcork.com\/wp-content\/uploads\/2021\/06\/18-2048x2048.jpg 2048w, https:\/\/www.excellentcork.com\/wp-content\/uploads\/2021\/06\/18-146x146.jpg 146w, https:\/\/www.excellentcork.com\/wp-content\/uploads\/2021\/06\/18-50x50.jpg 50w, https:\/\/www.excellentcork.com\/wp-content\/uploads\/2021\/06\/18-75x75.jpg 75w, https:\/\/www.excellentcork.com\/wp-content\/uploads\/2021\/06\/18-85x85.jpg 85w, https:\/\/www.excellentcork.com\/wp-content\/uploads\/2021\/06\/18-80x80.jpg 80w, https:\/\/www.excellentcork.com\/wp-content\/uploads\/2021\/06\/18-600x600.jpg 600w\" sizes=\"(max-width:767px) 480px, (max-width:800px) 100vw, 800px\" \/><\/a><div class=\"image_links\"><a rel=\"nofollow\" tabindex=\"-1\" href=\"https:\/\/www.excellentcork.com\/fr\/producto\/s-42\/\" data-quantity=\"1\" data-product_id=\"4740\" class=\"add_to_cart_button ajax_add_to_cart product_type_simple\"><svg viewBox=\"0 0 26 26\"><defs><style>.path{fill:none;stroke:#333;stroke-miterlimit:10;stroke-width:1.5px;}<\/style><\/defs><polygon class=\"path\" points=\"20.4 20.4 5.6 20.4 6.83 10.53 19.17 10.53 20.4 20.4\"><\/polygon><path class=\"path\" d=\"M9.3,10.53V9.3a3.7,3.7,0,1,1,7.4,0v1.23\"><\/path><\/svg><\/a><a class=\"link\" tabindex=\"-1\" href=\"https:\/\/www.excellentcork.com\/fr\/producto\/s-42\/\"><svg viewBox=\"0 0 26 26\"><defs><style>.path{fill:none;stroke:#333;stroke-miterlimit:10;stroke-width:1.5px;}<\/style><\/defs><g><path d=\"M10.17,8.76l2.12-2.12a5,5,0,0,1,7.07,0h0a5,5,0,0,1,0,7.07l-2.12,2.12\" class=\"path\"\/><path d=\"M15.83,17.24l-2.12,2.12a5,5,0,0,1-7.07,0h0a5,5,0,0,1,0-7.07l2.12-2.12\" class=\"path\"\/><line x1=\"10.17\" y1=\"15.83\" x2=\"15.83\" y2=\"10.17\" class=\"path\"\/><\/g><\/svg><\/a><\/div><\/div><a href=\"https:\/\/www.excellentcork.com\/fr\/producto\/s-42\/\" aria-label=\"S-42\" tabindex=\"-1\"><span class=\"product-loading-icon added-cart\"><\/span><\/a><\/div><\/div>\n\t<div class=\"desc\">\n\n\t\t\n\t\t<h4 class=\"mfn-woo-product-title\"><a href=\"https:\/\/www.excellentcork.com\/fr\/producto\/s-42\/\">S-42<\/a><\/h4>\n\t\t<div class=\"excerpt excerpt-1\"><p>Depuis ses d\u00e9buts, le souci principal d\u2019Excellent Cork a toujours \u00e9t\u00e9 celui de pr\u00e9server toutes les qualit\u00e9s du vin dans toutes leurs dimensions, tant les ar\u00f4mes<span class=\"excerpt-hellip\"> [\u2026]<\/span><\/p>\n<\/div>\n<div class=\"mfn-li-product-row mfn-li-product-row-button hide-button\"><\/div>\n\t<\/div>\n\n<\/li>\n<li class=\"isotope-item align-center product type-product post-4738 status-publish instock product_cat-bouchons-de-vin product_cat-serie-s-fr has-post-thumbnail shipping-taxable product-type-simple\" >\n\n\t<div class=\"mfn-li-product-row mfn-li-product-row-image\"><div class=\"image_frame scale-with-grid product-loop-thumb\"><div class=\"image_wrapper \"><a href=\"https:\/\/www.excellentcork.com\/fr\/producto\/s-38\/\" aria-label=\"S-38\" tabindex=\"-1\"><div class=\"mask\"><\/div><img decoding=\"async\" width=\"800\" height=\"800\" src=\"https:\/\/www.excellentcork.com\/wp-content\/uploads\/2021\/06\/20-800x800.jpg\" class=\"attachment-woocommerce_thumbnail size-woocommerce_thumbnail\" alt=\"S-38\" srcset=\"https:\/\/www.excellentcork.com\/wp-content\/uploads\/2021\/06\/20-800x800.jpg 800w, https:\/\/www.excellentcork.com\/wp-content\/uploads\/2021\/06\/20-300x300.jpg 300w, https:\/\/www.excellentcork.com\/wp-content\/uploads\/2021\/06\/20-1024x1024.jpg 1024w, https:\/\/www.excellentcork.com\/wp-content\/uploads\/2021\/06\/20-150x150.jpg 150w, https:\/\/www.excellentcork.com\/wp-content\/uploads\/2021\/06\/20-768x768.jpg 768w, https:\/\/www.excellentcork.com\/wp-content\/uploads\/2021\/06\/20-1536x1536.jpg 1536w, https:\/\/www.excellentcork.com\/wp-content\/uploads\/2021\/06\/20-2048x2048.jpg 2048w, https:\/\/www.excellentcork.com\/wp-content\/uploads\/2021\/06\/20-146x146.jpg 146w, https:\/\/www.excellentcork.com\/wp-content\/uploads\/2021\/06\/20-50x50.jpg 50w, https:\/\/www.excellentcork.com\/wp-content\/uploads\/2021\/06\/20-75x75.jpg 75w, https:\/\/www.excellentcork.com\/wp-content\/uploads\/2021\/06\/20-85x85.jpg 85w, https:\/\/www.excellentcork.com\/wp-content\/uploads\/2021\/06\/20-80x80.jpg 80w, https:\/\/www.excellentcork.com\/wp-content\/uploads\/2021\/06\/20-600x600.jpg 600w\" sizes=\"(max-width:767px) 480px, (max-width:800px) 100vw, 800px\" \/><\/a><div class=\"image_links\"><a rel=\"nofollow\" tabindex=\"-1\" href=\"https:\/\/www.excellentcork.com\/fr\/producto\/s-38\/\" data-quantity=\"1\" data-product_id=\"4738\" class=\"add_to_cart_button ajax_add_to_cart product_type_simple\"><svg viewBox=\"0 0 26 26\"><defs><style>.path{fill:none;stroke:#333;stroke-miterlimit:10;stroke-width:1.5px;}<\/style><\/defs><polygon class=\"path\" points=\"20.4 20.4 5.6 20.4 6.83 10.53 19.17 10.53 20.4 20.4\"><\/polygon><path class=\"path\" d=\"M9.3,10.53V9.3a3.7,3.7,0,1,1,7.4,0v1.23\"><\/path><\/svg><\/a><a class=\"link\" tabindex=\"-1\" href=\"https:\/\/www.excellentcork.com\/fr\/producto\/s-38\/\"><svg viewBox=\"0 0 26 26\"><defs><style>.path{fill:none;stroke:#333;stroke-miterlimit:10;stroke-width:1.5px;}<\/style><\/defs><g><path d=\"M10.17,8.76l2.12-2.12a5,5,0,0,1,7.07,0h0a5,5,0,0,1,0,7.07l-2.12,2.12\" class=\"path\"\/><path d=\"M15.83,17.24l-2.12,2.12a5,5,0,0,1-7.07,0h0a5,5,0,0,1,0-7.07l2.12-2.12\" class=\"path\"\/><line x1=\"10.17\" y1=\"15.83\" x2=\"15.83\" y2=\"10.17\" class=\"path\"\/><\/g><\/svg><\/a><\/div><\/div><a href=\"https:\/\/www.excellentcork.com\/fr\/producto\/s-38\/\" aria-label=\"S-38\" tabindex=\"-1\"><span class=\"product-loading-icon added-cart\"><\/span><\/a><\/div><\/div>\n\t<div class=\"desc\">\n\n\t\t\n\t\t<h4 class=\"mfn-woo-product-title\"><a href=\"https:\/\/www.excellentcork.com\/fr\/producto\/s-38\/\">S-38<\/a><\/h4>\n\t\t<div class=\"excerpt excerpt-1\"><p>Depuis les d\u00e9buts d&#8217;Excellent Cork notre principale pr\u00e9occupation a \u00e9t\u00e9 la pr\u00e9servation de toutes les qualit\u00e9s du vin dans toute sa dimension d&#8217;ar\u00f4mes et de saveurs.<span class=\"excerpt-hellip\"> [\u2026]<\/span><\/p>\n<\/div>\n<div class=\"mfn-li-product-row mfn-li-product-row-button hide-button\"><\/div>\n\t<\/div>\n\n<\/li>\n\n\t<\/ul>\n<\/div><\/div>\t\t\t\t<\/div>\n\t\t\t\t<\/div>\n\t\t\t\t\t<\/div>\n\t\t<\/div>\n\t\t\t\t\t<\/div>\n\t\t<\/section>\n\t\t\t\t<\/div>\n\t\t","protected":false},"excerpt":{"rendered":"<p>S\u00e9rie S<\/p>\n","protected":false},"author":1,"featured_media":0,"parent":4834,"menu_order":0,"comment_status":"closed","ping_status":"closed","template":"elementor_header_footer","meta":{"footnotes":""},"class_list":["post-4972","page","type-page","status-publish","hentry"],"_links":{"self":[{"href":"https:\/\/www.excellentcork.com\/fr\/wp-json\/wp\/v2\/pages\/4972","targetHints":{"allow":["GET"]}}],"collection":[{"href":"https:\/\/www.excellentcork.com\/fr\/wp-json\/wp\/v2\/pages"}],"about":[{"href":"https:\/\/www.excellentcork.com\/fr\/wp-json\/wp\/v2\/types\/page"}],"author":[{"embeddable":true,"href":"https:\/\/www.excellentcork.com\/fr\/wp-json\/wp\/v2\/users\/1"}],"replies":[{"embeddable":true,"href":"https:\/\/www.excellentcork.com\/fr\/wp-json\/wp\/v2\/comments?post=4972"}],"version-history":[{"count":4,"href":"https:\/\/www.excellentcork.com\/fr\/wp-json\/wp\/v2\/pages\/4972\/revisions"}],"predecessor-version":[{"id":4985,"href":"https:\/\/www.excellentcork.com\/fr\/wp-json\/wp\/v2\/pages\/4972\/revisions\/4985"}],"up":[{"embeddable":true,"href":"https:\/\/www.excellentcork.com\/fr\/wp-json\/wp\/v2\/pages\/4834"}],"wp:attachment":[{"href":"https:\/\/www.excellentcork.com\/fr\/wp-json\/wp\/v2\/media?parent=4972"}],"curies":[{"name":"wp","href":"https:\/\/api.w.org\/{rel}","templated":true}]}}