{"id":6978,"date":"2024-01-08T11:14:03","date_gmt":"2024-01-08T11:14:03","guid":{"rendered":"https:\/\/excellentcork.com\/?page_id=6978"},"modified":"2024-05-03T10:50:10","modified_gmt":"2024-05-03T10:50:10","slug":"politique-de-cookies","status":"publish","type":"page","link":"https:\/\/www.excellentcork.com\/fr\/politique-de-cookies\/","title":{"rendered":"POLITIQUE DE COOKIES"},"content":{"rendered":"\t\t<div data-elementor-type=\"wp-page\" data-elementor-id=\"6978\" class=\"elementor elementor-6978 elementor-2846\" data-elementor-post-type=\"page\">\n\t\t\t\t\t\t<section class=\"elementor-section elementor-top-section elementor-element elementor-element-397e49cf elementor-section-boxed elementor-section-height-default elementor-section-height-default\" data-id=\"397e49cf\" data-element_type=\"section\" data-e-type=\"section\">\n\t\t\t\t\t\t<div class=\"elementor-container elementor-column-gap-default\">\n\t\t\t\t\t<div class=\"elementor-column elementor-col-100 elementor-top-column elementor-element elementor-element-4369ba10\" data-id=\"4369ba10\" data-element_type=\"column\" data-e-type=\"column\">\n\t\t\t<div class=\"elementor-widget-wrap elementor-element-populated\">\n\t\t\t\t\t\t<div class=\"elementor-element elementor-element-5bda957 elementor-widget elementor-widget-text-editor\" data-id=\"5bda957\" data-element_type=\"widget\" data-e-type=\"widget\" data-widget_type=\"text-editor.default\">\n\t\t\t\t<div class=\"elementor-widget-container\">\n\t\t\t\t\t\t\t\t\t<h2>POLITIQUE DE COOKIES<\/h2><p><br \/>Si le site Web utilise des cookies analytiques, ceux-ci doivent int\u00e9grer une nouvelle section intitul\u00e9e \u00ab POLITIQUE EN MATI\u00c8RE DE COOKIES \u00bb et inclure les informations suivantes :<\/p><p>*Nous joignons une politique en mati\u00e8re de cookies qui est assez courante pour la plupart des sites Web. Dans tous les cas, il est conseill\u00e9 de consulter la soci\u00e9t\u00e9 qui a d\u00e9velopp\u00e9 le site Internet pour v\u00e9rifier les cookies qu&#8217;elle utilise.<\/p><p>\u00a0<\/p><h2>POLITIQUE DE COOKIES\u00a0:<\/h2><p>\u00a0<\/p><h3>INFORMATIONS SUR LES COOKIES\u00a0:<\/h3><p>Les cookies sont des fichiers qui peuvent \u00eatre t\u00e9l\u00e9charg\u00e9s sur votre ordinateur via des pages Web. Ce sont des outils qui jouent un r\u00f4le essentiel dans la fourniture de nombreux services de la soci\u00e9t\u00e9 de l&#8217;information. Entre autres, ils permettent \u00e0 un site Web de stocker et de r\u00e9cup\u00e9rer des informations sur les habitudes de navigation d&#8217;un utilisateur ou de son \u00e9quipement et, en fonction des informations obtenues, ils peuvent \u00eatre utilis\u00e9s pour reconna\u00eetre l&#8217;utilisateur et am\u00e9liorer le service offert.<\/p><p>\u00a0<\/p><h3>TYPES DE COOKIES\u00a0:<\/h3><p>Selon l&#8217;entit\u00e9 qui g\u00e8re le domaine \u00e0 partir duquel les cookies sont envoy\u00e9s et traite les donn\u00e9es obtenues, on peut distinguer deux types : les cookies propres et les cookies de tiers.<\/p><p>Il existe \u00e9galement une deuxi\u00e8me classification selon la dur\u00e9e pendant laquelle ils restent stock\u00e9s dans le navigateur du client, qui peuvent \u00eatre des cookies de session ou des cookies persistants.<\/p><p>Enfin, il existe une autre classification avec cinq types de cookies selon la finalit\u00e9 pour laquelle les donn\u00e9es obtenues sont trait\u00e9es : cookies techniques, cookies de personnalisation, cookies d&#8217;analyse, cookies publicitaires et cookies de publicit\u00e9 comportementale.<\/p><p>\u00a0<\/p><h3>COOKIES UTILIS\u00c9S SUR LE SITE WEB :<\/h3><p>Les cookies utilis\u00e9s sur ce portail sont identifi\u00e9s ci-dessous, ainsi que leur type et leur fonction : Un cookie technique appel\u00e9 PHPSESSID, n\u00e9cessaire pour une navigation correcte dans les pages Web. Cookies Google Analytics, un service d&#8217;analyse web d\u00e9velopp\u00e9 par Google, qui permet de mesurer et d&#8217;analyser la navigation sur les pages web. Dans votre navigateur, vous verrez 4 cookies de ce service. Selon la typologie pr\u00e9c\u00e9dente, il s\u2019agit de cookies propri\u00e9taires, de session et d\u2019analyse. Vous pouvez trouver plus d&#8217;informations \u00e0 ce sujet et d\u00e9sactiver l&#8217;utilisation de ces cookies sur : http:\/\/www.google.es\/intl\/es_ALL\/analytics\/learn\/privacy.html Gr\u00e2ce \u00e0 l&#8217;analyse Web, aucune information n&#8217;est obtenue sur vos donn\u00e9es personnelles garantissant la protection de la vie priv\u00e9e des personnes qui naviguent sur le Web. Les informations obtenues sont li\u00e9es au nombre d&#8217;utilisateurs qui acc\u00e8dent au site Web, au nombre de pages consult\u00e9es, \u00e0 la fr\u00e9quence et \u00e0 la r\u00e9p\u00e9tition des visites, \u00e0 leur dur\u00e9e, au navigateur utilis\u00e9, \u00e0 l&#8217;op\u00e9rateur qui fournit le service, \u00e0 la langue, au terminal que vous utilisez, ou la ville \u00e0 laquelle votre adresse IP est attribu\u00e9e. Informations qui permettent un service meilleur et plus appropri\u00e9 depuis ce portail.<\/p><p>\u00a0<\/p><h3>COMMENT MODIFIER LES PARAM\u00c8TRES DES COOKIES\u00a0:<\/h3><p>Vous pouvez restreindre, bloquer ou supprimer les cookies de ce site ou de tout autre site Web, \u00e0 l&#8217;aide de votre navigateur. Dans chaque navigateur le fonctionnement est diff\u00e9rent, la fonction Aide vous montrera comment proc\u00e9der.<\/p><p>Internet Explorer\u00a0: http:\/\/windows.microsoft.com\/es-xl\/internet-explorer\/delete-manage-cookies#ie=\u00bbie-10\u2033<br \/>FireFox\u00a0: https:\/\/support.mozilla.org\/es\/kb\/Delete%20cookies<br \/>Chrome\u00a0: https:\/\/support.google.com\/chrome\/answer\/95647?hl=\u00bbes\u00bb<\/p>\t\t\t\t\t\t\t\t<\/div>\n\t\t\t\t<\/div>\n\t\t\t\t\t<\/div>\n\t\t<\/div>\n\t\t\t\t\t<\/div>\n\t\t<\/section>\n\t\t\t\t<\/div>\n\t\t","protected":false},"excerpt":{"rendered":"<p>POLITIQUE DE COOKIES Si le site Web utilise des cookies analytiques, ceux-ci doivent int\u00e9grer une nouvelle section intitul\u00e9e \u00ab POLITIQUE EN MATI\u00c8RE DE COOKIES \u00bb et<span class=\"excerpt-hellip\"> [\u2026]<\/span><\/p>\n","protected":false},"author":1,"featured_media":0,"parent":0,"menu_order":0,"comment_status":"closed","ping_status":"open","template":"elementor_header_footer","meta":{"footnotes":""},"class_list":["post-6978","page","type-page","status-publish","hentry"],"_links":{"self":[{"href":"https:\/\/www.excellentcork.com\/fr\/wp-json\/wp\/v2\/pages\/6978","targetHints":{"allow":["GET"]}}],"collection":[{"href":"https:\/\/www.excellentcork.com\/fr\/wp-json\/wp\/v2\/pages"}],"about":[{"href":"https:\/\/www.excellentcork.com\/fr\/wp-json\/wp\/v2\/types\/page"}],"author":[{"embeddable":true,"href":"https:\/\/www.excellentcork.com\/fr\/wp-json\/wp\/v2\/users\/1"}],"replies":[{"embeddable":true,"href":"https:\/\/www.excellentcork.com\/fr\/wp-json\/wp\/v2\/comments?post=6978"}],"version-history":[{"count":4,"href":"https:\/\/www.excellentcork.com\/fr\/wp-json\/wp\/v2\/pages\/6978\/revisions"}],"predecessor-version":[{"id":6989,"href":"https:\/\/www.excellentcork.com\/fr\/wp-json\/wp\/v2\/pages\/6978\/revisions\/6989"}],"wp:attachment":[{"href":"https:\/\/www.excellentcork.com\/fr\/wp-json\/wp\/v2\/media?parent=6978"}],"curies":[{"name":"wp","href":"https:\/\/api.w.org\/{rel}","templated":true}]}}