{"id":6993,"date":"2024-01-08T11:24:53","date_gmt":"2024-01-08T11:24:53","guid":{"rendered":"https:\/\/excellentcork.com\/?page_id=6993"},"modified":"2024-05-03T10:50:10","modified_gmt":"2024-05-03T10:50:10","slug":"politique-de-confidentialite","status":"publish","type":"page","link":"https:\/\/www.excellentcork.com\/fr\/politique-de-confidentialite\/","title":{"rendered":"Politique de confidentialit\u00e9"},"content":{"rendered":"\t\t<div data-elementor-type=\"wp-page\" data-elementor-id=\"6993\" class=\"elementor elementor-6993 elementor-2828\" data-elementor-post-type=\"page\">\n\t\t\t\t\t\t<section class=\"elementor-section elementor-top-section elementor-element elementor-element-397e49cf elementor-section-boxed elementor-section-height-default elementor-section-height-default\" data-id=\"397e49cf\" data-element_type=\"section\" data-e-type=\"section\">\n\t\t\t\t\t\t<div class=\"elementor-container elementor-column-gap-default\">\n\t\t\t\t\t<div class=\"elementor-column elementor-col-100 elementor-top-column elementor-element elementor-element-4369ba10\" data-id=\"4369ba10\" data-element_type=\"column\" data-e-type=\"column\">\n\t\t\t<div class=\"elementor-widget-wrap elementor-element-populated\">\n\t\t\t\t\t\t<div class=\"elementor-element elementor-element-5bda957 elementor-widget elementor-widget-text-editor\" data-id=\"5bda957\" data-element_type=\"widget\" data-e-type=\"widget\" data-widget_type=\"text-editor.default\">\n\t\t\t\t<div class=\"elementor-widget-container\">\n\t\t\t\t\t\t\t\t\t<h2>Pol\u00edtica de privacidad<\/h2><section><p>El Responsable del Tratamiento es EXCELLENT CORK S.L., C\/Cuenca, 5, 03440, Ibi (ALICANTE).<\/p><p>\u00a0<\/p><h3><strong>Principios de privacidad<\/strong><\/h3><p>Desde EXCELLENT CORK S.L. nos comprometemos contigo a trabajar continuamente para garantizar la privacidad en el tratamiento de tus datos personales, y para ofrecerte en cada momento la informaci\u00f3n m\u00e1s completa y clara que podamos. Te animamos a leer detenidamente esta secci\u00f3n antes de facilitarnos tus datos personales.<\/p><p>Si eres menor de catorce a\u00f1os te rogamos que no nos facilites tus datos sin consentimiento de tus padres.<\/p><p>En este apartado te informamos de c\u00f3mo tratamos los datos de las personas que tienen relaci\u00f3n con nuestra organizaci\u00f3n. Empezando por nuestros principios:<\/p><p>&#8211; No solicitamos informaci\u00f3n personal, a no ser que sea necesaria para prestarte los servicios que nos requieras.<\/p><p>&#8211; Nunca compartimos informaci\u00f3n personal con nadie, excepto para cumplir la ley, o contemos con tu autorizaci\u00f3n expresa.<\/p><p>&#8211; Nunca utilizaremos tus datos personales para finalidades distintas a las expresadas en la presente pol\u00edtica de privacidad.<\/p><p>&#8211; Tus datos siempre ser\u00e1n tratados con un nivel de protecci\u00f3n adecuado a la legislaci\u00f3n en materia de protecci\u00f3n de datos, y no los someteremos a decisiones automatizadas.<\/p><p>La presente pol\u00edtica de privacidad la hemos redactado teniendo en cuenta las exigencias de la actual legislaci\u00f3n de protecci\u00f3n de datos:<\/p><p>&#8211; Reglamento (UE) 2016\/679 del Parlamento Europeo y del Consejo de 27 de abril de 2016 relativo a la protecci\u00f3n de las personas f\u00edsicas (RGPD).<\/p><p>&#8211; Ley Org\u00e1nica 3\/2018, de 5 de diciembre, de Protecci\u00f3n de Datos de Car\u00e1cter Personal y garant\u00eda de los derechos digitales (LOPD).<\/p><p>&#8211; Real Decreto 1720\/2007, de 21 de diciembre (RLOPD).<\/p><p>Esta pol\u00edtica de privacidad est\u00e1 redactada con fecha 6 de diciembre de 2018.<\/p><p>Con motivo de la modificaci\u00f3n de criterios de tratamiento, en aras de facilitar su comprensi\u00f3n o de adaptarla a la legalidad vigente, es posible que modifiquemos la presente pol\u00edtica de privacidad. Actualizaremos la fecha de la misma, para que puedas comprobar su vigencia.<\/p><h3><strong>Tratamientos que realizamos<\/strong><\/h3><p>TRATAMIENTO DE <strong>ATENCI\u00d3N DERECHOS DE LAS PERSONAS (ARCO)<\/strong><\/p><p><strong>Base Jur\u00eddica:<\/strong> RGPD: 6.1.c) Tratamiento necesario para el cumplimiento de una obligaci\u00f3n legal aplicable al responsable del tratamiento.<\/p><p>Reglamento General de Protecci\u00f3n de Datos.<\/p><p><strong>Fines del Tratamiento:<\/strong> Atender las solicitudes en el ejercicio de los derechos que establece el Reglamento General de Protecci\u00f3n de Datos: Derecho de acceso, recificaci\u00f3n, supresi\u00f3n, limitaci\u00f3n, portabilidad y oposici\u00f3n a la toma de decisiones automatizadas.<\/p><p><strong>Colectivo:<\/strong> Personas f\u00edsicas que lo solicitan (empleados, clientes, proveedores, personas de contacto)<\/p><p><strong>Categor\u00edas de Datos:<\/strong> Nombre y apellidos, direcci\u00f3n, firma y tel\u00e9fono.<\/p><p><strong>Categor\u00edas de Destinatarios:<\/strong> Los datos personales podr\u00e1n ser comunicados a la Autoridad de Control (Agencia Espa\u00f1ola de Protecci\u00f3n de Datos) en el marco de una investigaci\u00f3n por tutela de derechos iniciada por el interesado.<\/p><p><strong>Transferencias Internacionales:<\/strong> No est\u00e1n previstas transferencias internacionales de los datos.<\/p><p><strong>Plazo de Supresi\u00f3n:<\/strong> Se conservar\u00e1n durante un plazo de cinco a\u00f1os desde el momento de la solicitud.<\/p><p><strong>Medidas de Seguridad:<\/strong> Adaptadas a las exigencias del Reglamento (EU) 2016\/679, Reglamento General de Protecci\u00f3n de Datos.<\/p><p>TRATAMIENTO DE <strong>NOTIFICACI\u00d3N DE BRECHAS DE SEGURIDAD<\/strong><\/p><p><strong>Base Jur\u00eddica:<\/strong> RGPD: 6.1.c) Tratamiento necesario para el cumplimiento de una obligaci\u00f3n legal aplicable al responsable del tratamiento.<\/p><p>Reglamento General de Protecci\u00f3n de Datos. Art\u00edculos 33 y 34<\/p><p><strong>Fines del Tratamiento:<\/strong> Gesti\u00f3n y evaluaci\u00f3n de las brechas de seguridad que se produjeren en nuestra organizaci\u00f3n.<\/p><p><strong>Colectivo:<\/strong> Variable: Empleados, Clientes, Proveedores, Personas de Contacto (depender\u00e1 de la brecha de seguridad)<\/p><p><strong>Categor\u00edas de Datos:<\/strong> Variable. (Depender\u00e1 de la brecha de seguridad)<\/p><p><strong>Categor\u00edas de Destinatarios:<\/strong> &#8211; Agencia Espa\u00f1ola de Protecci\u00f3n de Datos.<\/p><p>&#8211; Fuerzas y Cuerpos de Seguridad del Estado.<\/p><p><strong>Transferencias Internacionales:<\/strong> No est\u00e1n previstas transferencias internacionales de los datos.<\/p><p><strong>Plazo de Supresi\u00f3n:<\/strong> Se conservar\u00e1n durante el tiempo necesario para cumplir con la finalidad para la que se recabaron y para determinar las posibles responsabilidades que se pudieran derivar de dicha finalidad y del tratamiento de los datos. Ser\u00e1 de aplicaci\u00f3n lo dispuesto en la normativa de archivos y documentaci\u00f3n.<\/p><p><strong>Medidas de Seguridad:<\/strong> Adaptadas a las exigencias del Reglamento (EU) 2016\/679, Reglamento General de Protecci\u00f3n de Datos.<\/p><p>TRATAMIENTO DE <strong>EMPLEADOS<\/strong><\/p><p><strong>Base Jur\u00eddica:<\/strong> RGPD: 6.1.b) Tratamiento necesario para la ejecuci\u00f3n de un contrato en el que el interesado es parte o para la aplicaci\u00f3n a petici\u00f3n de \u00e9ste de medidas precontractuales.<\/p><p>RGPD: 6.1.c) Tratamiento necesario para el cumplimiento de una obligaci\u00f3n legal aplicable al responsable del tratamiento.<\/p><p>Real Decreto Legislativo 2\/2015, de 23 de octubre, por el que se aprueba el texto refundido de la Ley del Estatuto de los Trabajadores.<\/p><p><strong>Fines del Tratamiento:<\/strong> &#8211; Gesti\u00f3n de personal contratado.<\/p><p>&#8211; Expediente personal. Control horario. Formaci\u00f3n. Planes de pensiones. Prevenci\u00f3n de riesgos laborales.<\/p><p>&#8211; Emisi\u00f3n de la n\u00f3mina del personal.<\/p><p>&#8211; Gesti\u00f3n de la actividad sindical.<\/p><p><strong>Colectivo:<\/strong> Empleados<\/p><p><strong>Categor\u00edas de Datos:<\/strong> &#8211; Nombre y apellidos, DNI\/CIF\/Documento identificativo, n\u00famero de registro de personal, n\u00famero de Seguridad Social\/Mutualidad, direcci\u00f3n, firma y tel\u00e9fono.<\/p><p>&#8211; Categor\u00edas especiales de datos: datos de salud (bajas por enfermedad, accidentes laborales y grado de discapacidad, sin inclusi\u00f3n de diagn\u00f3sticos), afiliaci\u00f3n sindical, a los exclusivos efectos del pago de cuotas sindicales (en su caso), representante sindical (en su caso), justificantes de asistencia de propios y de terceros.<\/p><p>&#8211; Datos de caracter\u00edsticas personales: Sexo, estado civil, nacionalidad, edad, fecha y lugar de nacimiento y datos familiares. Datos de circunstancias familiares: Fecha de alta y baja, licencias, permisos y autorizaciones.<\/p><p>&#8211; Datos acad\u00e9micos y profesionales: Titulaciones, formaci\u00f3n y experiencia profesional.<\/p><p>&#8211; Datos de detalle de empleo y carrera administrativa. Incompatibilidades.<\/p><p>&#8211; Datos de control de presencia: fecha\/hora entrada y salida, motivo de ausencia.<\/p><p>&#8211; Datos econ\u00f3mico-financieros: Datos econ\u00f3micos de n\u00f3mina, cr\u00e9ditos, pr\u00e9stamos, avales, deducciones impositivas, baja de haberes correspondiente al puesto de trabajo anterior (en su caso), retenciones judiciales (en su caso), otras retenciones (en su caso). Datos bancarios.<\/p><p><strong>Categor\u00edas de Destinatarios:<\/strong> &#8211; Entidad a quien se encomiende la gesti\u00f3n en materia de riesgos laborales.<\/p><p>&#8211; Tesorer\u00eda General de la Seguridad Social.<\/p><p>&#8211; Organizaciones sindicales.<\/p><p>&#8211; Entidades financieras.<\/p><p>&#8211; Agencia Estatal de Administraci\u00f3n Tributaria.<\/p><p>&#8211; Contratistas principales a los que prestemos servicios como subcontratistas.<\/p><p><strong>Transferencias Internacionales:<\/strong> No est\u00e1n previstas transferencias internacionales de los datos.<\/p><p><strong>Plazo de Supresi\u00f3n:<\/strong> Se conservar\u00e1n durante el tiempo necesario para cumplir con la finalidad para la que se recabaron y para determinar las posibles responsabilidades que se pudieran derivar de dicha finalidad y del tratamiento de los datos.<\/p><p>Los datos econ\u00f3micos de esta actividad de tratamiento se conservar\u00e1n al amparo de lo dispuesto en la Ley 58\/2003, de 17 de diciembre, General Tributaria.<\/p><p><strong>Medidas de Seguridad:<\/strong> Adaptadas a las exigencias del Reglamento (EU) 2016\/679, Reglamento General de Protecci\u00f3n de Datos.<\/p><p>TRATAMIENTO DE <strong>CONTACTOS<\/strong><\/p><p><strong>Base Jur\u00eddica:<\/strong> Consentimiento del interesado<\/p><p><strong>Fines del Tratamiento:<\/strong> Atender su solicitud, enviarle informaci\u00f3n y realizar un seguimiento de la solicitud.<\/p><p><strong>Colectivo:<\/strong> Personas de contacto, clientes, proveedores<\/p><p><strong>Categor\u00edas de Datos:<\/strong> Nombre y apellidos, tel\u00e9fono, direcci\u00f3n de email<\/p><p><strong>Categor\u00edas de Destinatarios:<\/strong> No se contemplan cesiones de datos a terceros.<\/p><p><strong>Transferencias Internacionales:<\/strong> No est\u00e1n previstas transferencias internacionales de los datos.<\/p><p><strong>Plazo de Supresi\u00f3n:<\/strong> Los datos de contacto se conservar\u00e1n por un periodo indefinido, o hasta que el interesado solicite su supresi\u00f3n.<\/p><p><strong>Medidas de Seguridad:<\/strong> Adaptadas a las exigencias del Reglamento (EU) 2016\/679, Reglamento General de Protecci\u00f3n de Datos.<\/p><p>\u00a0<\/p><p>TRATAMIENTO DE <strong>CANDIDATOS PROCESOS DE SELECCI\u00d3N (RRHH)<\/strong><\/p><p>TRATAMIENTO DE <strong>CANDIDATOS PROCESOS DE SELECCI\u00d3N (RRHH)<\/strong><\/p><p><strong>Base Jur\u00eddica:<\/strong> RGPD 6.1.a) El interesado dio su consentimiento para el tratamiento de sus datos personales para uno o varios fines espec\u00edficos.<\/p><p>RGPD: 6.1.b) Tratamiento necesario para la ejecuci\u00f3n de un contrato en el que el interesado es parte o para la aplicaci\u00f3n a petici\u00f3n de este de medidas precontractuales.<\/p><p><strong>Fines del Tratamiento:<\/strong> Selecci\u00f3n de personal y provisi\u00f3n de puestos de trabajo.<\/p><p><strong>Colectivo:<\/strong> Candidatos presentados a procedimientos de provisi\u00f3n de puestos de trabajo.<\/p><p><strong>Categor\u00edas de Datos:<\/strong> &#8211; Nombre y apellidos, DNI\/CIF\/Documento identificativo, n\u00famero de registro de personal, direcci\u00f3n, firma y tel\u00e9fono.<\/p><p>&#8211; Datos de caracter\u00edsticas personales: Sexo, estado civil, nacionalidad, edad, fecha y lugar de nacimiento y datos familiares.<\/p><p>&#8211; Datos acad\u00e9micos y profesionales: Titulaciones, formaci\u00f3n y experiencia profesional.<\/p><p>&#8211; Datos de detalle de empleo.<\/p><p><strong>Categor\u00edas de Destinatarios:<\/strong> No est\u00e1n previstas cesiones de datos a terceros.<\/p><p><strong>Transferencias Internacionales:<\/strong> No est\u00e1n previstas transferencias internacionales de los datos.<\/p><p><strong>Plazo de Supresi\u00f3n:<\/strong> Se conservar\u00e1n durante el tiempo necesario para cumplir con la finalidad para la que se recabaron y para determinar las posibles responsabilidades que se pudieran derivar de dicha finalidad y del tratamiento de los datos.<\/p><p><strong>Medidas de Seguridad:<\/strong> Adaptadas a las exigencias del Reglamento (EU) 2016\/679, Reglamento General de Protecci\u00f3n de Datos.<\/p><p>TRATAMIENTO DE <strong>CANDIDATOS PROCESOS DE SELECCI\u00d3N (RRHH)<\/strong><\/p><p><strong>Base Jur\u00eddica:<\/strong> RGPD 6.1.a) El interesado dio su consentimiento para el tratamiento de sus datos personales para uno o varios fines espec\u00edficos.<\/p><p>RGPD: 6.1.b) Tratamiento necesario para la ejecuci\u00f3n de un contrato en el que el interesado es parte o para la aplicaci\u00f3n a petici\u00f3n de este de medidas precontractuales.<\/p><p><strong>Fines del Tratamiento:<\/strong> Selecci\u00f3n de personal y provisi\u00f3n de puestos de trabajo.<\/p><p><strong>Colectivo:<\/strong> Candidatos presentados a procedimientos de provisi\u00f3n de puestos de trabajo.<\/p><p><strong>Categor\u00edas de Datos:<\/strong> &#8211; Nombre y apellidos, DNI\/CIF\/Documento identificativo, n\u00famero de registro de personal, direcci\u00f3n, firma y tel\u00e9fono.<\/p><p>&#8211; Datos de caracter\u00edsticas personales: Sexo, estado civil, nacionalidad, edad, fecha y lugar de nacimiento y datos familiares.<\/p><p>&#8211; Datos acad\u00e9micos y profesionales: Titulaciones, formaci\u00f3n y experiencia profesional.<\/p><p>&#8211; Datos de detalle de empleo.<\/p><p><strong>Categor\u00edas de Destinatarios:<\/strong> No est\u00e1n previstas cesiones de datos a terceros.<\/p><p><strong>Transferencias Internacionales:<\/strong> No est\u00e1n previstas transferencias internacionales de los datos.<\/p><p><strong>Plazo de Supresi\u00f3n:<\/strong> Se conservar\u00e1n durante el tiempo necesario para cumplir con la finalidad para la que se recabaron y para determinar las posibles responsabilidades que se pudieran derivar de dicha finalidad y del tratamiento de los datos.<\/p><p><strong>Medidas de Seguridad:<\/strong> Adaptadas a las exigencias del Reglamento (EU) 2016\/679, Reglamento General de Protecci\u00f3n de Datos.<\/p><p>\u00a0<\/p><p>TRATAMIENTO DE <strong>PROVEEDORES<\/strong><\/p><p><strong>Base Jur\u00eddica:<\/strong> RGPD: 6.1.b) Tratamiento necesario para la ejecuci\u00f3n de un contrato en el que el interesado es parte o para la aplicaci\u00f3n a petici\u00f3n de \u00e9ste de medidas precontractuales.<\/p><p>RGPD: 6.1.c) Tratamiento necesario para el cumplimiento de una obligaci\u00f3n legal aplicable al responsable del tratamiento.<\/p><p>Real Decreto Legislativo 2\/2015, de 23 de octubre, por el que se aprueba el texto refundido de la Ley del Estatuto de los Trabajadores.<\/p><p>Ley 58\/2003, de 17 de diciembre, General Tributaria.<\/p><p><strong>Fines del Tratamiento:<\/strong> &#8211; Adquisici\u00f3n de productos y\/o servicios que necesitamos para el desarrollo de nuestra actividad.<\/p><p>&#8211; Control de los subcontratistas si procede.<\/p><p><strong>Colectivo:<\/strong> &#8211; Proveedores.<\/p><p>&#8211; Personas que trabajan para nuestros proveedores.<\/p><p><strong>Categor\u00edas de Datos:<\/strong> &#8211; Nombre y apellidos, DNI\/NIF\/Documento identificativo, direcci\u00f3n, firma y tel\u00e9fono.<\/p><p>&#8211; Datos de detalle de empleo: puesto de trabajo. Formaci\u00f3n en seguridad laboral.<\/p><p>&#8211; Datos econ\u00f3mico financieros y de seguros: Datos bancarios.<\/p><p><strong>Categor\u00edas de Destinatarios:<\/strong> &#8211; Entidades financieras. (Pago de facturas)<\/p><p>&#8211; Agencia Estatal de Administraci\u00f3n Tributaria.<\/p><p><strong>Transferencias Internacionales:<\/strong> No est\u00e1n previstas transferencias internacionales de los datos.<\/p><p><strong>Plazo de Supresi\u00f3n:<\/strong> Se conservar\u00e1n durante el tiempo necesario para cumplir con la finalidad para la que se recabaron y para determinar las posibles responsabilidades que se pudieran derivar de dicha finalidad y del tratamiento de los datos, conforme a la Ley 58\/2003, de 17 de diciembre, General Tributaria,<\/p><p><strong>Medidas de Seguridad:<\/strong> Adaptadas a las exigencias del Reglamento (EU) 2016\/679, Reglamento General de Protecci\u00f3n de Datos.<\/p><p>\u00a0<\/p><p>TRATAMIENTO DE <strong>CLIENTES.<\/strong><\/p><p><strong>Base Jur\u00eddica:<\/strong> RGPD: 6.1.a) El interesado dio su consentimiento para el tratamiento de sus datos personales para uno o varios fines espec\u00edficos.<\/p><p>RGPD: 6.1.b) Tratamiento necesario para la ejecuci\u00f3n de un contrato en el que el interesado es parte o para la aplicaci\u00f3n a petici\u00f3n de \u00e9ste de medidas precontractuales.<\/p><p>RGPD: 6.1.c) Tratamiento necesario para el cumplimiento de una obligaci\u00f3n legal aplicable al responsable del tratamiento.<\/p><p>RGPD: 6.1.f) Tratamiento necesario para la satisfacci\u00f3n de intereses leg\u00edtimos del responsable del tratamiento.<\/p><p>Real Decreto Legislativo 2\/2015, de 23 de octubre, por el que se aprueba el texto refundido de la Ley del Estatuto de los Trabajadores.<\/p><p>Ley 58\/2003, de 17 de diciembre, General Tributaria.<\/p><p><strong>Fines del Tratamiento:<\/strong> Suministro de nuestros productos \/ servicios<\/p><p><strong>Colectivo:<\/strong> Clientes<\/p><p><strong>Categor\u00edas de Datos:<\/strong> &#8211; Nombre y apellidos, DNI\/NIF\/Documento identificativo, direcci\u00f3n, firma y tel\u00e9fono.<\/p><p>&#8211; Datos econ\u00f3mico financieros y de seguros: Datos bancarios<\/p><p><strong>Categor\u00edas de Destinatarios:<\/strong> &#8211; Entidades financieras.<\/p><p>&#8211; Agencia Estatal de Administraci\u00f3n Tributaria.<\/p><p><strong>Transferencias Internacionales:<\/strong> No est\u00e1n previstas transferencias internacionales de los datos.<\/p><p><strong>Plazo de Supresi\u00f3n:<\/strong> Se conservar\u00e1n durante el tiempo necesario para cumplir con la finalidad para la que se recabaron y para determinar las posibles responsabilidades que se pudieran derivar de dicha finalidad y del tratamiento de los datos, conforme a la Ley 58\/2003, de 17 de diciembre, General Tributaria,<\/p><p><strong>Medidas de Seguridad:<\/strong> Adaptadas a las exigencias del Reglamento (EU) 2016\/679, Reglamento General de Protecci\u00f3n de Datos.<\/p><p>\u00a0<\/p><h3><strong>TUS DERECHOS<\/strong><\/h3><p>Tienes derecho a solicitarnos una copia de tus datos personales, a rectificar los datos inexactos o completarlos si estuvieren incompletos, o en su caso suprimirlos, cuando ya no sean necesarios para los fines para los que fueron recogidos.<\/p><p>\u00a0<\/p><p>Tambi\u00e9n tienes derecho a limitar el tratamiento de tus datos personales y a obtener tus datos personales en un formato estructurado y legible.<\/p><p>\u00a0<\/p><p>Puedes oponerte al tratamiento de tus datos personales en algunas circunstancias (en particular, cuando no tengamos que procesarlos para cumplir con un requisito contractual u otro requisito legal, o cuando el objeto del tratamiento sea el marketing directo).<\/p><p>\u00a0<\/p><p>Cuando nos hayas otorgado tu consentimiento, podr\u00e1s retirarlo en cualquier momento. En ese momento dejaremos de tratar tus datos o, en su caso, dejaremos de hacerlo para esa finalidad en concreto. Si decides retirar tu consentimiento, esto no afectar\u00e1 a ning\u00fan tratamiento que haya tenido lugar mientras tu consentimiento estaba vigente.<\/p><p>\u00a0<\/p><p>Estos derechos podr\u00e1n verse limitados; por ejemplo si para cumplir tu solicitud tuvi\u00e9semos que revelar datos sobre otra persona, o si nos solicitas que eliminemos algunos registros que estamos obligados a mantener por una obligaci\u00f3n legal o por un inter\u00e9s leg\u00edtimo, como pueda ser el ejercicio de defensa ante reclamaciones. O incluso en aquellos casos donde debe prevalecer el derecho a la libertad de expresi\u00f3n e informaci\u00f3n.<\/p><p>\u00a0<\/p><p>Puedes contactar con nosotros por cualquiera de los medios indicados en el apartado Responsable del Tratamiento de esta pol\u00edtica de privacidad, aportando una copia de un documento que acredite tu identidad (normalmente el DNI).<\/p><p>\u00a0<\/p><p>Otro de tus derechos es el de no ser objeto de una decisi\u00f3n basada \u00fanicamente en un tratamiento automatizado, incluida la elaboraci\u00f3n de perfiles que produzca efectos jur\u00eddicos o te afecte.<\/p><p>\u00a0<\/p><p>Frente a cualquier vulneraci\u00f3n de tus derechos, como, por ejemplo, que no hayamos atendido tu solicitud, tienes derecho a presentar una reclamaci\u00f3n ante la Autoridad de Control en materia de<\/p><p>protecci\u00f3n de datos. Esta puede ser la de tu pa\u00eds (si vives fuera de Espa\u00f1a) o la Agencia Espa\u00f1ola de Protecci\u00f3n de Datos (si vives en Espa\u00f1a).<\/p><p>\u00a0<\/p><p><strong>Enlaces a sitios web de terceros.<\/strong><\/p><p>Nuestro sitio web puede, en algunas ocasiones, contener enlaces hacia otros sitios web. Es tu responsabilidad asegurarte de leer la pol\u00edtica de protecci\u00f3n de datos y las condiciones legales que se apliquen a cada sitio.<\/p><p>\u00a0<\/p><p><strong>Datos de terceros.<\/strong><\/p><p>Si nos facilitas datos de terceros, asumes la responsabilidad de informarles previamente seg\u00fan lo establecido en el art\u00edculo 14 del RGPD.<\/p><\/section><section><\/section>\t\t\t\t\t\t\t\t<\/div>\n\t\t\t\t<\/div>\n\t\t\t\t\t<\/div>\n\t\t<\/div>\n\t\t\t\t\t<\/div>\n\t\t<\/section>\n\t\t\t\t<\/div>\n\t\t","protected":false},"excerpt":{"rendered":"<p>Politique de confidentialit Le responsable du traitement des donn\u00e9es est EXCELLENT CORK S.L., C\/Cuenca, 5, 03440, Ibi (ALICANTE). &nbsp; Principes de confidentialit\u00e9 De EXCELLENT CORK S.L.<span class=\"excerpt-hellip\"> [\u2026]<\/span><\/p>\n","protected":false},"author":1,"featured_media":0,"parent":0,"menu_order":0,"comment_status":"closed","ping_status":"open","template":"elementor_header_footer","meta":{"footnotes":""},"class_list":["post-6993","page","type-page","status-publish","hentry"],"_links":{"self":[{"href":"https:\/\/www.excellentcork.com\/fr\/wp-json\/wp\/v2\/pages\/6993","targetHints":{"allow":["GET"]}}],"collection":[{"href":"https:\/\/www.excellentcork.com\/fr\/wp-json\/wp\/v2\/pages"}],"about":[{"href":"https:\/\/www.excellentcork.com\/fr\/wp-json\/wp\/v2\/types\/page"}],"author":[{"embeddable":true,"href":"https:\/\/www.excellentcork.com\/fr\/wp-json\/wp\/v2\/users\/1"}],"replies":[{"embeddable":true,"href":"https:\/\/www.excellentcork.com\/fr\/wp-json\/wp\/v2\/comments?post=6993"}],"version-history":[{"count":1,"href":"https:\/\/www.excellentcork.com\/fr\/wp-json\/wp\/v2\/pages\/6993\/revisions"}],"predecessor-version":[{"id":6995,"href":"https:\/\/www.excellentcork.com\/fr\/wp-json\/wp\/v2\/pages\/6993\/revisions\/6995"}],"wp:attachment":[{"href":"https:\/\/www.excellentcork.com\/fr\/wp-json\/wp\/v2\/media?parent=6993"}],"curies":[{"name":"wp","href":"https:\/\/api.w.org\/{rel}","templated":true}]}}