{"id":10872,"date":"2026-03-12T12:11:45","date_gmt":"2026-03-12T11:11:45","guid":{"rendered":"https:\/\/www.excellentcork.com\/producto\/espigas-serie-rn\/"},"modified":"2026-03-12T14:13:29","modified_gmt":"2026-03-12T13:13:29","slug":"espigas-serie-rn","status":"publish","type":"product","link":"https:\/\/www.excellentcork.com\/fr\/producto\/espigas-serie-rn\/","title":{"rendered":"\u00c9pis &#8211; S\u00c9RIE RN"},"content":{"rendered":"\t\t<div data-elementor-type=\"product-post\" data-elementor-id=\"10872\" class=\"elementor elementor-10872 elementor-10799\" data-elementor-post-type=\"product\">\n\t\t\t\t\t\t<section class=\"elementor-section elementor-top-section elementor-element elementor-element-d9d74a2 elementor-section-boxed elementor-section-height-default elementor-section-height-default\" data-id=\"d9d74a2\" data-element_type=\"section\" data-e-type=\"section\">\n\t\t\t\t\t\t<div class=\"elementor-container elementor-column-gap-default\">\n\t\t\t\t\t<div class=\"elementor-column elementor-col-100 elementor-top-column elementor-element elementor-element-ceb7a23\" data-id=\"ceb7a23\" data-element_type=\"column\" data-e-type=\"column\">\n\t\t\t<div class=\"elementor-widget-wrap elementor-element-populated\">\n\t\t\t\t\t\t<div class=\"elementor-element elementor-element-ad3ec83 elementor-widget elementor-widget-text-editor\" data-id=\"ad3ec83\" data-element_type=\"widget\" data-e-type=\"widget\" data-widget_type=\"text-editor.default\">\n\t\t\t\t<div class=\"elementor-widget-container\">\n\t\t\t\t\t\t\t\t\t<div class=\"descripcion\">\n<div class=\"descripcion\">\n<div class=\"colIzq\">\n<div class=\"grupoEnlaces\">\n<p>L&#8217;utilisation de bouchons synth\u00e9tiques se d\u00e9veloppe \u00e0 grands pas sur le march\u00e9 des spiritueux en raison de leurs excellentes performances par rapport aux bouchons traditionnels en li\u00e8ge agglom\u00e9r\u00e9, car les alcools \u00e0 forte et moyenne teneur en alcool attaquent les colles utilis\u00e9es dans ces produits, provoquant des cassures, des d\u00e9tachements de particules, un aspect tr\u00e8s d\u00e9sagr\u00e9able du bouchon, etc. Tous ces probl\u00e8mes sont r\u00e9solus gr\u00e2ce \u00e0 l&#8217;utilisation de bouchons synth\u00e9tiques, car ils offrent une excellente \u00e9tanch\u00e9it\u00e9 et sont inalt\u00e9rables au fil du temps. Nous proposons une large gamme de tailles et sommes en mesure de fabriquer tr\u00e8s rapidement le mod\u00e8le qui r\u00e9pond \u00e0 vos besoins.<\/p>\n<\/div>\n<p><\/div>\n<p><\/div>\n<p><\/div>\n\t\t\t\t\t\t\t\t<\/div>\n\t\t\t\t<\/div>\n\t\t\t\t\t<\/div>\n\t\t<\/div>\n\t\t\t\t\t<\/div>\n\t\t<\/section>\n\t\t\t\t<section class=\"elementor-section elementor-top-section elementor-element elementor-element-47732f0 elementor-section-boxed elementor-section-height-default elementor-section-height-default\" data-id=\"47732f0\" data-element_type=\"section\" data-e-type=\"section\">\n\t\t\t\t\t\t<div class=\"elementor-container elementor-column-gap-default\">\n\t\t\t\t\t<div class=\"elementor-column elementor-col-100 elementor-top-column elementor-element elementor-element-66a0287\" data-id=\"66a0287\" data-element_type=\"column\" data-e-type=\"column\">\n\t\t\t<div class=\"elementor-widget-wrap elementor-element-populated\">\n\t\t\t\t\t\t<section class=\"elementor-section elementor-inner-section elementor-element elementor-element-a3cd06e elementor-section-boxed elementor-section-height-default elementor-section-height-default\" data-id=\"a3cd06e\" data-element_type=\"section\" data-e-type=\"section\">\n\t\t\t\t\t\t<div class=\"elementor-container elementor-column-gap-default\">\n\t\t\t\t\t<div class=\"elementor-column elementor-col-50 elementor-inner-column elementor-element elementor-element-82d1eb2\" data-id=\"82d1eb2\" data-element_type=\"column\" data-e-type=\"column\">\n\t\t\t<div class=\"elementor-widget-wrap elementor-element-populated\">\n\t\t\t\t\t\t<div class=\"elementor-element elementor-element-13f6386 elementor-align-center elementor-widget elementor-widget-button\" data-id=\"13f6386\" data-element_type=\"widget\" data-e-type=\"widget\" data-widget_type=\"button.default\">\n\t\t\t\t<div class=\"elementor-widget-container\">\n\t\t\t\t\t\t\t\t\t<div class=\"elementor-button-wrapper\">\n\t\t\t\t\t<a class=\"elementor-button elementor-button-link elementor-size-md\" href=\"https:\/\/www.excellentcork.com\/wp-content\/uploads\/2026\/03\/FT-SERIE-ESPIGAS-03-03-2025-RN.pdf\">\n\t\t\t\t\t\t<span class=\"elementor-button-content-wrapper\">\n\t\t\t\t\t\t\t\t\t<span class=\"elementor-button-text\">VOIR LA FICHE TECHNIQUE<\/span>\n\t\t\t\t\t<\/span>\n\t\t\t\t\t<\/a>\n\t\t\t\t<\/div>\n\t\t\t\t\t\t\t\t<\/div>\n\t\t\t\t<\/div>\n\t\t\t\t\t<\/div>\n\t\t<\/div>\n\t\t\t\t<div class=\"elementor-column elementor-col-50 elementor-inner-column elementor-element elementor-element-f7f650c\" data-id=\"f7f650c\" data-element_type=\"column\" data-e-type=\"column\">\n\t\t\t<div class=\"elementor-widget-wrap elementor-element-populated\">\n\t\t\t\t\t\t<div class=\"elementor-element elementor-element-1bf27bf elementor-align-center elementor-widget elementor-widget-button\" data-id=\"1bf27bf\" data-element_type=\"widget\" data-e-type=\"widget\" data-widget_type=\"button.default\">\n\t\t\t\t<div class=\"elementor-widget-container\">\n\t\t\t\t\t\t\t\t\t<div class=\"elementor-button-wrapper\">\n\t\t\t\t\t<a class=\"elementor-button elementor-button-link elementor-size-md\" href=\"https:\/\/www.excellentcork.com\/fr\/contact\/\">\n\t\t\t\t\t\t<span class=\"elementor-button-content-wrapper\">\n\t\t\t\t\t\t\t\t\t<span class=\"elementor-button-text\">DEMANDER DES \u00c9CHANTILLONS<\/span>\n\t\t\t\t\t<\/span>\n\t\t\t\t\t<\/a>\n\t\t\t\t<\/div>\n\t\t\t\t\t\t\t\t<\/div>\n\t\t\t\t<\/div>\n\t\t\t\t\t<\/div>\n\t\t<\/div>\n\t\t\t\t\t<\/div>\n\t\t<\/section>\n\t\t\t\t\t<\/div>\n\t\t<\/div>\n\t\t\t\t\t<\/div>\n\t\t<\/section>\n\t\t\t\t<\/div>\n\t\t","protected":false},"excerpt":{"rendered":"<p>\u00a0<\/p>\n<p>\u00a0<\/p>\n","protected":false},"featured_media":3270,"template":"","meta":[],"product_brand":[],"product_cat":[70,693],"product_tag":[],"class_list":{"0":"post-10872","1":"product","2":"type-product","3":"status-publish","4":"has-post-thumbnail","6":"product_cat-pointes-fr","7":"product_cat-rn-serie","9":"first","10":"instock","11":"shipping-taxable","12":"product-type-simple"},"_links":{"self":[{"href":"https:\/\/www.excellentcork.com\/fr\/wp-json\/wp\/v2\/product\/10872","targetHints":{"allow":["GET"]}}],"collection":[{"href":"https:\/\/www.excellentcork.com\/fr\/wp-json\/wp\/v2\/product"}],"about":[{"href":"https:\/\/www.excellentcork.com\/fr\/wp-json\/wp\/v2\/types\/product"}],"version-history":[{"count":2,"href":"https:\/\/www.excellentcork.com\/fr\/wp-json\/wp\/v2\/product\/10872\/revisions"}],"predecessor-version":[{"id":10876,"href":"https:\/\/www.excellentcork.com\/fr\/wp-json\/wp\/v2\/product\/10872\/revisions\/10876"}],"wp:featuredmedia":[{"embeddable":true,"href":"https:\/\/www.excellentcork.com\/fr\/wp-json\/wp\/v2\/media\/3270"}],"wp:attachment":[{"href":"https:\/\/www.excellentcork.com\/fr\/wp-json\/wp\/v2\/media?parent=10872"}],"wp:term":[{"taxonomy":"product_brand","embeddable":true,"href":"https:\/\/www.excellentcork.com\/fr\/wp-json\/wp\/v2\/product_brand?post=10872"},{"taxonomy":"product_cat","embeddable":true,"href":"https:\/\/www.excellentcork.com\/fr\/wp-json\/wp\/v2\/product_cat?post=10872"},{"taxonomy":"product_tag","embeddable":true,"href":"https:\/\/www.excellentcork.com\/fr\/wp-json\/wp\/v2\/product_tag?post=10872"}],"curies":[{"name":"wp","href":"https:\/\/api.w.org\/{rel}","templated":true}]}}