{"id":4730,"date":"2021-06-09T11:13:11","date_gmt":"2021-06-09T11:13:11","guid":{"rendered":"https:\/\/excellentcork.com\/producto\/duo-42-terra\/"},"modified":"2022-11-21T16:18:36","modified_gmt":"2022-11-21T16:18:36","slug":"duo-42-terra","status":"publish","type":"product","link":"https:\/\/www.excellentcork.com\/fr\/producto\/duo-42-terra\/","title":{"rendered":"DUO-42 Terra"},"content":{"rendered":"\t\t<div data-elementor-type=\"product-post\" data-elementor-id=\"4730\" class=\"elementor elementor-4730 elementor-180\" data-elementor-post-type=\"product\">\n\t\t\t\t\t\t<section class=\"elementor-section elementor-top-section elementor-element elementor-element-d9d74a2 elementor-section-boxed elementor-section-height-default elementor-section-height-default\" data-id=\"d9d74a2\" data-element_type=\"section\" data-e-type=\"section\">\n\t\t\t\t\t\t<div class=\"elementor-container elementor-column-gap-default\">\n\t\t\t\t\t<div class=\"elementor-column elementor-col-100 elementor-top-column elementor-element elementor-element-ceb7a23\" data-id=\"ceb7a23\" data-element_type=\"column\" data-e-type=\"column\">\n\t\t\t<div class=\"elementor-widget-wrap elementor-element-populated\">\n\t\t\t\t\t\t<div class=\"elementor-element elementor-element-93e8736 elementor-widget elementor-widget-text-editor\" data-id=\"93e8736\" data-element_type=\"widget\" data-e-type=\"widget\" data-widget_type=\"text-editor.default\">\n\t\t\t\t<div class=\"elementor-widget-container\">\n\t\t\t\t\t\t\t\t\t<p>Gr\u00e2ce \u00e0 son design exclusif, le bouchon DUO a d\u00e9montr\u00e9 son incomparable fonctionnalit\u00e9 pour obtenir un EXCELLENT REBOUCHAGE. Sa haute densit\u00e9 lui offre \u00e9galement une FERMETURE TR\u00c8S S\u00c9CURIS\u00c9E pour conserver le vin.<\/p><p>Le haut degr\u00e9 de satisfaction des clients qui utilisent d\u00e9j\u00e0 le bouchon DUO et des nouveaux clients qui l\u2019int\u00e8grent jour apr\u00e8s jour dans leurs vins est notre plus grande GARANTIE.<br \/>Le bouchon DUO TERRA est la combinaison de l\u2019efficacit\u00e9 v\u00e9rifi\u00e9e en termes de fonctionnalit\u00e9 et de s\u00e9curit\u00e9 dans la fermeture et de l\u2019utilisation de mat\u00e9riaux et de syst\u00e8mes de production plus respectueux de l\u2019environnement.<\/p>\t\t\t\t\t\t\t\t<\/div>\n\t\t\t\t<\/div>\n\t\t\t\t<div class=\"elementor-element elementor-element-00027e9 elementor-widget elementor-widget-spacer\" data-id=\"00027e9\" data-element_type=\"widget\" data-e-type=\"widget\" data-widget_type=\"spacer.default\">\n\t\t\t\t<div class=\"elementor-widget-container\">\n\t\t\t\t\t\t\t<div class=\"elementor-spacer\">\n\t\t\t<div class=\"elementor-spacer-inner\"><\/div>\n\t\t<\/div>\n\t\t\t\t\t\t<\/div>\n\t\t\t\t<\/div>\n\t\t\t\t\t<\/div>\n\t\t<\/div>\n\t\t\t\t\t<\/div>\n\t\t<\/section>\n\t\t\t\t<section class=\"elementor-section elementor-top-section elementor-element elementor-element-d40f699 elementor-section-boxed elementor-section-height-default elementor-section-height-default\" data-id=\"d40f699\" data-element_type=\"section\" data-e-type=\"section\">\n\t\t\t\t\t\t<div class=\"elementor-container elementor-column-gap-default\">\n\t\t\t\t\t<div class=\"elementor-column elementor-col-100 elementor-top-column elementor-element elementor-element-550a1e7\" data-id=\"550a1e7\" data-element_type=\"column\" data-e-type=\"column\">\n\t\t\t<div class=\"elementor-widget-wrap elementor-element-populated\">\n\t\t\t\t\t\t<section class=\"elementor-section elementor-inner-section elementor-element elementor-element-bb9b2f5 elementor-section-boxed elementor-section-height-default elementor-section-height-default\" data-id=\"bb9b2f5\" data-element_type=\"section\" data-e-type=\"section\">\n\t\t\t\t\t\t<div class=\"elementor-container elementor-column-gap-default\">\n\t\t\t\t\t<div class=\"elementor-column elementor-col-50 elementor-inner-column elementor-element elementor-element-68c852c\" data-id=\"68c852c\" data-element_type=\"column\" data-e-type=\"column\">\n\t\t\t<div class=\"elementor-widget-wrap elementor-element-populated\">\n\t\t\t\t\t\t<div class=\"elementor-element elementor-element-88147ca elementor-widget elementor-widget-text-editor\" data-id=\"88147ca\" data-element_type=\"widget\" data-e-type=\"widget\" data-widget_type=\"text-editor.default\">\n\t\t\t\t<div class=\"elementor-widget-container\">\n\t\t\t\t\t\t\t\t\t<p><strong>Diam\u00e8tre d&#8217;extr\u00e9mit\u00e9<\/strong><br \/><strong>Longueur totale<\/strong><br \/><strong>Recapuchonnage apr\u00e8s mise en bouteille<\/strong><br \/><strong>Diam\u00e8tre de la t\u00eate<\/strong><br \/><strong>force d&#8217;extraction<\/strong><br \/><strong>Diam\u00e8tre du corps<\/strong><br \/><strong>Taux de transmission d&#8217;oxyg\u00e8ne<\/strong><br \/><strong>Longueur extr\u00eame<\/strong><br \/><strong>Densit\u00e9<\/strong><br \/><strong>Lester<\/strong><\/p>\t\t\t\t\t\t\t\t<\/div>\n\t\t\t\t<\/div>\n\t\t\t\t\t<\/div>\n\t\t<\/div>\n\t\t\t\t<div class=\"elementor-column elementor-col-50 elementor-inner-column elementor-element elementor-element-6aac611\" data-id=\"6aac611\" data-element_type=\"column\" data-e-type=\"column\">\n\t\t\t<div class=\"elementor-widget-wrap elementor-element-populated\">\n\t\t\t\t\t\t<div class=\"elementor-element elementor-element-2b839f9 elementor-widget elementor-widget-text-editor\" data-id=\"2b839f9\" data-element_type=\"widget\" data-e-type=\"widget\" data-widget_type=\"text-editor.default\">\n\t\t\t\t<div class=\"elementor-widget-container\">\n\t\t\t\t\t\t\t\t\t<div class=\"descripcion\">\n<div class=\"descripcion\">\n<div class=\"titulo\">\n<div class=\"tbl\">\n<div class=\"valor\">19,3 mm \u00b1 0,1 mm<\/div>\n<div>42,3 mm \u00b1 0,3 mm<\/div>\n<div>\n<div class=\"tbl\">\n<div class=\"valor\">INMEDIATO<\/div>\n<div>\n<div class=\"tbl\">\n<div class=\"valor\">35,1 mm \u00b1 0,3 mm<\/div>\n<div>\n<div class=\"tbl\">\n<div class=\"valor\">De 15 a 40 kg<\/div>\n<div>\n<div class=\"tbl\">\n<div class=\"valor\">22,3 mm \u00b1 0,2 mm<\/div>\n<div>\n<div class=\"tbl\">\n<div class=\"valor\">0,026 cm\u00b3 (envase\/d\u00eda)<\/div>\n<div>\n<div class=\"tbl\">\n<div class=\"valor\">7 mm \u00b1 0,1 mm<\/div>\n<div>\n<div class=\"tbl\">\n<div class=\"valor\">0,455 g\/cm\u00b3 \u00b1 3,5%\u00a0<\/div>\n<div>7,2 g \u00b1 0,3 g<\/div>\n<\/div>\n<\/div>\n<\/div>\n<\/div>\n<\/div>\n<\/div>\n<\/div>\n<\/div>\n<\/div>\n<\/div>\n<\/div>\n<\/div>\n<\/div>\n<\/div>\n<\/div>\n<\/div>\n<\/div>\n<\/div>\n\t\t\t\t\t\t\t\t<\/div>\n\t\t\t\t<\/div>\n\t\t\t\t\t<\/div>\n\t\t<\/div>\n\t\t\t\t\t<\/div>\n\t\t<\/section>\n\t\t\t\t\t<\/div>\n\t\t<\/div>\n\t\t\t\t\t<\/div>\n\t\t<\/section>\n\t\t\t\t<section class=\"elementor-section elementor-top-section elementor-element elementor-element-47732f0 elementor-section-boxed elementor-section-height-default elementor-section-height-default\" data-id=\"47732f0\" data-element_type=\"section\" data-e-type=\"section\">\n\t\t\t\t\t\t<div class=\"elementor-container elementor-column-gap-default\">\n\t\t\t\t\t<div class=\"elementor-column elementor-col-100 elementor-top-column elementor-element elementor-element-66a0287\" data-id=\"66a0287\" data-element_type=\"column\" data-e-type=\"column\">\n\t\t\t<div class=\"elementor-widget-wrap elementor-element-populated\">\n\t\t\t\t\t\t<section class=\"elementor-section elementor-inner-section elementor-element elementor-element-a3cd06e elementor-section-boxed elementor-section-height-default elementor-section-height-default\" data-id=\"a3cd06e\" data-element_type=\"section\" data-e-type=\"section\">\n\t\t\t\t\t\t<div class=\"elementor-container elementor-column-gap-default\">\n\t\t\t\t\t<div class=\"elementor-column elementor-col-50 elementor-inner-column elementor-element elementor-element-82d1eb2\" data-id=\"82d1eb2\" data-element_type=\"column\" data-e-type=\"column\">\n\t\t\t<div class=\"elementor-widget-wrap elementor-element-populated\">\n\t\t\t\t\t\t<div class=\"elementor-element elementor-element-13f6386 elementor-align-center elementor-widget elementor-widget-button\" data-id=\"13f6386\" data-element_type=\"widget\" data-e-type=\"widget\" data-widget_type=\"button.default\">\n\t\t\t\t<div class=\"elementor-widget-container\">\n\t\t\t\t\t\t\t\t\t<div class=\"elementor-button-wrapper\">\n\t\t\t\t\t<a class=\"elementor-button elementor-button-link elementor-size-md\" href=\"https:\/\/www.excellentcork.com\/wp-content\/uploads\/2022\/06\/FT-DUO-42-Terra.pdf\">\n\t\t\t\t\t\t<span class=\"elementor-button-content-wrapper\">\n\t\t\t\t\t\t\t\t\t<span class=\"elementor-button-text\">VOIR FICHE TECHNIQUE<\/span>\n\t\t\t\t\t<\/span>\n\t\t\t\t\t<\/a>\n\t\t\t\t<\/div>\n\t\t\t\t\t\t\t\t<\/div>\n\t\t\t\t<\/div>\n\t\t\t\t\t<\/div>\n\t\t<\/div>\n\t\t\t\t<div class=\"elementor-column elementor-col-50 elementor-inner-column elementor-element elementor-element-f7f650c\" data-id=\"f7f650c\" data-element_type=\"column\" data-e-type=\"column\">\n\t\t\t<div class=\"elementor-widget-wrap elementor-element-populated\">\n\t\t\t\t\t\t<div class=\"elementor-element elementor-element-1bf27bf elementor-align-center elementor-widget elementor-widget-button\" data-id=\"1bf27bf\" data-element_type=\"widget\" data-e-type=\"widget\" data-widget_type=\"button.default\">\n\t\t\t\t<div class=\"elementor-widget-container\">\n\t\t\t\t\t\t\t\t\t<div class=\"elementor-button-wrapper\">\n\t\t\t\t\t<a class=\"elementor-button elementor-button-link elementor-size-md\" href=\"https:\/\/www.excellentcork.com\/contacto\/\">\n\t\t\t\t\t\t<span class=\"elementor-button-content-wrapper\">\n\t\t\t\t\t\t\t\t\t<span class=\"elementor-button-text\">SOLLICITER DES \u00c9CHANTILLONS<\/span>\n\t\t\t\t\t<\/span>\n\t\t\t\t\t<\/a>\n\t\t\t\t<\/div>\n\t\t\t\t\t\t\t\t<\/div>\n\t\t\t\t<\/div>\n\t\t\t\t\t<\/div>\n\t\t<\/div>\n\t\t\t\t\t<\/div>\n\t\t<\/section>\n\t\t\t\t\t<\/div>\n\t\t<\/div>\n\t\t\t\t\t<\/div>\n\t\t<\/section>\n\t\t\t\t<section class=\"elementor-section elementor-top-section elementor-element elementor-element-90dcf0a elementor-section-boxed elementor-section-height-default elementor-section-height-default\" data-id=\"90dcf0a\" data-element_type=\"section\" data-e-type=\"section\">\n\t\t\t\t\t\t<div class=\"elementor-container elementor-column-gap-default\">\n\t\t\t\t\t<div class=\"elementor-column elementor-col-100 elementor-top-column elementor-element elementor-element-95f0145\" data-id=\"95f0145\" data-element_type=\"column\" data-e-type=\"column\">\n\t\t\t<div class=\"elementor-widget-wrap elementor-element-populated\">\n\t\t\t\t\t\t<section class=\"elementor-section elementor-inner-section elementor-element elementor-element-2b4b5e5 elementor-section-boxed elementor-section-height-default elementor-section-height-default\" data-id=\"2b4b5e5\" data-element_type=\"section\" data-e-type=\"section\">\n\t\t\t\t\t\t<div class=\"elementor-container elementor-column-gap-default\">\n\t\t\t\t\t<div class=\"elementor-column elementor-col-100 elementor-inner-column elementor-element elementor-element-d5aa023\" data-id=\"d5aa023\" data-element_type=\"column\" data-e-type=\"column\">\n\t\t\t<div class=\"elementor-widget-wrap elementor-element-populated\">\n\t\t\t\t\t\t<div class=\"elementor-element elementor-element-f2f6ec5 elementor-align-center elementor-widget elementor-widget-button\" data-id=\"f2f6ec5\" data-element_type=\"widget\" data-e-type=\"widget\" data-widget_type=\"button.default\">\n\t\t\t\t<div class=\"elementor-widget-container\">\n\t\t\t\t\t\t\t\t\t<div class=\"elementor-button-wrapper\">\n\t\t\t\t\t<a class=\"elementor-button elementor-button-link elementor-size-md\" href=\"https:\/\/www.excellentcork.com\/tapones-sinteticos-de-colores\/\">\n\t\t\t\t\t\t<span class=\"elementor-button-content-wrapper\">\n\t\t\t\t\t\t\t\t\t<span class=\"elementor-button-text\">PERSONNALISATION<\/span>\n\t\t\t\t\t<\/span>\n\t\t\t\t\t<\/a>\n\t\t\t\t<\/div>\n\t\t\t\t\t\t\t\t<\/div>\n\t\t\t\t<\/div>\n\t\t\t\t\t<\/div>\n\t\t<\/div>\n\t\t\t\t\t<\/div>\n\t\t<\/section>\n\t\t\t\t\t<\/div>\n\t\t<\/div>\n\t\t\t\t\t<\/div>\n\t\t<\/section>\n\t\t\t\t<\/div>\n\t\t","protected":false},"excerpt":{"rendered":"<p>Gr\u00e2ce \u00e0 son design exclusif, le bouchon DUO a d\u00e9montr\u00e9 son incomparable fonctionnalit\u00e9 pour obtenir un EXCELLENT REBOUCHAGE. Sa haute densit\u00e9 lui offre \u00e9galement une FERMETURE<span class=\"excerpt-hellip\"> [\u2026]<\/span><\/p>\n","protected":false},"featured_media":1722,"template":"","meta":[],"product_brand":[],"product_cat":[63,72,39,51],"product_tag":[],"class_list":{"0":"post-4730","1":"product","2":"type-product","3":"status-publish","4":"has-post-thumbnail","6":"product_cat-bouchons-de-vin","7":"product_cat-tapones-de-vino-sinteticos","8":"product_cat-terra","9":"product_cat-terra-fr","11":"first","12":"instock","13":"shipping-taxable","14":"product-type-simple"},"_links":{"self":[{"href":"https:\/\/www.excellentcork.com\/fr\/wp-json\/wp\/v2\/product\/4730","targetHints":{"allow":["GET"]}}],"collection":[{"href":"https:\/\/www.excellentcork.com\/fr\/wp-json\/wp\/v2\/product"}],"about":[{"href":"https:\/\/www.excellentcork.com\/fr\/wp-json\/wp\/v2\/types\/product"}],"version-history":[{"count":10,"href":"https:\/\/www.excellentcork.com\/fr\/wp-json\/wp\/v2\/product\/4730\/revisions"}],"predecessor-version":[{"id":5268,"href":"https:\/\/www.excellentcork.com\/fr\/wp-json\/wp\/v2\/product\/4730\/revisions\/5268"}],"wp:featuredmedia":[{"embeddable":true,"href":"https:\/\/www.excellentcork.com\/fr\/wp-json\/wp\/v2\/media\/1722"}],"wp:attachment":[{"href":"https:\/\/www.excellentcork.com\/fr\/wp-json\/wp\/v2\/media?parent=4730"}],"wp:term":[{"taxonomy":"product_brand","embeddable":true,"href":"https:\/\/www.excellentcork.com\/fr\/wp-json\/wp\/v2\/product_brand?post=4730"},{"taxonomy":"product_cat","embeddable":true,"href":"https:\/\/www.excellentcork.com\/fr\/wp-json\/wp\/v2\/product_cat?post=4730"},{"taxonomy":"product_tag","embeddable":true,"href":"https:\/\/www.excellentcork.com\/fr\/wp-json\/wp\/v2\/product_tag?post=4730"}],"curies":[{"name":"wp","href":"https:\/\/api.w.org\/{rel}","templated":true}]}}