{"id":4732,"date":"2021-06-29T08:00:05","date_gmt":"2021-06-29T08:00:05","guid":{"rendered":"https:\/\/excellentcork.com\/producto\/s38-terra\/"},"modified":"2022-11-22T07:42:59","modified_gmt":"2022-11-22T07:42:59","slug":"s38-terra","status":"publish","type":"product","link":"https:\/\/www.excellentcork.com\/fr\/producto\/s38-terra\/","title":{"rendered":"S-38 Terra"},"content":{"rendered":"\t\t<div data-elementor-type=\"product-post\" data-elementor-id=\"4732\" class=\"elementor elementor-4732 elementor-1031\" data-elementor-post-type=\"product\">\n\t\t\t\t\t\t<section class=\"elementor-section elementor-top-section elementor-element elementor-element-d9d74a2 elementor-section-boxed elementor-section-height-default elementor-section-height-default\" data-id=\"d9d74a2\" data-element_type=\"section\" data-e-type=\"section\">\n\t\t\t\t\t\t<div class=\"elementor-container elementor-column-gap-default\">\n\t\t\t\t\t<div class=\"elementor-column elementor-col-100 elementor-top-column elementor-element elementor-element-ceb7a23\" data-id=\"ceb7a23\" data-element_type=\"column\" data-e-type=\"column\">\n\t\t\t<div class=\"elementor-widget-wrap elementor-element-populated\">\n\t\t\t\t\t\t<div class=\"elementor-element elementor-element-ab9b5ca elementor-widget elementor-widget-text-editor\" data-id=\"ab9b5ca\" data-element_type=\"widget\" data-e-type=\"widget\" data-widget_type=\"text-editor.default\">\n\t\t\t\t<div class=\"elementor-widget-container\">\n\t\t\t\t\t\t\t\t\t<p>Sa haute densit\u00e9, la grande homog\u00e9n\u00e9it\u00e9 obtenue gr\u00e2ce \u00e0 notre syst\u00e8me de fabrication d\u2019injection \u00e0 chambre unique, l\u2019utilisation de mat\u00e9riaux ne transf\u00e9rant aucune odeur et saveur au vin et son excellent rapport qualit\u00e9-prix font du S-38 un bouchon totalement S\u00c9CURIS\u00c9, FIABLE ET COMP\u00c9TITIF pour conserver des vins \u00e0 rotation rapide, tant pour le march\u00e9 national que pour l\u2019exportation.<\/p><p>Le bouchon S-38 TERRA est la combinaison d\u2019EFFICACIT\u00c9 et S\u00c9CURIT\u00c9 DANS LA FERMETURE, gr\u00e2ce \u00e0 l\u2019utilisation de mat\u00e9riaux et de syst\u00e8mes de production plus respectueux de l\u2019environnement.<\/p>\t\t\t\t\t\t\t\t<\/div>\n\t\t\t\t<\/div>\n\t\t\t\t<div class=\"elementor-element elementor-element-00027e9 elementor-widget elementor-widget-spacer\" data-id=\"00027e9\" data-element_type=\"widget\" data-e-type=\"widget\" data-widget_type=\"spacer.default\">\n\t\t\t\t<div class=\"elementor-widget-container\">\n\t\t\t\t\t\t\t<div class=\"elementor-spacer\">\n\t\t\t<div class=\"elementor-spacer-inner\"><\/div>\n\t\t<\/div>\n\t\t\t\t\t\t<\/div>\n\t\t\t\t<\/div>\n\t\t\t\t\t<\/div>\n\t\t<\/div>\n\t\t\t\t\t<\/div>\n\t\t<\/section>\n\t\t\t\t<section class=\"elementor-section elementor-top-section elementor-element elementor-element-d40f699 elementor-section-boxed elementor-section-height-default elementor-section-height-default\" data-id=\"d40f699\" data-element_type=\"section\" data-e-type=\"section\">\n\t\t\t\t\t\t<div class=\"elementor-container elementor-column-gap-default\">\n\t\t\t\t\t<div class=\"elementor-column elementor-col-100 elementor-top-column elementor-element elementor-element-550a1e7\" data-id=\"550a1e7\" data-element_type=\"column\" data-e-type=\"column\">\n\t\t\t<div class=\"elementor-widget-wrap elementor-element-populated\">\n\t\t\t\t\t\t<section class=\"elementor-section elementor-inner-section elementor-element elementor-element-bb9b2f5 elementor-section-boxed elementor-section-height-default elementor-section-height-default\" data-id=\"bb9b2f5\" data-element_type=\"section\" data-e-type=\"section\">\n\t\t\t\t\t\t<div class=\"elementor-container elementor-column-gap-default\">\n\t\t\t\t\t<div class=\"elementor-column elementor-col-50 elementor-inner-column elementor-element elementor-element-68c852c\" data-id=\"68c852c\" data-element_type=\"column\" data-e-type=\"column\">\n\t\t\t<div class=\"elementor-widget-wrap elementor-element-populated\">\n\t\t\t\t\t\t<div class=\"elementor-element elementor-element-500da4a elementor-widget elementor-widget-text-editor\" data-id=\"500da4a\" data-element_type=\"widget\" data-e-type=\"widget\" data-widget_type=\"text-editor.default\">\n\t\t\t\t<div class=\"elementor-widget-container\">\n\t\t\t\t\t\t\t\t\t<p><strong>Taux de transmission d&#8217;oxyg\u00e8ne<\/strong><br \/><strong>Densit\u00e9<\/strong><br \/><strong>force d&#8217;extraction<\/strong><br \/><strong>Lester<\/strong><br \/><strong>Recapuchonnage apr\u00e8s mise en bouteille<\/strong><br \/><strong>Diam\u00e8tre<\/strong><br \/><strong>Long<\/strong><\/p>\t\t\t\t\t\t\t\t<\/div>\n\t\t\t\t<\/div>\n\t\t\t\t\t<\/div>\n\t\t<\/div>\n\t\t\t\t<div class=\"elementor-column elementor-col-50 elementor-inner-column elementor-element elementor-element-6aac611\" data-id=\"6aac611\" data-element_type=\"column\" data-e-type=\"column\">\n\t\t\t<div class=\"elementor-widget-wrap elementor-element-populated\">\n\t\t\t\t\t\t<div class=\"elementor-element elementor-element-66cae4d elementor-widget elementor-widget-text-editor\" data-id=\"66cae4d\" data-element_type=\"widget\" data-e-type=\"widget\" data-widget_type=\"text-editor.default\">\n\t\t\t\t<div class=\"elementor-widget-container\">\n\t\t\t\t\t\t\t\t\t<div class=\"descripcion\">\n<div class=\"descripcion\">\n<div class=\"titulo\">\n<div class=\"tbl\">\n<div class=\"valor\">\n<div class=\"tbl\">\n<div class=\"valor\">0,026 cm\u00b3(envase\/d\u00eda)<\/div>\n<\/div>\n<\/div>\n<div>0,457 g\/cm\u00b3 \u00b1 3,5%<\/div>\n<div>\n<div class=\"tbl\">\n<div class=\"valor\">De 15 a 40 kg<\/div>\n<div>\n<div class=\"tbl\">\n<div class=\"valor\">6,6 g \u00b1 0,3 g<\/div>\n<div>\n<div class=\"tbl\">\n<div class=\"valor\">6 meses<\/div>\n<div>\n<div class=\"tbl\">\n<div class=\"valor\">22 mm \u00b1 0,3mm<\/div>\n<div>\n<div class=\"tbl\">\n<div class=\"valor\">38,1 mm \u00b1 0,3 mm<\/div>\n<\/div>\n<\/div>\n<\/div>\n<\/div>\n<\/div>\n<\/div>\n<\/div>\n<\/div>\n<\/div>\n<\/div>\n<\/div>\n<\/div>\n<\/div>\n<\/div>\n\t\t\t\t\t\t\t\t<\/div>\n\t\t\t\t<\/div>\n\t\t\t\t\t<\/div>\n\t\t<\/div>\n\t\t\t\t\t<\/div>\n\t\t<\/section>\n\t\t\t\t\t<\/div>\n\t\t<\/div>\n\t\t\t\t\t<\/div>\n\t\t<\/section>\n\t\t\t\t<section class=\"elementor-section elementor-top-section elementor-element elementor-element-47732f0 elementor-section-boxed elementor-section-height-default elementor-section-height-default\" data-id=\"47732f0\" data-element_type=\"section\" data-e-type=\"section\">\n\t\t\t\t\t\t<div class=\"elementor-container elementor-column-gap-default\">\n\t\t\t\t\t<div class=\"elementor-column elementor-col-100 elementor-top-column elementor-element elementor-element-66a0287\" data-id=\"66a0287\" data-element_type=\"column\" data-e-type=\"column\">\n\t\t\t<div class=\"elementor-widget-wrap elementor-element-populated\">\n\t\t\t\t\t\t<section class=\"elementor-section elementor-inner-section elementor-element elementor-element-a3cd06e elementor-section-boxed elementor-section-height-default elementor-section-height-default\" data-id=\"a3cd06e\" data-element_type=\"section\" data-e-type=\"section\">\n\t\t\t\t\t\t<div class=\"elementor-container elementor-column-gap-default\">\n\t\t\t\t\t<div class=\"elementor-column elementor-col-50 elementor-inner-column elementor-element elementor-element-82d1eb2\" data-id=\"82d1eb2\" data-element_type=\"column\" data-e-type=\"column\">\n\t\t\t<div class=\"elementor-widget-wrap elementor-element-populated\">\n\t\t\t\t\t\t<div class=\"elementor-element elementor-element-13f6386 elementor-align-center elementor-widget elementor-widget-button\" data-id=\"13f6386\" data-element_type=\"widget\" data-e-type=\"widget\" data-widget_type=\"button.default\">\n\t\t\t\t<div class=\"elementor-widget-container\">\n\t\t\t\t\t\t\t\t\t<div class=\"elementor-button-wrapper\">\n\t\t\t\t\t<a class=\"elementor-button elementor-button-link elementor-size-md\" href=\"https:\/\/www.excellentcork.com\/wp-content\/uploads\/2022\/06\/FT-S-38-Terra.pdf\">\n\t\t\t\t\t\t<span class=\"elementor-button-content-wrapper\">\n\t\t\t\t\t\t\t\t\t<span class=\"elementor-button-text\">VOIR FICHE TECHNIQUE<\/span>\n\t\t\t\t\t<\/span>\n\t\t\t\t\t<\/a>\n\t\t\t\t<\/div>\n\t\t\t\t\t\t\t\t<\/div>\n\t\t\t\t<\/div>\n\t\t\t\t\t<\/div>\n\t\t<\/div>\n\t\t\t\t<div class=\"elementor-column elementor-col-50 elementor-inner-column elementor-element elementor-element-f7f650c\" data-id=\"f7f650c\" data-element_type=\"column\" data-e-type=\"column\">\n\t\t\t<div class=\"elementor-widget-wrap elementor-element-populated\">\n\t\t\t\t\t\t<div class=\"elementor-element elementor-element-1bf27bf elementor-align-center elementor-widget elementor-widget-button\" data-id=\"1bf27bf\" data-element_type=\"widget\" data-e-type=\"widget\" data-widget_type=\"button.default\">\n\t\t\t\t<div class=\"elementor-widget-container\">\n\t\t\t\t\t\t\t\t\t<div class=\"elementor-button-wrapper\">\n\t\t\t\t\t<a class=\"elementor-button elementor-button-link elementor-size-md\" href=\"https:\/\/www.excellentcork.com\/contacto\/\">\n\t\t\t\t\t\t<span class=\"elementor-button-content-wrapper\">\n\t\t\t\t\t\t\t\t\t<span class=\"elementor-button-text\">SOLLICITER DES \u00c9CHANTILLONS<\/span>\n\t\t\t\t\t<\/span>\n\t\t\t\t\t<\/a>\n\t\t\t\t<\/div>\n\t\t\t\t\t\t\t\t<\/div>\n\t\t\t\t<\/div>\n\t\t\t\t\t<\/div>\n\t\t<\/div>\n\t\t\t\t\t<\/div>\n\t\t<\/section>\n\t\t\t\t\t<\/div>\n\t\t<\/div>\n\t\t\t\t\t<\/div>\n\t\t<\/section>\n\t\t\t\t<\/div>\n\t\t","protected":false},"excerpt":{"rendered":"<p>Sa haute densit\u00e9, la grande homog\u00e9n\u00e9it\u00e9 obtenue gr\u00e2ce \u00e0 notre syst\u00e8me de fabrication d\u2019injection \u00e0 chambre unique, l\u2019utilisation de mat\u00e9riaux ne transf\u00e9rant aucune odeur et saveur<span class=\"excerpt-hellip\"> [\u2026]<\/span><\/p>\n","protected":false},"featured_media":1780,"template":"","meta":[],"product_brand":[],"product_cat":[63,72,39,51],"product_tag":[],"class_list":{"0":"post-4732","1":"product","2":"type-product","3":"status-publish","4":"has-post-thumbnail","6":"product_cat-bouchons-de-vin","7":"product_cat-tapones-de-vino-sinteticos","8":"product_cat-terra","9":"product_cat-terra-fr","11":"first","12":"instock","13":"shipping-taxable","14":"product-type-simple"},"_links":{"self":[{"href":"https:\/\/www.excellentcork.com\/fr\/wp-json\/wp\/v2\/product\/4732","targetHints":{"allow":["GET"]}}],"collection":[{"href":"https:\/\/www.excellentcork.com\/fr\/wp-json\/wp\/v2\/product"}],"about":[{"href":"https:\/\/www.excellentcork.com\/fr\/wp-json\/wp\/v2\/types\/product"}],"version-history":[{"count":7,"href":"https:\/\/www.excellentcork.com\/fr\/wp-json\/wp\/v2\/product\/4732\/revisions"}],"predecessor-version":[{"id":5330,"href":"https:\/\/www.excellentcork.com\/fr\/wp-json\/wp\/v2\/product\/4732\/revisions\/5330"}],"wp:featuredmedia":[{"embeddable":true,"href":"https:\/\/www.excellentcork.com\/fr\/wp-json\/wp\/v2\/media\/1780"}],"wp:attachment":[{"href":"https:\/\/www.excellentcork.com\/fr\/wp-json\/wp\/v2\/media?parent=4732"}],"wp:term":[{"taxonomy":"product_brand","embeddable":true,"href":"https:\/\/www.excellentcork.com\/fr\/wp-json\/wp\/v2\/product_brand?post=4732"},{"taxonomy":"product_cat","embeddable":true,"href":"https:\/\/www.excellentcork.com\/fr\/wp-json\/wp\/v2\/product_cat?post=4732"},{"taxonomy":"product_tag","embeddable":true,"href":"https:\/\/www.excellentcork.com\/fr\/wp-json\/wp\/v2\/product_tag?post=4732"}],"curies":[{"name":"wp","href":"https:\/\/api.w.org\/{rel}","templated":true}]}}