{"id":4758,"date":"2021-09-17T12:28:59","date_gmt":"2021-09-17T12:28:59","guid":{"rendered":"https:\/\/excellentcork.com\/producto\/impresion-y-colores-mikado\/"},"modified":"2022-11-22T13:19:26","modified_gmt":"2022-11-22T13:19:26","slug":"impression-et-couleurs","status":"publish","type":"product","link":"https:\/\/www.excellentcork.com\/fr\/producto\/impression-et-couleurs\/","title":{"rendered":"Impression et couleurs"},"content":{"rendered":"\t\t<div data-elementor-type=\"product-post\" data-elementor-id=\"4758\" class=\"elementor elementor-4758 elementor-2407\" data-elementor-post-type=\"product\">\n\t\t\t\t\t\t<section class=\"elementor-section elementor-top-section elementor-element elementor-element-d9d74a2 elementor-section-boxed elementor-section-height-default elementor-section-height-default\" data-id=\"d9d74a2\" data-element_type=\"section\" data-e-type=\"section\">\n\t\t\t\t\t\t<div class=\"elementor-container elementor-column-gap-default\">\n\t\t\t\t\t<div class=\"elementor-column elementor-col-100 elementor-top-column elementor-element elementor-element-ceb7a23\" data-id=\"ceb7a23\" data-element_type=\"column\" data-e-type=\"column\">\n\t\t\t<div class=\"elementor-widget-wrap elementor-element-populated\">\n\t\t\t\t\t\t<div class=\"elementor-element elementor-element-f5253fa elementor-widget elementor-widget-text-editor\" data-id=\"f5253fa\" data-element_type=\"widget\" data-e-type=\"widget\" data-widget_type=\"text-editor.default\">\n\t\t\t\t<div class=\"elementor-widget-container\">\n\t\t\t\t\t\t\t\t\t<p>La qualit\u00e9 et la r\u00e9sistance de l&#8217;impression sont un point fort de nos produits depuis le d\u00e9but d&#8217;Excellent Cork, pouvant imprimer le bouchon en deux couleurs.<\/p>\n<p>Nous avons diff\u00e9rents syst\u00e8mes d&#8217;impression pour pouvoir offrir la plus grande garantie en fonction des diff\u00e9rentes compositions de nos bouchons.<\/p>\n\t\t\t\t\t\t\t\t<\/div>\n\t\t\t\t<\/div>\n\t\t\t\t\t<\/div>\n\t\t<\/div>\n\t\t\t\t\t<\/div>\n\t\t<\/section>\n\t\t\t\t<section class=\"elementor-section elementor-top-section elementor-element elementor-element-47732f0 elementor-section-boxed elementor-section-height-default elementor-section-height-default\" data-id=\"47732f0\" data-element_type=\"section\" data-e-type=\"section\">\n\t\t\t\t\t\t<div class=\"elementor-container elementor-column-gap-default\">\n\t\t\t\t\t<div class=\"elementor-column elementor-col-100 elementor-top-column elementor-element elementor-element-66a0287\" data-id=\"66a0287\" data-element_type=\"column\" data-e-type=\"column\">\n\t\t\t<div class=\"elementor-widget-wrap elementor-element-populated\">\n\t\t\t\t\t\t<section class=\"elementor-section elementor-inner-section elementor-element elementor-element-a3cd06e elementor-section-boxed elementor-section-height-default elementor-section-height-default\" data-id=\"a3cd06e\" data-element_type=\"section\" data-e-type=\"section\">\n\t\t\t\t\t\t<div class=\"elementor-container elementor-column-gap-default\">\n\t\t\t\t\t<div class=\"elementor-column elementor-col-50 elementor-inner-column elementor-element elementor-element-82d1eb2\" data-id=\"82d1eb2\" data-element_type=\"column\" data-e-type=\"column\">\n\t\t\t<div class=\"elementor-widget-wrap elementor-element-populated\">\n\t\t\t\t\t\t<div class=\"elementor-element elementor-element-13f6386 elementor-align-center elementor-widget elementor-widget-button\" data-id=\"13f6386\" data-element_type=\"widget\" data-e-type=\"widget\" data-widget_type=\"button.default\">\n\t\t\t\t<div class=\"elementor-widget-container\">\n\t\t\t\t\t\t\t\t\t<div class=\"elementor-button-wrapper\">\n\t\t\t\t\t<a class=\"elementor-button elementor-button-link elementor-size-md\" href=\"#\">\n\t\t\t\t\t\t<span class=\"elementor-button-content-wrapper\">\n\t\t\t\t\t\t\t\t\t<span class=\"elementor-button-text\">VOIR FICHE TECHNIQUE<\/span>\n\t\t\t\t\t<\/span>\n\t\t\t\t\t<\/a>\n\t\t\t\t<\/div>\n\t\t\t\t\t\t\t\t<\/div>\n\t\t\t\t<\/div>\n\t\t\t\t\t<\/div>\n\t\t<\/div>\n\t\t\t\t<div class=\"elementor-column elementor-col-50 elementor-inner-column elementor-element elementor-element-f7f650c\" data-id=\"f7f650c\" data-element_type=\"column\" data-e-type=\"column\">\n\t\t\t<div class=\"elementor-widget-wrap elementor-element-populated\">\n\t\t\t\t\t\t<div class=\"elementor-element elementor-element-1bf27bf elementor-align-center elementor-widget elementor-widget-button\" data-id=\"1bf27bf\" data-element_type=\"widget\" data-e-type=\"widget\" data-widget_type=\"button.default\">\n\t\t\t\t<div class=\"elementor-widget-container\">\n\t\t\t\t\t\t\t\t\t<div class=\"elementor-button-wrapper\">\n\t\t\t\t\t<a class=\"elementor-button elementor-button-link elementor-size-md\" href=\"https:\/\/www.excellentcork.com\/contact\/\">\n\t\t\t\t\t\t<span class=\"elementor-button-content-wrapper\">\n\t\t\t\t\t\t\t\t\t<span class=\"elementor-button-text\">COMMANDER DES \u00c9CHANTILLONS<\/span>\n\t\t\t\t\t<\/span>\n\t\t\t\t\t<\/a>\n\t\t\t\t<\/div>\n\t\t\t\t\t\t\t\t<\/div>\n\t\t\t\t<\/div>\n\t\t\t\t\t<\/div>\n\t\t<\/div>\n\t\t\t\t\t<\/div>\n\t\t<\/section>\n\t\t\t\t\t<\/div>\n\t\t<\/div>\n\t\t\t\t\t<\/div>\n\t\t<\/section>\n\t\t\t\t<\/div>\n\t\t","protected":false},"excerpt":{"rendered":"<p>La qualit\u00e9 et la r\u00e9sistance de l&#8217;impression sont un point fort de nos produits depuis le d\u00e9but d&#8217;Excellent Cork, pouvant imprimer le bouchon en deux couleurs.<span class=\"excerpt-hellip\"> [\u2026]<\/span><\/p>\n","protected":false},"featured_media":1796,"template":"","meta":[],"product_brand":[],"product_cat":[17],"product_tag":[],"class_list":{"0":"post-4758","1":"product","2":"type-product","3":"status-publish","4":"has-post-thumbnail","6":"product_cat-sin-categorizar","8":"first","9":"instock","10":"shipping-taxable","11":"product-type-simple"},"_links":{"self":[{"href":"https:\/\/www.excellentcork.com\/fr\/wp-json\/wp\/v2\/product\/4758","targetHints":{"allow":["GET"]}}],"collection":[{"href":"https:\/\/www.excellentcork.com\/fr\/wp-json\/wp\/v2\/product"}],"about":[{"href":"https:\/\/www.excellentcork.com\/fr\/wp-json\/wp\/v2\/types\/product"}],"version-history":[{"count":2,"href":"https:\/\/www.excellentcork.com\/fr\/wp-json\/wp\/v2\/product\/4758\/revisions"}],"predecessor-version":[{"id":5545,"href":"https:\/\/www.excellentcork.com\/fr\/wp-json\/wp\/v2\/product\/4758\/revisions\/5545"}],"wp:featuredmedia":[{"embeddable":true,"href":"https:\/\/www.excellentcork.com\/fr\/wp-json\/wp\/v2\/media\/1796"}],"wp:attachment":[{"href":"https:\/\/www.excellentcork.com\/fr\/wp-json\/wp\/v2\/media?parent=4758"}],"wp:term":[{"taxonomy":"product_brand","embeddable":true,"href":"https:\/\/www.excellentcork.com\/fr\/wp-json\/wp\/v2\/product_brand?post=4758"},{"taxonomy":"product_cat","embeddable":true,"href":"https:\/\/www.excellentcork.com\/fr\/wp-json\/wp\/v2\/product_cat?post=4758"},{"taxonomy":"product_tag","embeddable":true,"href":"https:\/\/www.excellentcork.com\/fr\/wp-json\/wp\/v2\/product_tag?post=4758"}],"curies":[{"name":"wp","href":"https:\/\/api.w.org\/{rel}","templated":true}]}}