{"id":7921,"date":"2024-05-28T07:14:02","date_gmt":"2024-05-28T07:14:02","guid":{"rendered":"https:\/\/excellentcork.com\/producto\/bouchon-verseur-monobloc-aluminium\/"},"modified":"2024-07-19T08:08:29","modified_gmt":"2024-07-19T08:08:29","slug":"bouchon-verseur-monobloc-aluminium","status":"publish","type":"product","link":"https:\/\/www.excellentcork.com\/fr\/producto\/bouchon-verseur-monobloc-aluminium\/","title":{"rendered":"Bouchon verseur Monobloc &#038; Aluminium"},"content":{"rendered":"\t\t<div data-elementor-type=\"product-post\" data-elementor-id=\"7921\" class=\"elementor elementor-7921 elementor-7710\" data-elementor-post-type=\"product\">\n\t\t\t\t\t\t<section class=\"elementor-section elementor-top-section elementor-element elementor-element-d9d74a2 elementor-section-boxed elementor-section-height-default elementor-section-height-default\" data-id=\"d9d74a2\" data-element_type=\"section\" data-e-type=\"section\">\n\t\t\t\t\t\t<div class=\"elementor-container elementor-column-gap-default\">\n\t\t\t\t\t<div class=\"elementor-column elementor-col-100 elementor-top-column elementor-element elementor-element-ceb7a23\" data-id=\"ceb7a23\" data-element_type=\"column\" data-e-type=\"column\">\n\t\t\t<div class=\"elementor-widget-wrap elementor-element-populated\">\n\t\t\t\t\t\t<div class=\"elementor-element elementor-element-7f22ed0 elementor-widget elementor-widget-heading\" data-id=\"7f22ed0\" data-element_type=\"widget\" data-e-type=\"widget\" data-widget_type=\"heading.default\">\n\t\t\t\t<div class=\"elementor-widget-container\">\n\t\t\t\t\t<h2 class=\"elementor-heading-title elementor-size-default\">Bouchon verseur huile et spiritueux<\/h2>\t\t\t\t<\/div>\n\t\t\t\t<\/div>\n\t\t\t\t<div class=\"elementor-element elementor-element-93e8736 elementor-widget elementor-widget-text-editor\" data-id=\"93e8736\" data-element_type=\"widget\" data-e-type=\"widget\" data-widget_type=\"text-editor.default\">\n\t\t\t\t<div class=\"elementor-widget-container\">\n\t\t\t\t\t\t\t\t\t<p><strong>Dosage pr\u00e9cis et efficace dans chaque bouteille:<\/strong> notre bouchon distributeur assure un dosage pr\u00e9cis et efficace de l&#8217;huile et des spiritueux, garantissant ainsi \u00e0 vos clients de recevoir la quantit\u00e9 exacte dont ils ont besoin.<\/p>\n<p><strong>Technologie avanc\u00e9e et r\u00e9sistante:<\/strong> Fabriqu\u00e9 avec des mat\u00e9riaux de haute qualit\u00e9 et une technologie de pointe, notre bouchon doseur est r\u00e9sistant \u00e0 l&#8217;usure et assure une excellente conservation de l&#8217;huile et des spiritueux.<\/p>\n<p><strong>Versement sans gouttes et sans d\u00e9versements:<\/strong> oubliez les d\u00e9versements et les taches. Notre bouchon distributeur est con\u00e7u pour verser l&#8217;huile et les spiritueux proprement et pr\u00e9cis\u00e9ment, sans gouttes ni d\u00e9versements.<\/p>\n<p><strong>Offrez une qualit\u00e9 maximale \u00e0 vos clients:<\/strong> Avec notre bouchon doseur, vos clients b\u00e9n\u00e9ficieront d&#8217;une qualit\u00e9 maximale tant dans le conditionnement que dans la conservation des huiles et spiritueux.<\/p>\n<p><strong>Avantages:<\/strong><\/p>\n<ul>\n<li>Dosage pr\u00e9cis et efficace<\/li>\n<li>Excellente conservation du produit<\/li>\n<li>Verser sans gouttes ni d\u00e9versements<\/li>\n<li>Qualit\u00e9 maximale dans l&#8217;emballage<\/li>\n<\/ul>\n\t\t\t\t\t\t\t\t<\/div>\n\t\t\t\t<\/div>\n\t\t\t\t<div class=\"elementor-element elementor-element-00027e9 elementor-widget elementor-widget-spacer\" data-id=\"00027e9\" data-element_type=\"widget\" data-e-type=\"widget\" data-widget_type=\"spacer.default\">\n\t\t\t\t<div class=\"elementor-widget-container\">\n\t\t\t\t\t\t\t<div class=\"elementor-spacer\">\n\t\t\t<div class=\"elementor-spacer-inner\"><\/div>\n\t\t<\/div>\n\t\t\t\t\t\t<\/div>\n\t\t\t\t<\/div>\n\t\t\t\t\t<\/div>\n\t\t<\/div>\n\t\t\t\t\t<\/div>\n\t\t<\/section>\n\t\t\t\t<section class=\"elementor-section elementor-top-section elementor-element elementor-element-47732f0 elementor-section-boxed elementor-section-height-default elementor-section-height-default\" data-id=\"47732f0\" data-element_type=\"section\" data-e-type=\"section\">\n\t\t\t\t\t\t<div class=\"elementor-container elementor-column-gap-default\">\n\t\t\t\t\t<div class=\"elementor-column elementor-col-100 elementor-top-column elementor-element elementor-element-66a0287\" data-id=\"66a0287\" data-element_type=\"column\" data-e-type=\"column\">\n\t\t\t<div class=\"elementor-widget-wrap elementor-element-populated\">\n\t\t\t\t\t\t<section class=\"elementor-section elementor-inner-section elementor-element elementor-element-a3cd06e elementor-section-boxed elementor-section-height-default elementor-section-height-default\" data-id=\"a3cd06e\" data-element_type=\"section\" data-e-type=\"section\">\n\t\t\t\t\t\t<div class=\"elementor-container elementor-column-gap-default\">\n\t\t\t\t\t<div class=\"elementor-column elementor-col-100 elementor-inner-column elementor-element elementor-element-82d1eb2\" data-id=\"82d1eb2\" data-element_type=\"column\" data-e-type=\"column\">\n\t\t\t<div class=\"elementor-widget-wrap elementor-element-populated\">\n\t\t\t\t\t\t<div class=\"elementor-element elementor-element-13f6386 elementor-align-center elementor-widget elementor-widget-button\" data-id=\"13f6386\" data-element_type=\"widget\" data-e-type=\"widget\" data-widget_type=\"button.default\">\n\t\t\t\t<div class=\"elementor-widget-container\">\n\t\t\t\t\t\t\t\t\t<div class=\"elementor-button-wrapper\">\n\t\t\t\t\t<a class=\"elementor-button elementor-button-link elementor-size-md\" href=\"https:\/\/www.excellentcork.com\/wp-content\/uploads\/2024\/07\/T-VERSEUR-MONOBLOC.pdf\">\n\t\t\t\t\t\t<span class=\"elementor-button-content-wrapper\">\n\t\t\t\t\t\t\t\t\t<span class=\"elementor-button-text\">VOIR FICHE TECHNIQUE VERSEUR T-MONOBLOC<\/span>\n\t\t\t\t\t<\/span>\n\t\t\t\t\t<\/a>\n\t\t\t\t<\/div>\n\t\t\t\t\t\t\t\t<\/div>\n\t\t\t\t<\/div>\n\t\t\t\t\t<\/div>\n\t\t<\/div>\n\t\t\t\t\t<\/div>\n\t\t<\/section>\n\t\t\t\t\t<\/div>\n\t\t<\/div>\n\t\t\t\t\t<\/div>\n\t\t<\/section>\n\t\t\t\t<section class=\"elementor-section elementor-top-section elementor-element elementor-element-2d667d1 elementor-section-boxed elementor-section-height-default elementor-section-height-default\" data-id=\"2d667d1\" data-element_type=\"section\" data-e-type=\"section\">\n\t\t\t\t\t\t<div class=\"elementor-container elementor-column-gap-default\">\n\t\t\t\t\t<div class=\"elementor-column elementor-col-100 elementor-top-column elementor-element elementor-element-5b3c011\" data-id=\"5b3c011\" data-element_type=\"column\" data-e-type=\"column\">\n\t\t\t<div class=\"elementor-widget-wrap elementor-element-populated\">\n\t\t\t\t\t\t<section class=\"elementor-section elementor-inner-section elementor-element elementor-element-cf01617 elementor-section-boxed elementor-section-height-default elementor-section-height-default\" data-id=\"cf01617\" data-element_type=\"section\" data-e-type=\"section\">\n\t\t\t\t\t\t<div class=\"elementor-container elementor-column-gap-default\">\n\t\t\t\t\t<div class=\"elementor-column elementor-col-100 elementor-inner-column elementor-element elementor-element-28f80ef\" data-id=\"28f80ef\" data-element_type=\"column\" data-e-type=\"column\">\n\t\t\t<div class=\"elementor-widget-wrap elementor-element-populated\">\n\t\t\t\t\t\t<div class=\"elementor-element elementor-element-0b06d23 elementor-align-center elementor-widget elementor-widget-button\" data-id=\"0b06d23\" data-element_type=\"widget\" data-e-type=\"widget\" data-widget_type=\"button.default\">\n\t\t\t\t<div class=\"elementor-widget-container\">\n\t\t\t\t\t\t\t\t\t<div class=\"elementor-button-wrapper\">\n\t\t\t\t\t<a class=\"elementor-button elementor-button-link elementor-size-md\" href=\"https:\/\/www.excellentcork.com\/wp-content\/uploads\/2024\/07\/T-VERSEUR-ALUMINIUM.pdf\">\n\t\t\t\t\t\t<span class=\"elementor-button-content-wrapper\">\n\t\t\t\t\t\t\t\t\t<span class=\"elementor-button-text\">VOIR FICHE TECHNIQUE VERSEUR T-ALUMINIUM<\/span>\n\t\t\t\t\t<\/span>\n\t\t\t\t\t<\/a>\n\t\t\t\t<\/div>\n\t\t\t\t\t\t\t\t<\/div>\n\t\t\t\t<\/div>\n\t\t\t\t\t<\/div>\n\t\t<\/div>\n\t\t\t\t\t<\/div>\n\t\t<\/section>\n\t\t\t\t\t<\/div>\n\t\t<\/div>\n\t\t\t\t\t<\/div>\n\t\t<\/section>\n\t\t\t\t<section class=\"elementor-section elementor-top-section elementor-element elementor-element-f87299a elementor-section-boxed elementor-section-height-default elementor-section-height-default\" data-id=\"f87299a\" data-element_type=\"section\" data-e-type=\"section\">\n\t\t\t\t\t\t<div class=\"elementor-container elementor-column-gap-default\">\n\t\t\t\t\t<div class=\"elementor-column elementor-col-100 elementor-top-column elementor-element elementor-element-e2fb768\" data-id=\"e2fb768\" data-element_type=\"column\" data-e-type=\"column\">\n\t\t\t<div class=\"elementor-widget-wrap elementor-element-populated\">\n\t\t\t\t\t\t<section class=\"elementor-section elementor-inner-section elementor-element elementor-element-d18b479 elementor-section-boxed elementor-section-height-default elementor-section-height-default\" data-id=\"d18b479\" data-element_type=\"section\" data-e-type=\"section\">\n\t\t\t\t\t\t<div class=\"elementor-container elementor-column-gap-default\">\n\t\t\t\t\t<div class=\"elementor-column elementor-col-100 elementor-inner-column elementor-element elementor-element-2f52265\" data-id=\"2f52265\" data-element_type=\"column\" data-e-type=\"column\">\n\t\t\t<div class=\"elementor-widget-wrap elementor-element-populated\">\n\t\t\t\t\t\t<div class=\"elementor-element elementor-element-6e21204 elementor-align-center elementor-widget elementor-widget-button\" data-id=\"6e21204\" data-element_type=\"widget\" data-e-type=\"widget\" data-widget_type=\"button.default\">\n\t\t\t\t<div class=\"elementor-widget-container\">\n\t\t\t\t\t\t\t\t\t<div class=\"elementor-button-wrapper\">\n\t\t\t\t\t<a class=\"elementor-button elementor-button-link elementor-size-md\" href=\"https:\/\/www.excellentcork.com\/fr\/contact\/\">\n\t\t\t\t\t\t<span class=\"elementor-button-content-wrapper\">\n\t\t\t\t\t\t\t\t\t<span class=\"elementor-button-text\">COMMANDER DES \u00c9CHANTILLONS<\/span>\n\t\t\t\t\t<\/span>\n\t\t\t\t\t<\/a>\n\t\t\t\t<\/div>\n\t\t\t\t\t\t\t\t<\/div>\n\t\t\t\t<\/div>\n\t\t\t\t\t<\/div>\n\t\t<\/div>\n\t\t\t\t\t<\/div>\n\t\t<\/section>\n\t\t\t\t\t<\/div>\n\t\t<\/div>\n\t\t\t\t\t<\/div>\n\t\t<\/section>\n\t\t\t\t<\/div>\n\t\t","protected":false},"excerpt":{"rendered":"<p>&nbsp;<\/p>\n<p>&nbsp;<\/p>\n","protected":false},"featured_media":7839,"template":"","meta":[],"product_brand":[],"product_cat":[208,433],"product_tag":[],"class_list":{"0":"post-7921","1":"product","2":"type-product","3":"status-publish","4":"has-post-thumbnail","6":"product_cat-tapones-vertedores","7":"product_cat-tapones-vertedores-fr","9":"first","10":"instock","11":"shipping-taxable","12":"product-type-simple"},"_links":{"self":[{"href":"https:\/\/www.excellentcork.com\/fr\/wp-json\/wp\/v2\/product\/7921","targetHints":{"allow":["GET"]}}],"collection":[{"href":"https:\/\/www.excellentcork.com\/fr\/wp-json\/wp\/v2\/product"}],"about":[{"href":"https:\/\/www.excellentcork.com\/fr\/wp-json\/wp\/v2\/types\/product"}],"version-history":[{"count":4,"href":"https:\/\/www.excellentcork.com\/fr\/wp-json\/wp\/v2\/product\/7921\/revisions"}],"predecessor-version":[{"id":8097,"href":"https:\/\/www.excellentcork.com\/fr\/wp-json\/wp\/v2\/product\/7921\/revisions\/8097"}],"wp:featuredmedia":[{"embeddable":true,"href":"https:\/\/www.excellentcork.com\/fr\/wp-json\/wp\/v2\/media\/7839"}],"wp:attachment":[{"href":"https:\/\/www.excellentcork.com\/fr\/wp-json\/wp\/v2\/media?parent=7921"}],"wp:term":[{"taxonomy":"product_brand","embeddable":true,"href":"https:\/\/www.excellentcork.com\/fr\/wp-json\/wp\/v2\/product_brand?post=7921"},{"taxonomy":"product_cat","embeddable":true,"href":"https:\/\/www.excellentcork.com\/fr\/wp-json\/wp\/v2\/product_cat?post=7921"},{"taxonomy":"product_tag","embeddable":true,"href":"https:\/\/www.excellentcork.com\/fr\/wp-json\/wp\/v2\/product_tag?post=7921"}],"curies":[{"name":"wp","href":"https:\/\/api.w.org\/{rel}","templated":true}]}}